{"id":12026,"date":"2024-06-29T16:01:44","date_gmt":"2024-06-29T09:01:44","guid":{"rendered":"https:\/\/serverhot.vn\/product\/uncategorized\/thiet-bi-mang-switch-cisco-10-port-gigabit-ethernet-poe-managed-cbs350-8fp-e-2g-eu-ma-san-pham-cbs350-8fp-e-2g-eu\/"},"modified":"2024-06-29T16:01:46","modified_gmt":"2024-06-29T09:01:46","slug":"thiet-bi-mang-switch-cisco-10-port-gigabit-ethernet-poe-managed-cbs350-8fp-e-2g-eu-ma-san-pham-cbs350-8fp-e-2g-eu","status":"publish","type":"product","link":"https:\/\/serverhot.vn\/fr\/-product-\/thiet-bi-mang-switch-cisco-10-port-gigabit-ethernet-poe-managed-cbs350-8fp-e-2g-eu-ma-san-pham-cbs350-8fp-e-2g-eu\/","title":{"rendered":"Thi\u1ebft B\u1ecb M\u1ea1ng Switch Cisco 10-port Gigabit Ethernet PoE Managed CBS350-8FP-E-2G-EU M\u00e3 s\u1ea3n ph\u1ea9m: CBS350-8FP-E-2G-EU"},"content":{"rendered":"<div class=\"showText tabs\" id=\"tab2\">\n<div class=\"box_right_pro_view\">\n<div class=\"thongso_pro a_technical\" style=\"max-height: fit-content\">\n<table border=\"1\">\n<tbody>\n<tr>\n<td>Dung l\u01b0\u1ee3ng t\u00ednh b\u1eb1ng H\u00e0ng tri\u1ec7u g\u00f3i m\u1ed7i gi\u00e2y (mpps) (g\u00f3i 64 byte)<\/td>\n<td>14.88<\/td>\n<\/tr>\n<tr>\n<td>C\u00f4ng su\u1ea5t chuy\u1ec3n \u0111\u1ed5i t\u00ednh b\u1eb1ng Gigabit tr\u00ean gi\u00e2y (Gbps)<\/td>\n<td>20.0<\/td>\n<\/tr>\n<tr>\n<td>Chuy\u1ec3n m\u1ea1ch l\u1edbp 2<\/td>\n<td>\n<p>Giao th\u1ee9c Spanning Tree<br \/>Nh\u00f3m c\u1ed5ng \/ t\u1ed5ng h\u1ee3p li\u00ean k\u1ebft<br \/>&#8211; L\u00ean \u0111\u1ebfn 8 nh\u00f3m<br \/>&#8211; L\u00ean \u0111\u1ebfn 8 c\u1ed5ng cho m\u1ed7i nh\u00f3m v\u1edbi 16 c\u1ed5ng \u1ee9ng c\u1eed vi\u00ean cho m\u1ed7i VLAN t\u1ed5ng h\u1ee3p li\u00ean k\u1ebft 802.3ad (\u0111\u1ed9ng)<br \/>-H\u1ed7 tr\u1ee3 cho t\u1edbi 4.094 VLAN \u0111\u1ed3ng th\u1eddi<br \/>-D\u1ef1a tr\u00ean\u00a0c\u1ed5ng\u00a0v\u00e0 802.1Q c\u00e1c VLAN d\u1ef1a tr\u00ean th\u1ebb;\u00a0VLAN d\u1ef1a tr\u00ean MAC;\u00a0VLAN d\u1ef1a tr\u00ean giao th\u1ee9c;\u00a0VLAN d\u1ef1a tr\u00ean m\u1ea1ng con IP<br \/>-Qu\u1ea3n l\u00fd\u00a0VLAN\u00a0-Qu\u1ea3n l\u00fd VLAN<br \/>ri\u00eang t\u01b0 v\u1edbi c\u1ed5ng c\u1ed9ng \u0111\u1ed3ng, ri\u00eang bi\u1ec7t v\u00e0<br \/>ri\u00eang t\u01b0 -Private VLAN Edge (PVE), c\u00f2n \u0111\u01b0\u1ee3c g\u1ecdi l\u00e0 c\u1ed5ng \u0111\u01b0\u1ee3c b\u1ea3o v\u1ec7, v\u1edbi nhi\u1ec1u li\u00ean k\u1ebft l\u00ean<br \/>-Guest VLAN, VLAN ch\u01b0a \u0111\u01b0\u1ee3c x\u00e1c th\u1ef1c<br \/>-Ph\u00e2n c\u00f4ng VLAN \u0111\u1ed9ng th\u00f4ng qua m\u00e1y ch\u1ee7 RADIUS c\u00f9ng v\u1edbi x\u00e1c th\u1ef1c m\u00e1y kh\u00e1ch 802.1x<br \/>-CPE VLAN<br \/>Voice\u00a0VLAN Multiticast<br \/>TV VLAN<br \/>D\u1ecbch VLAN<br \/>Q-in-Q<br \/>Ch\u1ecdn l\u1ecdc Q-in-Q<br \/>Giao th\u1ee9c \u0111\u0103ng k\u00fd VLAN chung (GVRP) \/ Giao th\u1ee9c \u0111\u0103ng k\u00fd thu\u1ed9c t\u00ednh chung (GARP)<br \/>Ph\u00e1t hi\u1ec7n li\u00ean k\u1ebft m\u1ed9t chi\u1ec1u (UDLD)<br \/>Giao th\u1ee9c c\u1ea5u h\u00ecnh m\u00e1y ch\u1ee7 \u0111\u1ed9ng (DHCP) Chuy\u1ec3n ti\u1ebfp t\u1ea1i<br \/>Giao th\u1ee9c qu\u1ea3n l\u00fd nh\u00f3m Internet\u00a0l\u1edbp 2\u00a0( IGMP) phi\u00ean b\u1ea3n 1, 2 v\u00e0 3 theo d\u00f5i<br \/>IGMP Querier<br \/>Head-of-Line (HOL) ch\u1eb7n<br \/>Loopback DetectioN<\/p>\n<\/td>\n<\/tr>\n<tr>\n<td>L\u1edbp 3<\/td>\n<td>\n<p>\u0110\u1ecbnh tuy\u1ebfn IPv4 &#8211; \u0110\u1ecbnh tuy\u1ebfn<br \/>t\u1ed1c \u0111\u1ed9 g\u00f3i tin IPv4 -L\u00ean<br \/>t\u1edbi 990 tuy\u1ebfn t\u0129nh v\u00e0 l\u00ean \u0111\u1ebfn 128 giao di\u1ec7n IP<br \/>\u0110\u1ecbnh tuy\u1ebfn IPv6\u00a0Giao di\u1ec7n<br \/>l\u1edbp 3<br \/>-C\u1ea5u h\u00ecnh\u00a0giao di\u1ec7n\u00a0l\u1edbp 3 tr\u00ean c\u1ed5ng v\u1eadt l\u00fd, Li\u00ean k\u1ebft t\u1ed5ng h\u1ee3p (LAG), giao di\u1ec7n VLAN ho\u1eb7c giao di\u1ec7n<br \/>l\u1eb7p l\u1ea1i \u0110\u1ecbnh tuy\u1ebfn li\u00ean mi\u1ec1n kh\u00f4ng l\u1edbp (CIDR)<br \/>\u0110\u1ecbnh tuy\u1ebfn d\u1ef1a tr\u00ean ch\u00ednh s\u00e1ch (PBR)<br \/>DHCP Server<br \/>DHCP relay t\u1ea1i chuy\u1ec3n ti\u1ebfp<br \/>Giao th\u1ee9c d\u1eef li\u1ec7u ng\u01b0\u1eddi d\u00f9ng\u00a0l\u1edbp 3\u00a0(UDP)<\/p>\n<\/td>\n<\/tr>\n<tr>\n<td>B\u1ea3o v\u1ec7<\/td>\n<td>\n<p>Secure Shell (SSH) Protocol<br \/>Secure Sockets Layer (SSL)<br \/>IEEE 802.1X (Authenticator role) X\u00e1c th\u1ef1c<br \/>d\u1ef1a tr\u00ean web<br \/>\u0110\u01a1n v\u1ecb d\u1eef li\u1ec7u giao th\u1ee9c c\u1ea7u STP (BPDU) B\u1ea3o v\u1ec7<br \/>STP Root Guard B\u1ea3o v\u1ec7<br \/>v\u00f2ng l\u1eb7p STP<br \/>DHCP snooping<br \/>IP Source Guard (IPSG)<br \/>Ki\u1ec3m tra ARP \u0111\u1ed9ng ( DAI)<br \/>IP \/ MAC \/ C\u1ea3ng Binding (IPMB)<br \/>b\u1ea3o v\u1ec7 Core Technology (SCT)<br \/>b\u1ea3o m\u1eadt nh\u1ea1y c\u1ea3m d\u1eef li\u1ec7u (SSD)<br \/>h\u1ec7 th\u1ed1ng \u0111\u00e1ng tin c\u1eady<br \/>VLAN Private<br \/>layer 2 ly Private VLAN Edge (PVE) v\u1edbi c\u1ed9ng \u0111\u1ed3ng VLAN<br \/>C\u1ea3ng an ninh<br \/>RADIUS \/ TACACS +<br \/>RADIUS chi\u1ebfm<br \/>b\u00e3o ki\u1ec3m so\u00e1t<br \/>ph\u00f2ng ch\u1ed1ng DoS<br \/>Nhi\u1ec1u c\u1ea5p \u0111\u1ed9 \u0111\u1eb7c quy\u1ec1n c\u1ee7a ng\u01b0\u1eddi d\u00f9ng trong CLI<br \/>ACL H\u1ed7 tr\u1ee3 l\u00ean \u0111\u1ebfn 1.024 quy t\u1eafc<\/p>\n<\/td>\n<\/tr>\n<tr>\n<td>Ban qu\u1ea3n l\u00fd<\/td>\n<td>\n<p>Giao di\u1ec7n ng\u01b0\u1eddi d\u00f9ng web<br \/>SNMP<br \/>Gi\u00e1m s\u00e1t t\u1eeb xa (RMON)<br \/>IPv4 v\u00e0 IPv6 ng\u0103n x\u1ebfp k\u00e9p<br \/>N\u00e2ng c\u1ea5p ch\u01b0\u01a1ng tr\u00ecnh c\u01a1 s\u1edf<br \/>Ph\u1ea3n chi\u1ebfu c\u1ed5ng ph\u1ea3n chi\u1ebfu<br \/>VLAN ph\u1ea3n chi\u1ebfu<br \/>DHCP (t\u00f9y ch\u1ecdn 12, 66, 67, 82, 129 v\u00e0 150<br \/>)<br \/>T\u1ef1 \u0111\u1ed9ng \u0111\u1ecbnh c\u1ea5u h\u00ecnh sao ch\u00e9p an to\u00e0n (SCP) v\u1edbi t\u1ea3i xu\u1ed1ng t\u1ec7p B\u1ea3n sao b\u1ea3o m\u1eadt (SCP)<br \/>T\u1ec7p c\u1ea5u h\u00ecnh c\u00f3 th\u1ec3 ch\u1ec9nh s\u1eeda v\u0103n b\u1ea3n<br \/>Smartports<br \/>Auto Smartports<br \/>Textview CLI<br \/>D\u1ecbch v\u1ee5 \u0111\u00e1m m\u00e2y<br \/>Nh\u00fang \u0111\u1ea7u d\u00f2 cho Cisco Business Dashboard T\u00e1c nh\u00e2n<br \/>m\u1ea1ng Cisco Plug and Play (PnP) B\u1ea3n<br \/>\u0111\u1ecba h\u00f3a<br \/>Bi\u1ec3u ng\u1eef \u0111\u0103ng nh\u1eadp<br \/>Qu\u1ea3n l\u00fd kh\u00e1c<\/p>\n<\/td>\n<\/tr>\n<tr>\n<td colspan=\"2\">C\u1ea5p ngu\u1ed3n qua Ethernet (PoE)<\/td>\n<\/tr>\n<tr>\n<td>Ngu\u1ed3n d\u00e0nh ri\u00eang cho PoE<\/td>\n<td>120W<\/td>\n<\/tr>\n<tr>\n<td>S\u1ed1 c\u1ed5ng h\u1ed7 tr\u1ee3 PoE<\/td>\n<td>8<\/td>\n<\/tr>\n<tr>\n<td colspan=\"2\">S\u1ef1 ti\u00eau th\u1ee5 n\u0103ng l\u01b0\u1ee3ng<\/td>\n<\/tr>\n<tr>\n<td>M\u1ee9c ti\u00eau th\u1ee5 \u0111i\u1ec7n n\u0103ng c\u1ee7a h\u1ec7 th\u1ed1ng<\/td>\n<td>110V = 17,07W<br \/>220V = 16,68W<\/td>\n<\/tr>\n<tr>\n<td>M\u1ee9c ti\u00eau th\u1ee5 ngu\u1ed3n (v\u1edbi PoE)<\/td>\n<td>110V = 148,12W<br \/>220V = 146,36W<\/td>\n<\/tr>\n<tr>\n<td>T\u1ea3n nhi\u1ec7t (BTU \/ gi\u1edd)<\/td>\n<td>503.22<\/td>\n<\/tr>\n<tr>\n<td colspan=\"2\">Mat\u00e9riel<\/td>\n<\/tr>\n<tr>\n<td>T\u1ed5ng s\u1ed1 c\u1ed5ng h\u1ec7 th\u1ed1ng<\/td>\n<td>10 Gigabit Ethernet<\/td>\n<\/tr>\n<tr>\n<td>C\u1ed5ng RJ-45<\/td>\n<td>8 Gigabit Ethernet<\/td>\n<\/tr>\n<tr>\n<td>C\u1ed5ng k\u1ebft h\u1ee3p (RJ 45 + H\u1ec7 s\u1ed1 d\u1ea1ng nh\u1ecf c\u00f3 th\u1ec3 c\u1eafm \u0111\u01b0\u1ee3c [SFP])<\/td>\n<td>K\u1ebft h\u1ee3p 2 Gigabit Ethernet<\/td>\n<\/tr>\n<tr>\n<td>C\u1ed5ng \u0111i\u1ec1u khi\u1ec3n<\/td>\n<td>C\u1ed5ng b\u1ea3ng \u0111i\u1ec1u khi\u1ec3n mini USB Type-B \/ RJ45 Chu\u1ea9n c\u1ee7a Cisco<\/td>\n<\/tr>\n<tr>\n<td>Khe usb<\/td>\n<td>Khe c\u1eafm USB Lo\u1ea1i A tr\u00ean b\u1ea3ng \u0111i\u1ec1u khi\u1ec3n ph\u00eda tr\u01b0\u1edbc c\u1ee7a c\u00f4ng t\u1eafc \u0111\u1ec3 qu\u1ea3n l\u00fd t\u1ec7p v\u00e0 h\u00ecnh \u1ea3nh d\u1ec5 d\u00e0ng<\/td>\n<\/tr>\n<tr>\n<td>n\u00fat<\/td>\n<td>N\u00fat reset<\/td>\n<\/tr>\n<tr>\n<td>Lo\u1ea1i c\u00e1p<\/td>\n<td>C\u1eb7p xo\u1eafn kh\u00f4ng \u0111\u01b0\u1ee3c che ch\u1eafn (UTP) Lo\u1ea1i 5e tr\u1edf l\u00ean cho 1000BASE-T<\/td>\n<\/tr>\n<tr>\n<td>\u0110\u00e8n LED<\/td>\n<td>H\u1ec7 th\u1ed1ng, Li\u00ean k\u1ebft \/ H\u00e0nh \u0111\u1ed9ng, PoE, T\u1ed1c \u0111\u1ed9<\/td>\n<\/tr>\n<tr>\n<td>T\u1ed1c bi\u1ebfn<\/td>\n<td>256 MB<\/td>\n<\/tr>\n<tr>\n<td>CPU<\/td>\n<td>800 MHz ARM<\/td>\n<\/tr>\n<tr>\n<td>B\u1ed9 \u0111\u1ec7m g\u00f3i<\/td>\n<td>1,5 MB<\/td>\n<\/tr>\n<tr>\n<td colspan=\"2\">Thu\u1ed9c v\u1ec1 m\u00f4i tr\u01b0\u1eddng<\/td>\n<\/tr>\n<tr>\n<td>K\u00edch th\u01b0\u1edbc \u0111\u01a1n v\u1ecb (W x H x D)<\/td>\n<td>268 x 185 x 44 mm (10,56 x 7,28 x 1,73 in)<\/td>\n<\/tr>\n<tr>\n<td>Tr\u1ecdng l\u01b0\u1ee3ng \u0111\u01a1n v\u1ecb<\/td>\n<td>3,5 kg (7,72 lb)<\/td>\n<\/tr>\n<tr>\n<td>Quy\u1ec1n l\u1ef1c<\/td>\n<td>100-240V 50-60 Hz, b\u00ean ngo\u00e0i<\/td>\n<\/tr>\n<tr>\n<td>Ch\u1ee9ng nh\u1eadn<\/td>\n<td>23 \u00b0 \u0111\u1ebfn 122 \u00b0 F (-5 \u00b0 \u0111\u1ebfn 50 \u00b0 C)<\/td>\n<\/tr>\n<tr>\n<td>Nhi\u1ec7t \u0111\u1ed9 b\u1ea3o qu\u1ea3n<\/td>\n<td>-13 \u00b0 \u0111\u1ebfn 158 \u00b0 F (-25 \u00b0 \u0111\u1ebfn 70 \u00b0 C)<\/td>\n<\/tr>\n<tr>\n<td>\u0110\u1ed9 \u1ea9m ho\u1ea1t \u0111\u1ed9ng<\/td>\n<td>10% \u0111\u1ebfn 90%, t\u01b0\u01a1ng \u0111\u1ed1i, kh\u00f4ng ng\u01b0ng t\u1ee5<\/td>\n<\/tr>\n<tr>\n<td>\u0110\u1ed9 \u1ea9m b\u1ea3o qu\u1ea3n<\/td>\n<td>10% \u0111\u1ebfn 90%, t\u01b0\u01a1ng \u0111\u1ed1i, kh\u00f4ng ng\u01b0ng t\u1ee5<\/td>\n<\/tr>\n<\/tbody>\n<\/table><\/div>\n<p>                            <!--                            <\/p>\n<div class=\"xemthem_id_r\">--><br \/>\n                            <!--                                <a><!--\/show\/?token=--><br \/>\n                            <!--\"--><br \/>\n                            <!--                                   class=\"preview fancybox fancybox.ajax\" rel=\"nofollow\"&gt;Xem th&#234;m th&#244;ng s&#7889; k&#7929; thu&#7853;t<\/a>--><br \/>\n                            <!--                            <\/div>\n<p>-->\n                        <\/p><\/div>\n<\/p><\/div>","protected":false},"excerpt":{"rendered":"<ul>\n<ul>\n<li>B\u1ed9 chuy\u1ec3n m\u1ea1ch 10 c\u1ed5ng Gigabit Ethernet PoE \u0111\u01b0\u1ee3c qu\u1ea3n l\u00fd CISCO CBS350-8FP-E-2G-EU<\/li>\n<li>H\u1ed7 tr\u1ee3 8 c\u1ed5ng Gigabit PoE + v\u1edbi ng\u00e2n s\u00e1ch c\u00f4ng su\u1ea5t 120W v\u00e0 2 c\u1ed5ng k\u1ebft h\u1ee3p Gigabit \u0111\u1ed3ng \/ SFP.<\/li>\n<li>Dung l\u01b0\u1ee3ng chuy\u1ec3n m\u1ea1ch: 20Gbps.<\/li>\n<li>Khung jumbo: K\u00edch th\u01b0\u1edbc khung l\u00ean \u0111\u1ebfn 9K byte. MTU m\u1eb7c \u0111\u1ecbnh l\u00e0 2K byte.<\/li>\n<li>B\u1ea3ng MAC: 16K \u0111\u1ecba ch\u1ec9.<\/li>\n<li>Lo\u1ea1i c\u00e1p: C\u1eb7p xo\u1eafn kh\u00f4ng \u0111\u01b0\u1ee3c che ch\u1eafn (UTP) Lo\u1ea1i 5e ho\u1eb7c t\u1ed1t h\u01a1n cho 1000BASE-T.<\/li>\n<li>Flash: 256MB.<\/li>\n<li>CPU: 800MHz ARM.<\/li>\n<li>DRAM: 512MB.<\/li>\n<\/ul>\n<\/ul>","protected":false},"featured_media":12027,"comment_status":"closed","ping_status":"closed","template":"","meta":[],"pwb-brand":[],"product_cat":[2893],"product_tag":[2850,2847,25,2849],"class_list":{"0":"post-12026","1":"product","2":"type-product","3":"status-publish","4":"has-post-thumbnail","6":"product_cat-cisco","7":"product_tag-cbs350","8":"product_tag-cisco","9":"product_tag-man","10":"product_tag-switch","12":"first","13":"instock","14":"shipping-taxable","15":"product-type-simple"},"brands":[],"_links":{"self":[{"href":"https:\/\/serverhot.vn\/fr\/wp-json\/wp\/v2\/product\/12026","targetHints":{"allow":["GET"]}}],"collection":[{"href":"https:\/\/serverhot.vn\/fr\/wp-json\/wp\/v2\/product"}],"about":[{"href":"https:\/\/serverhot.vn\/fr\/wp-json\/wp\/v2\/types\/product"}],"replies":[{"embeddable":true,"href":"https:\/\/serverhot.vn\/fr\/wp-json\/wp\/v2\/comments?post=12026"}],"wp:featuredmedia":[{"embeddable":true,"href":"https:\/\/serverhot.vn\/fr\/wp-json\/wp\/v2\/media\/12027"}],"wp:attachment":[{"href":"https:\/\/serverhot.vn\/fr\/wp-json\/wp\/v2\/media?parent=12026"}],"wp:term":[{"taxonomy":"pwb-brand","embeddable":true,"href":"https:\/\/serverhot.vn\/fr\/wp-json\/wp\/v2\/pwb-brand?post=12026"},{"taxonomy":"product_cat","embeddable":true,"href":"https:\/\/serverhot.vn\/fr\/wp-json\/wp\/v2\/product_cat?post=12026"},{"taxonomy":"product_tag","embeddable":true,"href":"https:\/\/serverhot.vn\/fr\/wp-json\/wp\/v2\/product_tag?post=12026"}],"curies":[{"name":"wp","href":"https:\/\/api.w.org\/{rel}","templated":true}]}}