{"id":12060,"date":"2024-06-29T16:10:47","date_gmt":"2024-06-29T09:10:47","guid":{"rendered":"https:\/\/serverhot.vn\/product\/uncategorized\/microsoft-office-365-e3-ma-san-pham-ms-o365-e3\/"},"modified":"2024-06-29T16:10:52","modified_gmt":"2024-06-29T09:10:52","slug":"microsoft-office-365-e3-ma-san-pham-ms-o365-e3","status":"publish","type":"product","link":"https:\/\/serverhot.vn\/fr\/-product-\/microsoft-office-365-e3-ma-san-pham-ms-o365-e3\/","title":{"rendered":"Microsoft Office 365 E3 M\u00e3 s\u1ea3n ph\u1ea9m: MS-O365-E3"},"content":{"rendered":"<div class=\"showText tabs\" id=\"tab2\">\n<div class=\"box_right_pro_view\">\n<div class=\"thongso_pro a_technical\" style=\"max-height: fit-content\">\n<p>\u00a0<\/p>\n<table dir=\"ltr\" border=\"1\" cellspacing=\"0\" cellpadding=\"0\" data-sheets-root=\"1\">\n<colgroup>\n<col width=\"498\">\n<col width=\"780\"><\/colgroup>\n<tbody>\n<tr>\n<td colspan=\"2\" rowspan=\"1\" data-sheets-value=\"{\">Microsoft 365 E3<\/td>\n<\/tr>\n<tr>\n<td colspan=\"1\" rowspan=\"28\" data-sheets-value=\"{\">\n<div>Bao g\u1ed3m c\u00e1c \u1ee9ng d\u1ee5ng v\u00e0 d\u1ecbch v\u1ee5<\/div>\n<\/td>\n<td data-sheets-value=\"{\">Word<\/td>\n<\/tr>\n<tr>\n<td data-sheets-value=\"{\">Excel<\/td>\n<\/tr>\n<tr>\n<td data-sheets-value=\"{\">PowerPoint<\/td>\n<\/tr>\n<tr>\n<td data-sheets-value=\"{\">Windows<\/td>\n<\/tr>\n<tr>\n<td data-sheets-value=\"{\">Microsoft Teams<\/td>\n<\/tr>\n<tr>\n<td data-sheets-value=\"{\">Outlook<\/td>\n<\/tr>\n<tr>\n<td data-sheets-value=\"{\">Exchange<\/td>\n<\/tr>\n<tr>\n<td data-sheets-value=\"{\">SharePoint<\/td>\n<\/tr>\n<tr>\n<td data-sheets-value=\"{\">OneNote<\/td>\n<\/tr>\n<tr>\n<td data-sheets-value=\"{\">OneDrive<\/td>\n<\/tr>\n<tr>\n<td data-sheets-value=\"{\">Microsoft Stream<\/td>\n<\/tr>\n<tr>\n<td data-sheets-value=\"{\">Microsoft Bookings<\/td>\n<\/tr>\n<tr>\n<td data-sheets-value=\"{\">Microsoft Publisher (Ch\u1ec9 d\u00e0nh cho PC)<\/td>\n<\/tr>\n<tr>\n<td data-sheets-value=\"{\">Microsoft Access (Ch\u1ec9 d\u00e0nh cho PC)<\/td>\n<\/tr>\n<tr>\n<td data-sheets-value=\"{\">Viva Connections<\/td>\n<\/tr>\n<tr>\n<td data-sheets-value=\"{\">Viva Engage<\/td>\n<\/tr>\n<tr>\n<td data-sheets-value=\"{\">Viva Insights<\/td>\n<\/tr>\n<tr>\n<td data-sheets-value=\"{\">Danh s\u00e1ch Microsoft<\/td>\n<\/tr>\n<tr>\n<td data-sheets-value=\"{\">Microsoft Forms<\/td>\n<\/tr>\n<tr>\n<td data-sheets-value=\"{\">Sway<\/td>\n<\/tr>\n<tr>\n<td data-sheets-value=\"{\">Visio<\/td>\n<\/tr>\n<tr>\n<td data-sheets-value=\"{\">Power Apps<\/td>\n<\/tr>\n<tr>\n<td data-sheets-value=\"{\">Power Automate<\/td>\n<\/tr>\n<tr>\n<td data-sheets-value=\"{\">Power Virtual Agents<\/td>\n<\/tr>\n<tr>\n<td data-sheets-value=\"{\">Microsoft Planner<\/td>\n<\/tr>\n<tr>\n<td data-sheets-value=\"{\">Microsoft To Do<\/td>\n<\/tr>\n<tr>\n<td data-sheets-value=\"{\">Microsoft Loop<\/td>\n<\/tr>\n<tr>\n<td data-sheets-value=\"{\">Clipchamp<\/td>\n<\/tr>\n<tr>\n<td colspan=\"2\" rowspan=\"1\" data-sheets-value=\"{\">Xem th\u00eam t\u1ea1i : https:\/\/go.microsoft.com\/fwlink\/?linkid=2139145&amp;clcid=0x42a&amp;culture=vi-vn&amp;country=vn<\/td>\n<\/tr>\n<\/tbody>\n<\/table><\/div>\n<p>                            <!--                            <\/p>\n<div class=\"xemthem_id_r\">--><br \/>\n                            <!--                                <a><!--\/show\/?token=--><br \/>\n                            <!--\"--><br \/>\n                            <!--                                   class=\"preview fancybox fancybox.ajax\" rel=\"nofollow\"&gt;Xem th&#234;m th&#244;ng s&#7889; k&#7929; thu&#7853;t<\/a>--><br \/>\n                            <!--                            <\/div>\n<p>-->\n                        <\/p><\/div>\n<\/p><\/div>","protected":false},"excerpt":{"rendered":"<ul>\n<p>\u1ee8ng d\u1ee5ng Microsoft 365 d\u00e0nh cho m\u00e1y t\u00ednh v\u00e0 thi\u1ebft b\u1ecb di \u0111\u1ed9ng<\/p>\n<p>\u00a0<\/p>\n<ul>\n<li>Windows d\u00e0nh cho doanh nghi\u1ec7p<\/li>\n<li>Tr\u00f2 chuy\u1ec7n, h\u1ecdp v\u00e0 chia s\u1ebb t\u1ec7p trong kh\u00f4ng gian l\u00e0m vi\u1ec7c chung\u00a0<\/li>\n<li>1 TB dung l\u01b0\u1ee3ng l\u01b0u tr\u1eef tr\u00ean \u0111\u00e1m m\u00e2y<\/li>\n<li>C\u00e1c ch\u1ee9c n\u0103ng qu\u1ea3n l\u00fd danh t\u00ednh v\u00e0 b\u1ea3o m\u1eadt c\u1ed1t l\u00f5i<\/li>\n<\/ul>\n<\/ul>","protected":false},"featured_media":12061,"comment_status":"closed","ping_status":"closed","template":"","meta":[],"pwb-brand":[],"product_cat":[2917],"product_tag":[],"class_list":{"0":"post-12060","1":"product","2":"type-product","3":"status-publish","4":"has-post-thumbnail","6":"product_cat-microsoft","8":"first","9":"instock","10":"shipping-taxable","11":"product-type-simple"},"brands":[],"_links":{"self":[{"href":"https:\/\/serverhot.vn\/fr\/wp-json\/wp\/v2\/product\/12060","targetHints":{"allow":["GET"]}}],"collection":[{"href":"https:\/\/serverhot.vn\/fr\/wp-json\/wp\/v2\/product"}],"about":[{"href":"https:\/\/serverhot.vn\/fr\/wp-json\/wp\/v2\/types\/product"}],"replies":[{"embeddable":true,"href":"https:\/\/serverhot.vn\/fr\/wp-json\/wp\/v2\/comments?post=12060"}],"wp:featuredmedia":[{"embeddable":true,"href":"https:\/\/serverhot.vn\/fr\/wp-json\/wp\/v2\/media\/12061"}],"wp:attachment":[{"href":"https:\/\/serverhot.vn\/fr\/wp-json\/wp\/v2\/media?parent=12060"}],"wp:term":[{"taxonomy":"pwb-brand","embeddable":true,"href":"https:\/\/serverhot.vn\/fr\/wp-json\/wp\/v2\/pwb-brand?post=12060"},{"taxonomy":"product_cat","embeddable":true,"href":"https:\/\/serverhot.vn\/fr\/wp-json\/wp\/v2\/product_cat?post=12060"},{"taxonomy":"product_tag","embeddable":true,"href":"https:\/\/serverhot.vn\/fr\/wp-json\/wp\/v2\/product_tag?post=12060"}],"curies":[{"name":"wp","href":"https:\/\/api.w.org\/{rel}","templated":true}]}}