{"id":12080,"date":"2024-06-29T16:13:03","date_gmt":"2024-06-29T09:13:03","guid":{"rendered":"https:\/\/serverhot.vn\/product\/uncategorized\/8-port-10-100mbps-poe-switch-planet-fgsd-1008hps-ma-san-pham-fgsd-1008hps\/"},"modified":"2024-06-29T16:13:04","modified_gmt":"2024-06-29T09:13:04","slug":"8-port-10-100mbps-poe-switch-planet-fgsd-1008hps-ma-san-pham-fgsd-1008hps","status":"publish","type":"product","link":"https:\/\/serverhot.vn\/fr\/-product-\/8-port-10-100mbps-poe-switch-planet-fgsd-1008hps-ma-san-pham-fgsd-1008hps\/","title":{"rendered":"8-port 10\/100Mbps PoE Switch PLANET FGSD-1008HPS M\u00e3 s\u1ea3n ph\u1ea9m: FGSD-1008HPS"},"content":{"rendered":"<div class=\"showText tabs\" id=\"tab2\">\n                                    <\/div>","protected":false},"excerpt":{"rendered":"<ul>\n<p><strong>8-port 10\/100Mbps PoE Switch PLANET FGSD-1008HPS<\/strong><br \/><span>H\u1ed7 tr\u1ee3 8 c\u1ed5ng 10\/100Mbps Base-T v\u1edbi t\u00ednh n\u0103ng c\u1ea5p ngu\u1ed3n PoE IEEE 802.3at\/af.<\/span><br \/><span>H\u1ed7 tr\u1ee3 2 c\u1ed5ng 10\/100\/1000 Base-T.<\/span><br \/><span>H\u1ed7 tr\u1ee3 2 khe c\u1eafm mini gigabit 1000 Base-X.<\/span><br \/><span>H\u1ed7 tr\u1ee3 ph\u00edm reset cho ph\u00e9p thi\u1ebft l\u1eadp l\u1ea1i c\u1ea5u h\u00ecnh m\u1eb7c \u0111\u1ecbnh.<\/span><br \/><span>T\u00ednh n\u0103ng PoE<\/span><br \/><span>-T\u01b0\u01a1ng th\u00edch v\u1edbi chu\u1ea9n IEEE 802.3at v\u1edbi m\u1ee9c n\u0103ng l\u01b0\u1ee3ng cao PSE.<\/span><br \/><span>-T\u01b0\u01a1ng th\u00edch v\u1edbi chu\u1ea9n IEEE 802.3af\u00a0 PSE.<\/span><br \/><span>-H\u1ed7 tr\u1ee3 8 c\u1ed5ng c\u1ea5p ngu\u1ed3n PoE IEEE 802.3af\/at cho c\u00e1c thi\u1ebft b\u1ecb nh\u1eadn ngu\u1ed3n PoE.<\/span><br \/><span>-H\u1ed7 tr\u1ee3 t\u1ed5ng c\u00f4ng su\u1ea5t 125W.<\/span><br \/><span>-H\u1ed7 tr\u1ee3 c\u00f4ng su\u1ea5t ngu\u1ed3n PoE t\u1edbi 30.8W tr\u00ean m\u1ed7i c\u1ed5ng PoE.<\/span><br \/><span>-H\u1ed7 tr\u1ee3 t\u1ef1 \u0111\u1ed9ng ph\u00e1t hi\u1ec7n thi\u1ebft b\u1ecb nh\u1eadn ngu\u1ed3n PoE.<\/span><br \/><span>-H\u1ed7 tr\u1ee3 ng\u0103n ch\u1eb7n m\u1ea1ch v\u00f2ng tr\u00e1nh nhi\u1ec5u ngu\u1ed3n gi\u1eefa c\u00e1c c\u1ed5ng.<\/span><br \/><span>-H\u1ed7 tr\u1ee3 \u0111i\u1ec1u khi\u1ec3n t\u1eeb xa \u0111\u1ebfn 100 m\u00e9t.<\/span><br \/><span>H\u1ed7 tr\u1ee3 c\u00e1c t\u00ednh n\u0103ng qu\u1ea3n l\u00fd PoE<\/span><br \/><span>-L\u1eadp l\u1ecbch PoE.<\/span><br \/><span>-H\u1ed7 tr\u1ee3 t\u1eaft b\u1eadt ch\u1ee9c n\u0103ng PoE.<\/span><br \/><span>-H\u1ed7 tr\u1ee3 gi\u1edbi h\u1ea1n ngu\u1ed3n PoE.<\/span><br \/><span>-H\u1ed7 tr\u1ee3 ph\u00e2n lo\u1ea1i ngu\u1ed3n.<\/span><br \/><span>-H\u1ed7 tr\u1ee3 c\u1ea5p ngu\u1ed3n PoE li\u00ean t\u1ee5c.<\/span><br \/><span>H\u1ed7 tr\u1ee3 \u0111\u1eb7c t\u00ednh l\u1edbp 2<\/span><br \/><span>H\u1ed7 tr\u1ee3 ng\u0103n ch\u1eb7n m\u1ea5t g\u00f3i v\u1edbi \u00e1p l\u1ef1c ng\u01b0\u1ee3c b\u00e1n song c\u00f4ng v\u00e0 \u0111i\u1ec1u khi\u1ec3n d\u00f2ng IEEE 802,3x \u1edf ch\u1ebf \u0111\u1ed9 song c\u00f4ng<\/span><br \/><span>H\u1ed7 tr\u1ee3 hi\u1ec7u su\u1ea5t cao v\u01a1 ki\u1ec3n tr\u00fac l\u01b0u gi\u1eef v\u00e0 chuy\u1ec3n ti\u1ebfp Store-and-Forward lo\u1ea1i b\u1ecf d\u1eef li\u1ec7u l\u1ed7i t\u1ed1i \u01b0u b\u0103ng th\u00f4ng m\u1ea1ng<\/span><br \/><span>H\u1ed7 tr\u1ee3 VLAN<\/span><br \/><span>-IEEE 802.1Q Tagged VLAN.\u00a0<\/span><br \/><span>-H\u1ed7 tr\u1ee3 t\u1edbi 30 nh\u00f3m VLAN v\u1edb 4094 VLAN ID.<\/span><br \/><span>-H\u1ed7 tr\u1ee3 Port-based VLAn t\u1edbi 10 nh\u00f3m.<\/span><br \/><span>-H\u1ed7 tr\u1ee3 MTU VLAN.<\/span><br \/><span>H\u1ed7 tr\u1ee3 Static trunk &#8211; g\u1ed9p c\u1ed5ng t\u0103ng b\u0103ng th\u00f4ng<\/span><br \/><span>-H\u1ed7 tr\u1ee3 t\u1edbi 3 nh\u00f3m g\u1ed9p c\u1ed5ng v\u1edbi 4 c\u1ed5ng g\u1ed9p tr\u00ean m\u1ed7i nh\u00f3m.<\/span><br \/><span>-H\u1ed7 tr\u1ee3 b\u0103ng th\u00f4ng t\u1edbi 8Gbps.<\/span><br \/><span>-H\u1ed7 tr\u1ee3 cisco ether channel.<\/span><br \/><span>H\u1ed7 tr\u1ee3 c\u1ed5ng s\u1eeda l\u1ed7i<\/span><br \/><span>-H\u1ed7 tr\u1ee3 c\u1ed5ng s\u1eeda l\u1ed7i cho vi\u1ec7c gi\u00e1m s\u00e1t l\u01b0u l\u01b0\u1ee3ng v\u00e0o ra tr\u00ean m\u1ed7i c\u1ed5ng.<\/span><br \/><span>-H\u1ed7 tr\u1ee3 ng\u0103n ch\u1eb7n m\u1ea1ch v\u00f2ng.<\/span><br \/><span>QoS<\/span><br \/><span>-H\u1ed7 tr\u1ee3 \u0111i\u1ec1u khi\u1ec3n b\u0103ng th\u00f4ng tr\u00ean m\u1ed7i c\u1ed5ng.<\/span><br \/><span>-H\u1ed7 tr\u1ee3 2 ch\u1ebf \u0111\u1ed9 \u0111\u1ee3i \u01b0u ti\u00ean tr\u00ean m\u1ed7i c\u1ed5ng.<\/span><br \/><span>-Ph\u00e2n lo\u1ea1i l\u01b0u l\u01b0\u1ee3ng.<\/span><br \/><span>-H\u1ed7 tr\u1ee3 ch\u1ebf \u0111\u1ed9 \u01b0u ti\u00ean tr\u00ean c\u1ed5ng WRR.<\/span><br \/><span>H\u1ed7 tr\u1ee3 Multicast<\/span><br \/><span>-H\u1ed7 tr\u1ee3 IGMP Snooping v1 v\u00e0 v2.<\/span><br \/><span>Ch\u1ebf \u0111\u1ed9 an ninh<\/span><br \/><span>-L\u1ecdc theo g\u00f3i tin TCP\/UDP: Lo\u1ea1i b\u1ecf c\u00e1c \u1ee9ng d\u1ee5ng m\u1ea1ng ti\u00eau bi\u1ec3u.<\/span><br \/><span>-H\u1ed7 tr\u1ee3 t\u00ednh n\u0103ng qu\u1ea3n l\u00fd.<\/span><br \/><span>-H\u1ed7 tr\u1ee3 giao di\u1ec7n qu\u1ea3n l\u00fd IPv4\u00a0 d\u1ef1a tr\u00ean n\u1ec1n WEB.<\/span><br \/><span>-H\u1ed7 tr\u1ee3 DHCP v\u00e0 DHCP option.<\/span><br \/><span>-H\u1ed7 tr\u1ee3 n\u00e2ng c\u1ea5p firmware d\u1ef1a tr\u00ean n\u1ec1n web.<\/span><br \/><span>-H\u1ed7 tr\u1ee3 c\u1ea5u h\u00ecnh sao l\u01b0u kh\u00f4i ph\u1ee5c th\u00f4ng qua giao di\u1ec7n WEB.<\/span><br \/><span>-H\u1ed7 tr\u1ee3 ph\u00edm reset cho ph\u00e9p kh\u00f4i ph\u1ee5c l\u1ea1i c\u1ea5u h\u00ecnh m\u1eb7c \u0111\u1ecbnh.<\/span><br \/><span>-H\u1ed7 tr\u1ee3 ti\u1ec7n \u00edch Planet Discovery.<\/span><\/p>\n<\/ul>","protected":false},"featured_media":12081,"comment_status":"closed","ping_status":"closed","template":"","meta":[],"pwb-brand":[],"product_cat":[2903],"product_tag":[2847,55,2849],"class_list":{"0":"post-12080","1":"product","2":"type-product","3":"status-publish","4":"has-post-thumbnail","6":"product_cat-planet","7":"product_tag-cisco","8":"product_tag-run","9":"product_tag-switch","11":"first","12":"instock","13":"shipping-taxable","14":"product-type-simple"},"brands":[],"_links":{"self":[{"href":"https:\/\/serverhot.vn\/fr\/wp-json\/wp\/v2\/product\/12080","targetHints":{"allow":["GET"]}}],"collection":[{"href":"https:\/\/serverhot.vn\/fr\/wp-json\/wp\/v2\/product"}],"about":[{"href":"https:\/\/serverhot.vn\/fr\/wp-json\/wp\/v2\/types\/product"}],"replies":[{"embeddable":true,"href":"https:\/\/serverhot.vn\/fr\/wp-json\/wp\/v2\/comments?post=12080"}],"wp:featuredmedia":[{"embeddable":true,"href":"https:\/\/serverhot.vn\/fr\/wp-json\/wp\/v2\/media\/12081"}],"wp:attachment":[{"href":"https:\/\/serverhot.vn\/fr\/wp-json\/wp\/v2\/media?parent=12080"}],"wp:term":[{"taxonomy":"pwb-brand","embeddable":true,"href":"https:\/\/serverhot.vn\/fr\/wp-json\/wp\/v2\/pwb-brand?post=12080"},{"taxonomy":"product_cat","embeddable":true,"href":"https:\/\/serverhot.vn\/fr\/wp-json\/wp\/v2\/product_cat?post=12080"},{"taxonomy":"product_tag","embeddable":true,"href":"https:\/\/serverhot.vn\/fr\/wp-json\/wp\/v2\/product_tag?post=12080"}],"curies":[{"name":"wp","href":"https:\/\/api.w.org\/{rel}","templated":true}]}}