{"id":12098,"date":"2024-06-29T16:16:56","date_gmt":"2024-06-29T09:16:56","guid":{"rendered":"https:\/\/serverhot.vn\/product\/uncategorized\/card-man-hinh-msi-gtx-1050-ti-4gt-ocv1-ma-san-pham-gtx-1050-ti-4gt-ocv1\/"},"modified":"2024-06-29T16:16:58","modified_gmt":"2024-06-29T09:16:58","slug":"card-man-hinh-msi-gtx-1050-ti-4gt-ocv1-ma-san-pham-gtx-1050-ti-4gt-ocv1","status":"publish","type":"product","link":"https:\/\/serverhot.vn\/fr\/-product-\/card-man-hinh-msi-gtx-1050-ti-4gt-ocv1-ma-san-pham-gtx-1050-ti-4gt-ocv1\/","title":{"rendered":"Card M\u00e0n H\u00ecnh MSI GTX 1050 Ti 4GT OCV1 M\u00e3 s\u1ea3n ph\u1ea9m: GTX-1050-TI-4GT-OCV1"},"content":{"rendered":"<div class=\"showText tabs\" id=\"tab2\">\n                                    <\/div>","protected":false},"excerpt":{"rendered":"<ul>\n                                                    <\/ul>","protected":false},"featured_media":12099,"comment_status":"closed","ping_status":"closed","template":"","meta":[],"pwb-brand":[],"product_cat":[2914],"product_tag":[],"class_list":{"0":"post-12098","1":"product","2":"type-product","3":"status-publish","4":"has-post-thumbnail","6":"product_cat-vga-card-man-hinh","8":"first","9":"instock","10":"shipping-taxable","11":"product-type-simple"},"brands":[],"_links":{"self":[{"href":"https:\/\/serverhot.vn\/fr\/wp-json\/wp\/v2\/product\/12098","targetHints":{"allow":["GET"]}}],"collection":[{"href":"https:\/\/serverhot.vn\/fr\/wp-json\/wp\/v2\/product"}],"about":[{"href":"https:\/\/serverhot.vn\/fr\/wp-json\/wp\/v2\/types\/product"}],"replies":[{"embeddable":true,"href":"https:\/\/serverhot.vn\/fr\/wp-json\/wp\/v2\/comments?post=12098"}],"wp:featuredmedia":[{"embeddable":true,"href":"https:\/\/serverhot.vn\/fr\/wp-json\/wp\/v2\/media\/12099"}],"wp:attachment":[{"href":"https:\/\/serverhot.vn\/fr\/wp-json\/wp\/v2\/media?parent=12098"}],"wp:term":[{"taxonomy":"pwb-brand","embeddable":true,"href":"https:\/\/serverhot.vn\/fr\/wp-json\/wp\/v2\/pwb-brand?post=12098"},{"taxonomy":"product_cat","embeddable":true,"href":"https:\/\/serverhot.vn\/fr\/wp-json\/wp\/v2\/product_cat?post=12098"},{"taxonomy":"product_tag","embeddable":true,"href":"https:\/\/serverhot.vn\/fr\/wp-json\/wp\/v2\/product_tag?post=12098"}],"curies":[{"name":"wp","href":"https:\/\/api.w.org\/{rel}","templated":true}]}}