{"id":12282,"date":"2024-06-29T16:56:23","date_gmt":"2024-06-29T09:56:23","guid":{"rendered":"https:\/\/serverhot.vn\/product\/uncategorized\/bo-phat-wifi-linksys-ea9500s-max-stream-ac5400-mu-mimo-gigabit-router-ma-san-pham-ea9500s\/"},"modified":"2024-06-29T16:56:25","modified_gmt":"2024-06-29T09:56:25","slug":"bo-phat-wifi-linksys-ea9500s-max-stream-ac5400-mu-mimo-gigabit-router-ma-san-pham-ea9500s","status":"publish","type":"product","link":"https:\/\/serverhot.vn\/fr\/-product-\/bo-phat-wifi-linksys-ea9500s-max-stream-ac5400-mu-mimo-gigabit-router-ma-san-pham-ea9500s\/","title":{"rendered":"B\u1ed9 Ph\u00e1t Wifi Linksys EA9500S Max-Stream\u2122 AC5400 MU-MIMO Gigabit Router M\u00e3 s\u1ea3n ph\u1ea9m: EA9500S"},"content":{"rendered":"<div class=\"showText tabs\" id=\"tab2\">\n                                    <\/div>","protected":false},"excerpt":{"rendered":"<ul>\n<p>Wi-Fi chu\u1ea9n AC th\u1ebf h\u1ec7 ti\u1ebfp theo cho nhu c\u1ea7u c\u00f4ng vi\u1ec7c t\u1ee9c th\u1eddi v\u00e0 tr\u1ea3i nghi\u1ec7m gi\u1ea3i tr\u00ed \u0111\u1ec9nh cao\u00a0<br \/>&#8211; T\u1ed5ng b\u0103ng th\u00f4ng Wi-Fi l\u00ean \u0111\u1ebfn 5.3 Gbps*<br \/>&#8211; Wi-Fi AC th\u1ebf h\u1ec7 ti\u1ebfp theo v\u1edbi c\u00f4ng ngh\u1ec7 MU-MIMO c\u1ef1c nhanh<br \/>&#8211; 8 c\u1ed5ng m\u1ea1ng t\u1ed1c \u0111\u1ed9 Gigabit<br \/>&#8211; 8 anten g\u1eafn ngo\u00e0i cho v\u00f9ng ph\u1ee7 s\u00f3ng c\u1ef1c r\u1ed9ng<br \/>&#8211; Ch\u00edp CPU l\u00f5i t\u1ee9 1.8GHz, Flash 256 MB, RAM 1G\u00a0<br \/>&#8211; Phi\u00ean b\u1ea3n n\u00e2ng c\u1ea5p t\u1eeb EA9500<\/p>\n<ul>\n<\/ul>\n<\/ul>","protected":false},"featured_media":12283,"comment_status":"closed","ping_status":"closed","template":"","meta":[],"pwb-brand":[],"product_cat":[2907],"product_tag":[],"class_list":{"0":"post-12282","1":"product","2":"type-product","3":"status-publish","4":"has-post-thumbnail","6":"product_cat-linksys","8":"first","9":"instock","10":"shipping-taxable","11":"product-type-simple"},"brands":[],"_links":{"self":[{"href":"https:\/\/serverhot.vn\/fr\/wp-json\/wp\/v2\/product\/12282","targetHints":{"allow":["GET"]}}],"collection":[{"href":"https:\/\/serverhot.vn\/fr\/wp-json\/wp\/v2\/product"}],"about":[{"href":"https:\/\/serverhot.vn\/fr\/wp-json\/wp\/v2\/types\/product"}],"replies":[{"embeddable":true,"href":"https:\/\/serverhot.vn\/fr\/wp-json\/wp\/v2\/comments?post=12282"}],"wp:featuredmedia":[{"embeddable":true,"href":"https:\/\/serverhot.vn\/fr\/wp-json\/wp\/v2\/media\/12283"}],"wp:attachment":[{"href":"https:\/\/serverhot.vn\/fr\/wp-json\/wp\/v2\/media?parent=12282"}],"wp:term":[{"taxonomy":"pwb-brand","embeddable":true,"href":"https:\/\/serverhot.vn\/fr\/wp-json\/wp\/v2\/pwb-brand?post=12282"},{"taxonomy":"product_cat","embeddable":true,"href":"https:\/\/serverhot.vn\/fr\/wp-json\/wp\/v2\/product_cat?post=12282"},{"taxonomy":"product_tag","embeddable":true,"href":"https:\/\/serverhot.vn\/fr\/wp-json\/wp\/v2\/product_tag?post=12282"}],"curies":[{"name":"wp","href":"https:\/\/api.w.org\/{rel}","templated":true}]}}