{"id":12330,"date":"2024-06-29T17:06:22","date_gmt":"2024-06-29T10:06:22","guid":{"rendered":"https:\/\/serverhot.vn\/product\/uncategorized\/tai-nghe-thonet-vander-vx730-gamer-ma-san-pham-hk096-03566\/"},"modified":"2024-06-29T17:06:25","modified_gmt":"2024-06-29T10:06:25","slug":"tai-nghe-thonet-vander-vx730-gamer-ma-san-pham-hk096-03566","status":"publish","type":"product","link":"https:\/\/serverhot.vn\/fr\/-product-\/tai-nghe-thonet-vander-vx730-gamer-ma-san-pham-hk096-03566\/","title":{"rendered":"Tai nghe Thonet &amp; Vander VX730 Gamer M\u00e3 s\u1ea3n ph\u1ea9m: HK096-03566"},"content":{"rendered":"<div class=\"showText tabs\" id=\"tab2\">\n<div class=\"box_right_pro_view\">\n<div class=\"thongso_pro a_technical\" style=\"max-height: fit-content\">\n<table border=\"1\" cellspacing=\"0\" cellpadding=\"0\">\n<tbody>\n<tr>\n<td><span>H\u00e3ng s\u1ea3n xu\u1ea5t<\/span><\/td>\n<td><span>Thonet &amp; Vander<\/span><\/td>\n<\/tr>\n<tr>\n<td><span>M\u00e3 s\u1ea3n ph\u1eabm<\/span><\/td>\n<td><span>HK096-03566<\/span><\/td>\n<\/tr>\n<tr>\n<td><span>K\u1ebft n\u1ed1i<\/span><\/td>\n<td><span>USB + 3.5mm<\/span><\/td>\n<\/tr>\n<tr>\n<td><span>C\u00f4ng su\u1ea5t<\/span><\/td>\n<td><span>20mW<\/span><\/td>\n<\/tr>\n<tr>\n<td><span>Chi\u1ec1u d\u00e0i d\u00e2y c\u00e1p<\/span><\/td>\n<td><span>0.3m + 1m (3.5mm) + 2m (USB)<\/span><\/td>\n<\/tr>\n<tr>\n<td><span>\u0110\u00e8n RGB<\/span><\/td>\n<td><span>7 m\u00e0u, v\u1edbi 3 tr\u00ecnh t\u1ef1 c\u00f3 th\u1ec3 l\u1ef1a ch\u1ecdn (m\u00e0u c\u1ed1 \u0111\u1ecbnh, chuy\u1ec3n m\u00e0u m\u01b0\u1ee3t m\u00e0 v\u00e0 nh\u1ecbp nh\u00e0ng)<\/span><\/td>\n<\/tr>\n<tr>\n<td><span>Hi\u1ec7u \u1ee9ng \u00e2m thanh 7.1<\/span><\/td>\n<td><span>H\u1ec7 th\u1ed1ng m\u00f4 ph\u1ecfng xung quanh l\u00e0m t\u0103ng c\u1ea3m gi\u00e1c v\u1ec1 kh\u00f4ng gian<\/span><\/td>\n<\/tr>\n<tr>\n<td><span>T\u01b0\u01a1ng th\u00edch<\/span><\/td>\n<td><span>PS4\u2122, PS5\u2122, d\u00f2ng XBOX\u2122, Nintendo Switch\u2122, \u0110i\u1ec7n tho\u1ea1i th\u00f4ng minh, PC, MAC\u00ae (Kh\u00f4ng bao g\u1ed3m b\u1ed9 chuy\u1ec3n \u0111\u1ed5i Apple)<\/span><\/td>\n<\/tr>\n<tr>\n<td><span>K\u00edch th\u01b0\u1edbc h\u1ed9p<\/span><\/td>\n<td><span>11x26x21cm<\/span><\/td>\n<\/tr>\n<tr>\n<td><span>C\u00e2n n\u1eb7ng<\/span><\/td>\n<td><span>370 g<\/span><\/td>\n<\/tr>\n<\/tbody>\n<\/table><\/div>\n<p>                            <!--                            <\/p>\n<div class=\"xemthem_id_r\">--><br \/>\n                            <!--                                <a><!--\/show\/?token=--><br \/>\n                            <!--\"--><br \/>\n                            <!--                                   class=\"preview fancybox fancybox.ajax\" rel=\"nofollow\"&gt;Xem th&#234;m th&#244;ng s&#7889; k&#7929; thu&#7853;t<\/a>--><br \/>\n                            <!--                            <\/div>\n<p>-->\n                        <\/p><\/div>\n<\/p><\/div>","protected":false},"excerpt":{"rendered":"<ul>\n<ul>\n<li style=\"text-align: justify\"><span style=\"font-size: 18px\">K\u1ebft n\u1ed1i: USB + 3.5mm<\/span><\/li>\n<li style=\"text-align: justify\"><span style=\"font-size: 18px\">T\u00f9y ch\u1ec9nh thi\u1ebft k\u1ebf \u0111\u00e8n v\u1edbi hi\u1ec7u \u1ee9ng LED<\/span><\/li>\n<li style=\"text-align: justify\"><span style=\"font-size: 18px\">Hi\u1ec7u \u1ee9ng \u00e2m thanh c\u00f4ng ngh\u1ec7 7.1 s\u1ed1ng \u0111\u1ed9ng<\/span><\/li>\n<li style=\"text-align: justify\"><span style=\"font-size: 18px\">H\u1ec7 th\u1ed1ng plug &amp; play v\u1edbi k\u1ebft n\u1ed1i USB t\u01b0\u01a1ng th\u00edch v\u1edbi nhi\u1ec1u thi\u1ebft b\u1ecb\u00a0<\/span><\/li>\n<li style=\"text-align: justify\"><span style=\"font-size: 18px\">Tai nghe d\u00e0nh cho game th\u1ee7 v\u1ec1 \u00e2m thanh v\u00e0 FX trong tr\u00f2 ch\u01a1i c\u1ee7a b\u1ea1n.<\/span><\/li>\n<\/ul>\n<\/ul>","protected":false},"featured_media":12331,"comment_status":"closed","ping_status":"closed","template":"","meta":[],"pwb-brand":[],"product_cat":[2912],"product_tag":[2849],"class_list":{"0":"post-12330","1":"product","2":"type-product","3":"status-publish","4":"has-post-thumbnail","6":"product_cat-loa-thonet-vander","7":"product_tag-switch","9":"first","10":"instock","11":"shipping-taxable","12":"product-type-simple"},"brands":[],"_links":{"self":[{"href":"https:\/\/serverhot.vn\/fr\/wp-json\/wp\/v2\/product\/12330","targetHints":{"allow":["GET"]}}],"collection":[{"href":"https:\/\/serverhot.vn\/fr\/wp-json\/wp\/v2\/product"}],"about":[{"href":"https:\/\/serverhot.vn\/fr\/wp-json\/wp\/v2\/types\/product"}],"replies":[{"embeddable":true,"href":"https:\/\/serverhot.vn\/fr\/wp-json\/wp\/v2\/comments?post=12330"}],"wp:featuredmedia":[{"embeddable":true,"href":"https:\/\/serverhot.vn\/fr\/wp-json\/wp\/v2\/media\/12331"}],"wp:attachment":[{"href":"https:\/\/serverhot.vn\/fr\/wp-json\/wp\/v2\/media?parent=12330"}],"wp:term":[{"taxonomy":"pwb-brand","embeddable":true,"href":"https:\/\/serverhot.vn\/fr\/wp-json\/wp\/v2\/pwb-brand?post=12330"},{"taxonomy":"product_cat","embeddable":true,"href":"https:\/\/serverhot.vn\/fr\/wp-json\/wp\/v2\/product_cat?post=12330"},{"taxonomy":"product_tag","embeddable":true,"href":"https:\/\/serverhot.vn\/fr\/wp-json\/wp\/v2\/product_tag?post=12330"}],"curies":[{"name":"wp","href":"https:\/\/api.w.org\/{rel}","templated":true}]}}