{"id":12340,"date":"2024-06-29T17:07:35","date_gmt":"2024-06-29T10:07:35","guid":{"rendered":"https:\/\/serverhot.vn\/product\/uncategorized\/microsoft-365-business-standard-ma-san-pham-ms-365-bus-standard\/"},"modified":"2024-06-29T17:07:39","modified_gmt":"2024-06-29T10:07:39","slug":"microsoft-365-business-standard-ma-san-pham-ms-365-bus-standard","status":"publish","type":"product","link":"https:\/\/serverhot.vn\/fr\/-product-\/microsoft-365-business-standard-ma-san-pham-ms-365-bus-standard\/","title":{"rendered":"Microsoft 365 Business Standard M\u00e3 s\u1ea3n ph\u1ea9m: MS-365-BUS-STANDARD"},"content":{"rendered":"<div class=\"showText tabs\" id=\"tab2\">\n<div class=\"box_right_pro_view\">\n<div class=\"thongso_pro a_technical\" style=\"max-height: fit-content\">\n<p>\u00a0<\/p>\n<table dir=\"ltr\" border=\"1\" cellspacing=\"0\" cellpadding=\"0\" data-sheets-root=\"1\">\n<colgroup>\n<col width=\"501\">\n<col width=\"780\"><\/colgroup>\n<tbody>\n<tr>\n<td colspan=\"2\" rowspan=\"1\" data-sheets-value=\"{\">Microsoft 365 Business Standard<\/td>\n<\/tr>\n<tr>\n<td colspan=\"1\" rowspan=\"10\" data-sheets-value=\"{\">\n<div>Bao g\u1ed3m c\u00e1c \u1ee9ng d\u1ee5ng v\u00e0 d\u1ecbch v\u1ee5<\/div>\n<\/td>\n<td data-sheets-value=\"{\">Word<\/td>\n<\/tr>\n<tr>\n<td data-sheets-value=\"{\">Excel<\/td>\n<\/tr>\n<tr>\n<td data-sheets-value=\"{\">PowerPoint<\/td>\n<\/tr>\n<tr>\n<td data-sheets-value=\"{\">Outlook<\/td>\n<\/tr>\n<tr>\n<td data-sheets-value=\"{\">Microsoft Teams<\/td>\n<\/tr>\n<tr>\n<td data-sheets-value=\"{\">OneDrive<\/td>\n<\/tr>\n<tr>\n<td data-sheets-value=\"{\">SharePoint<\/td>\n<\/tr>\n<tr>\n<td data-sheets-value=\"{\">Exchange<\/td>\n<\/tr>\n<tr>\n<td data-sheets-value=\"{\">Clipchamp<\/td>\n<\/tr>\n<tr>\n<td data-sheets-value=\"{\">Loop<\/td>\n<\/tr>\n<\/tbody>\n<\/table><\/div>\n<p>                            <!--                            <\/p>\n<div class=\"xemthem_id_r\">--><br \/>\n                            <!--                                <a><!--\/show\/?token=--><br \/>\n                            <!--\"--><br \/>\n                            <!--                                   class=\"preview fancybox fancybox.ajax\" rel=\"nofollow\"&gt;Xem th&#234;m th&#244;ng s&#7889; k&#7929; thu&#7853;t<\/a>--><br \/>\n                            <!--                            <\/div>\n<p>-->\n                        <\/p><\/div>\n<\/p><\/div>","protected":false},"excerpt":{"rendered":"<ul>\n<ul>\n<li>Microsoft 365 Business Standard l\u00e0 m\u1ed9t g\u00f3i d\u1ecbch v\u1ee5 \u0111a d\u1ea1ng, \u0111\u01b0\u1ee3c thi\u1ebft k\u1ebf \u0111\u1ec3 h\u1ed7 tr\u1ee3 doanh nghi\u1ec7p v\u1eeba v\u00e0 nh\u1ecf.<br \/>\u1ee8ng d\u1ee5ng Office:<br \/>S\u1eed d\u1ee5ng phi\u00ean b\u1ea3n tr\u00ean m\u00e1y t\u00ednh c\u1ee7a Word, Excel, PowerPoint v\u00e0 Outlook.<br \/>C\u00e0i \u0111\u1eb7t \u1ee9ng d\u1ee5ng Microsoft 365 tr\u00ean t\u1ed1i \u0111a n\u0103m thi\u1ebft b\u1ecb di \u0111\u1ed9ng, n\u0103m m\u00e1y t\u00ednh b\u1ea3ng v\u00e0 n\u0103m m\u00e1y t\u00ednh PC ho\u1eb7c Mac cho m\u1ed7i ng\u01b0\u1eddi d\u00f9ng.<\/li>\n<\/ul>\n<\/ul>","protected":false},"featured_media":12341,"comment_status":"closed","ping_status":"closed","template":"","meta":[],"pwb-brand":[],"product_cat":[2917],"product_tag":[],"class_list":{"0":"post-12340","1":"product","2":"type-product","3":"status-publish","4":"has-post-thumbnail","6":"product_cat-microsoft","8":"first","9":"instock","10":"shipping-taxable","11":"product-type-simple"},"brands":[],"_links":{"self":[{"href":"https:\/\/serverhot.vn\/fr\/wp-json\/wp\/v2\/product\/12340","targetHints":{"allow":["GET"]}}],"collection":[{"href":"https:\/\/serverhot.vn\/fr\/wp-json\/wp\/v2\/product"}],"about":[{"href":"https:\/\/serverhot.vn\/fr\/wp-json\/wp\/v2\/types\/product"}],"replies":[{"embeddable":true,"href":"https:\/\/serverhot.vn\/fr\/wp-json\/wp\/v2\/comments?post=12340"}],"wp:featuredmedia":[{"embeddable":true,"href":"https:\/\/serverhot.vn\/fr\/wp-json\/wp\/v2\/media\/12341"}],"wp:attachment":[{"href":"https:\/\/serverhot.vn\/fr\/wp-json\/wp\/v2\/media?parent=12340"}],"wp:term":[{"taxonomy":"pwb-brand","embeddable":true,"href":"https:\/\/serverhot.vn\/fr\/wp-json\/wp\/v2\/pwb-brand?post=12340"},{"taxonomy":"product_cat","embeddable":true,"href":"https:\/\/serverhot.vn\/fr\/wp-json\/wp\/v2\/product_cat?post=12340"},{"taxonomy":"product_tag","embeddable":true,"href":"https:\/\/serverhot.vn\/fr\/wp-json\/wp\/v2\/product_tag?post=12340"}],"curies":[{"name":"wp","href":"https:\/\/api.w.org\/{rel}","templated":true}]}}