{"id":12420,"date":"2024-06-29T17:26:39","date_gmt":"2024-06-29T10:26:39","guid":{"rendered":"https:\/\/serverhot.vn\/product\/uncategorized\/pin-sac-du-phong-anker-powercore-speed-20000mah-pd-a1275-ma-san-pham-a1275\/"},"modified":"2024-06-29T17:26:41","modified_gmt":"2024-06-29T10:26:41","slug":"pin-sac-du-phong-anker-powercore-speed-20000mah-pd-a1275-ma-san-pham-a1275","status":"publish","type":"product","link":"https:\/\/serverhot.vn\/fr\/-product-\/pin-sac-du-phong-anker-powercore-speed-20000mah-pd-a1275-ma-san-pham-a1275\/","title":{"rendered":"Pin s\u1ea1c d\u1ef1 ph\u00f2ng Anker PowerCore Speed 20000Mah PD A1275 M\u00e3 s\u1ea3n ph\u1ea9m: A1275"},"content":{"rendered":"<div class=\"showText tabs\" id=\"tab2\">\n<div class=\"box_right_pro_view\">\n<div class=\"thongso_pro a_technical\" style=\"max-height: fit-content\">\n<div class=\"header\">\n<h2>Th\u00f4ng s\u1ed1 k\u1ef9 thu\u1eadt<\/h2>\n<\/div>\n<div class=\"content\">\n<table id=\"tskt\">\n<tbody>\n<tr>\n<td>H\u00e3ng s\u1ea3n xu\u1ea5t<\/td>\n<td>Anker<\/td>\n<\/tr>\n<tr>\n<td>D\u00f2ng \u0111i\u1ec7n v\u00e0o<\/td>\n<td>5V=3A, 9V=3A, 15V=2A, 20V=1.5A<\/td>\n<\/tr>\n<tr>\n<td>D\u00f2ng \u0111i\u1ec7n ra<\/td>\n<td>5V=3A, 9V=2.6A, 15V=1.6A<\/td>\n<\/tr>\n<tr>\n<td>C\u1ed5ng\/Khe c\u1eafm<\/td>\n<td>USB Type C<\/td>\n<\/tr>\n<tr>\n<td>K\u00edch th\u01b0\u1edbc<\/td>\n<td>D\u00e0i 168cm x R\u1ed9ng 62mm x D\u00e0y 22 mm<\/td>\n<\/tr>\n<tr>\n<td>Tr\u1ecdng l\u01b0\u1ee3ng<\/td>\n<td>360g<\/td>\n<\/tr>\n<tr>\n<td>Dung l\u01b0\u1ee3ng Pin<\/td>\n<td>20000mAh<\/td>\n<\/tr>\n<tr>\n<td>T\u00ednh n\u0103ng kh\u00e1c<\/td>\n<td>T\u00edch h\u1ee3p 3 c\u00f4ng ngh\u1ec7 s\u1ea1c nhanh: Qualcom 3.0, Power iQ, VoltageBoost<\/td>\n<\/tr>\n<\/tbody>\n<\/table>\n<\/div><\/div>\n<p>                            <!--                            <\/p>\n<div class=\"xemthem_id_r\">--><br \/>\n                            <!--                                <a><!--\/show\/?token=--><br \/>\n                            <!--\"--><br \/>\n                            <!--                                   class=\"preview fancybox fancybox.ajax\" rel=\"nofollow\"&gt;Xem th&#234;m th&#244;ng s&#7889; k&#7929; thu&#7853;t<\/a>--><br \/>\n                            <!--                            <\/div>\n<p>-->\n                        <\/p><\/div>\n<\/p><\/div>","protected":false},"excerpt":{"rendered":"<ul>\n                                                    <\/ul>","protected":false},"featured_media":12421,"comment_status":"closed","ping_status":"closed","template":"","meta":[],"pwb-brand":[],"product_cat":[2910],"product_tag":[],"class_list":{"0":"post-12420","1":"product","2":"type-product","3":"status-publish","4":"has-post-thumbnail","6":"product_cat-thiet-bi-van-phong","8":"first","9":"instock","10":"shipping-taxable","11":"product-type-simple"},"brands":[],"_links":{"self":[{"href":"https:\/\/serverhot.vn\/fr\/wp-json\/wp\/v2\/product\/12420","targetHints":{"allow":["GET"]}}],"collection":[{"href":"https:\/\/serverhot.vn\/fr\/wp-json\/wp\/v2\/product"}],"about":[{"href":"https:\/\/serverhot.vn\/fr\/wp-json\/wp\/v2\/types\/product"}],"replies":[{"embeddable":true,"href":"https:\/\/serverhot.vn\/fr\/wp-json\/wp\/v2\/comments?post=12420"}],"wp:featuredmedia":[{"embeddable":true,"href":"https:\/\/serverhot.vn\/fr\/wp-json\/wp\/v2\/media\/12421"}],"wp:attachment":[{"href":"https:\/\/serverhot.vn\/fr\/wp-json\/wp\/v2\/media?parent=12420"}],"wp:term":[{"taxonomy":"pwb-brand","embeddable":true,"href":"https:\/\/serverhot.vn\/fr\/wp-json\/wp\/v2\/pwb-brand?post=12420"},{"taxonomy":"product_cat","embeddable":true,"href":"https:\/\/serverhot.vn\/fr\/wp-json\/wp\/v2\/product_cat?post=12420"},{"taxonomy":"product_tag","embeddable":true,"href":"https:\/\/serverhot.vn\/fr\/wp-json\/wp\/v2\/product_tag?post=12420"}],"curies":[{"name":"wp","href":"https:\/\/api.w.org\/{rel}","templated":true}]}}