{"id":12599,"date":"2024-06-29T18:00:56","date_gmt":"2024-06-29T11:00:56","guid":{"rendered":"https:\/\/serverhot.vn\/product\/uncategorized\/card-man-hinh-gigabyte-geforce-rtx-3070-gaming-oc-8g-ma-san-pham-gv-n3070gaming-oc-8gd\/"},"modified":"2024-06-29T18:00:58","modified_gmt":"2024-06-29T11:00:58","slug":"card-man-hinh-gigabyte-geforce-rtx-3070-gaming-oc-8g-ma-san-pham-gv-n3070gaming-oc-8gd","status":"publish","type":"product","link":"https:\/\/serverhot.vn\/fr\/-product-\/card-man-hinh-gigabyte-geforce-rtx-3070-gaming-oc-8g-ma-san-pham-gv-n3070gaming-oc-8gd\/","title":{"rendered":"Card M\u00e0n H\u00ecnh Gigabyte GeForce RTX 3070 Gaming OC 8G M\u00e3 s\u1ea3n ph\u1ea9m: GV-N3070GAMING-OC-8GD"},"content":{"rendered":"<div class=\"showText tabs\" id=\"tab2\">\n                                    <\/div>","protected":false},"excerpt":{"rendered":"<ul>\n<p><span class=\"item\">Dung l\u01b0\u1ee3ng b\u1ed9 nh\u1edb: 8\u200eGB GDDR6 <\/span><\/p>\n<p><span class=\"item\">B\u0103ng th\u00f4ng: 2\u200e56 bit <\/span><\/p>\n<p><span class=\"item\">K\u1ebft n\u1ed1i: DisplayPort 1.4a *2\/ HDMI 2.1 *2 <\/span><\/p>\n<p><span class=\"item hide\">Ngu\u1ed3n y\u00eau c\u1ea7u: 6\u200e50W<\/span><\/p>\n<\/ul>","protected":false},"featured_media":12600,"comment_status":"closed","ping_status":"closed","template":"","meta":[],"pwb-brand":[],"product_cat":[2914],"product_tag":[],"class_list":{"0":"post-12599","1":"product","2":"type-product","3":"status-publish","4":"has-post-thumbnail","6":"product_cat-vga-card-man-hinh","8":"first","9":"instock","10":"shipping-taxable","11":"product-type-simple"},"brands":[],"_links":{"self":[{"href":"https:\/\/serverhot.vn\/fr\/wp-json\/wp\/v2\/product\/12599","targetHints":{"allow":["GET"]}}],"collection":[{"href":"https:\/\/serverhot.vn\/fr\/wp-json\/wp\/v2\/product"}],"about":[{"href":"https:\/\/serverhot.vn\/fr\/wp-json\/wp\/v2\/types\/product"}],"replies":[{"embeddable":true,"href":"https:\/\/serverhot.vn\/fr\/wp-json\/wp\/v2\/comments?post=12599"}],"wp:featuredmedia":[{"embeddable":true,"href":"https:\/\/serverhot.vn\/fr\/wp-json\/wp\/v2\/media\/12600"}],"wp:attachment":[{"href":"https:\/\/serverhot.vn\/fr\/wp-json\/wp\/v2\/media?parent=12599"}],"wp:term":[{"taxonomy":"pwb-brand","embeddable":true,"href":"https:\/\/serverhot.vn\/fr\/wp-json\/wp\/v2\/pwb-brand?post=12599"},{"taxonomy":"product_cat","embeddable":true,"href":"https:\/\/serverhot.vn\/fr\/wp-json\/wp\/v2\/product_cat?post=12599"},{"taxonomy":"product_tag","embeddable":true,"href":"https:\/\/serverhot.vn\/fr\/wp-json\/wp\/v2\/product_tag?post=12599"}],"curies":[{"name":"wp","href":"https:\/\/api.w.org\/{rel}","templated":true}]}}