{"id":12605,"date":"2024-06-29T18:02:27","date_gmt":"2024-06-29T11:02:27","guid":{"rendered":"https:\/\/serverhot.vn\/product\/uncategorized\/thiet-bi-mang-switch-cisco-24-ports-gigabit-ethernet-data-c9200-24t-e-ma-san-pham-c9200-24t-e\/"},"modified":"2024-06-29T18:02:29","modified_gmt":"2024-06-29T11:02:29","slug":"thiet-bi-mang-switch-cisco-24-ports-gigabit-ethernet-data-c9200-24t-e-ma-san-pham-c9200-24t-e","status":"publish","type":"product","link":"https:\/\/serverhot.vn\/fr\/-product-\/thiet-bi-mang-switch-cisco-24-ports-gigabit-ethernet-data-c9200-24t-e-ma-san-pham-c9200-24t-e\/","title":{"rendered":"Thi\u1ebft B\u1ecb M\u1ea1ng Switch Cisco 24 Ports Gigabit Ethernet Data C9200-24T-E M\u00e3 s\u1ea3n ph\u1ea9m: C9200-24T-E"},"content":{"rendered":"<div class=\"showText tabs\" id=\"tab2\">\n<div class=\"box_right_pro_view\">\n<div class=\"thongso_pro a_technical\" style=\"max-height: fit-content\">\n<table border=\"1\">\n<tbody>\n<tr>\n<td>Thu\u1ed9c t\u00ednh<\/td>\n<td>M\u00f4 t\u1ea3 chi ti\u1ebft thu\u1ed9c t\u00ednh s\u1ea3n ph\u1ea9m<\/td>\n<\/tr>\n<tr>\n<td>L&#039;entreprise<\/td>\n<td>Cisco<\/td>\n<\/tr>\n<tr>\n<td>Nh\u00e0 ph\u00e2n ph\u1ed1i<\/td>\n<td>Si\u00eau th\u1ecb m\u1ea1ng<\/td>\n<\/tr>\n<tr>\n<td>M\u00e3 s\u1ea3n ph\u1ea9m<\/td>\n<td>\n<p>C9200-24T-E<\/p>\n<\/td>\n<\/tr>\n<tr>\n<td>D\u00f2ng<\/td>\n<td>Cisco C9200<\/td>\n<\/tr>\n<tr>\n<td>C\u1ed5ng giao ti\u1ebfp<\/td>\n<td>24-port Data Switch, Network Essentials<\/td>\n<\/tr>\n<tr>\n<td>C\u1ea5u h\u00ecnh \u0111\u01b0\u1eddng l\u00ean<\/td>\n<td>T\u00f9y ch\u1ecdn \u0111\u01b0\u1eddng l\u00ean m\u00f4-\u0111un<\/td>\n<\/tr>\n<tr>\n<td>B\u1ed9 ngu\u1ed3n<\/td>\n<td>AC ch\u00ednh m\u1eb7c \u0111\u1ecbnh PWR-C5-125WAC<\/td>\n<\/tr>\n<tr>\n<td>X\u1ebfp ch\u1ed3ng b\u0103ng th\u00f4ng<\/td>\n<td>160 Gb \/ gi\u00e2y<\/td>\n<\/tr>\n<tr>\n<td>\u0110\u00e8n flash<\/td>\n<td>4 GB<\/td>\n<\/tr>\n<tr>\n<td>Chuy\u1ec3n \u0111\u1ed5i c\u00f4ng su\u1ea5t<\/td>\n<td>128 Gb \/ gi\u00e2y<\/td>\n<\/tr>\n<tr>\n<td>T\u1ef7 l\u1ec7 chuy\u1ec3n ti\u1ebfp<\/td>\n<td>190,4 Mpps<\/td>\n<\/tr>\n<tr>\n<td>K\u00edch th\u01b0\u1edbc<\/td>\n<td>1,73 x 17,5 x 13,8 trong, 4,4 x 44,5 x 35,0 cm<\/td>\n<\/tr>\n<tr>\n<td>C\u00e2n n\u1eb7ng<\/td>\n<td>5 kg<\/td>\n<\/tr>\n<tr>\n<td>B\u1ea3o h\u00e0nh<\/td>\n<td>12 th\u00e1ng<\/td>\n<\/tr>\n<\/tbody>\n<\/table>\n<p><strong>C9200-24T-E nh\u1eefng ph\u1ee5 ki\u1ec7n t\u01b0\u01a1ng th\u00edch<\/strong><\/p>\n<table border=\"1\">\n<tbody>\n<tr>\n<td>T\u00ean ph\u1ee5 ki\u1ec7n<\/td>\n<td>M\u00f4 t\u1ea3 chi ti\u1ebft ph\u1ee5 i\u1ec7n<\/td>\n<\/tr>\n<tr>\n<td>C9200-NM-4G<\/td>\n<td>Catalyst 9200 4 x 1GE Network Module<\/td>\n<\/tr>\n<tr>\n<td>C9200-NM-4X<\/td>\n<td>Catalyst 9200 4 x 10GE Network Module, spare<\/td>\n<\/tr>\n<tr>\n<td>C9200-NM-BLANK<\/td>\n<td>Catalyst 9200 BLANK Network Module<\/td>\n<\/tr>\n<tr>\n<td>C9200-STACK-KIT=<\/td>\n<td>C9200 Stack Kit Spare<\/td>\n<\/tr>\n<tr>\n<td>C9200L-STACK-KIT=<\/td>\n<td>C9200L Stack Kit Spare<\/td>\n<\/tr>\n<tr>\n<td>STACK-T4-50CM<\/td>\n<td>50CM Type 3 Stacking Cable<\/td>\n<\/tr>\n<tr>\n<td>STACK-T4-1M<\/td>\n<td>Type 3 Stacking Cable<\/td>\n<\/tr>\n<tr>\n<td>STACK-T4-3M 3M<\/td>\n<td>Type 3 Stacking Cable<\/td>\n<\/tr>\n<\/tbody>\n<\/table><\/div>\n<p>                            <!--                            <\/p>\n<div class=\"xemthem_id_r\">--><br \/>\n                            <!--                                <a><!--\/show\/?token=--><br \/>\n                            <!--\"--><br \/>\n                            <!--                                   class=\"preview fancybox fancybox.ajax\" rel=\"nofollow\"&gt;Xem th&#234;m th&#244;ng s&#7889; k&#7929; thu&#7853;t<\/a>--><br \/>\n                            <!--                            <\/div>\n<p>-->\n                        <\/p><\/div>\n<\/p><\/div>","protected":false},"excerpt":{"rendered":"<ul>\n<ul>\n<li>D\u00f2ng s\u1ea3n ph\u1ea9m: Catalyst 9200<\/li>\n<li>M\u00e3 s\u1ea3n ph\u1ea9m: C9200-24T-E<\/li>\n<li>S\u1ed1 c\u1ed5ng: 24 ports<\/li>\n<li>T\u1ed1c \u0111\u1ed9: 10\/100\/1000 Mbps<\/li>\n<li>B\u1ed9 t\u00ednh n\u0103ng: Network Essentials<\/li>\n<\/ul>\n<\/ul>","protected":false},"featured_media":12606,"comment_status":"closed","ping_status":"closed","template":"","meta":[],"pwb-brand":[],"product_cat":[2893],"product_tag":[2847,2849],"class_list":{"0":"post-12605","1":"product","2":"type-product","3":"status-publish","4":"has-post-thumbnail","6":"product_cat-cisco","7":"product_tag-cisco","8":"product_tag-switch","10":"first","11":"instock","12":"shipping-taxable","13":"product-type-simple"},"brands":[],"_links":{"self":[{"href":"https:\/\/serverhot.vn\/fr\/wp-json\/wp\/v2\/product\/12605","targetHints":{"allow":["GET"]}}],"collection":[{"href":"https:\/\/serverhot.vn\/fr\/wp-json\/wp\/v2\/product"}],"about":[{"href":"https:\/\/serverhot.vn\/fr\/wp-json\/wp\/v2\/types\/product"}],"replies":[{"embeddable":true,"href":"https:\/\/serverhot.vn\/fr\/wp-json\/wp\/v2\/comments?post=12605"}],"wp:featuredmedia":[{"embeddable":true,"href":"https:\/\/serverhot.vn\/fr\/wp-json\/wp\/v2\/media\/12606"}],"wp:attachment":[{"href":"https:\/\/serverhot.vn\/fr\/wp-json\/wp\/v2\/media?parent=12605"}],"wp:term":[{"taxonomy":"pwb-brand","embeddable":true,"href":"https:\/\/serverhot.vn\/fr\/wp-json\/wp\/v2\/pwb-brand?post=12605"},{"taxonomy":"product_cat","embeddable":true,"href":"https:\/\/serverhot.vn\/fr\/wp-json\/wp\/v2\/product_cat?post=12605"},{"taxonomy":"product_tag","embeddable":true,"href":"https:\/\/serverhot.vn\/fr\/wp-json\/wp\/v2\/product_tag?post=12605"}],"curies":[{"name":"wp","href":"https:\/\/api.w.org\/{rel}","templated":true}]}}