{"id":12675,"date":"2024-06-29T18:16:16","date_gmt":"2024-06-29T11:16:16","guid":{"rendered":"https:\/\/serverhot.vn\/product\/uncategorized\/microsoft-windows-10-enterprise-ltsc-2021-upgrade-ma-san-pham-ms-win10ent\/"},"modified":"2024-06-29T18:16:21","modified_gmt":"2024-06-29T11:16:21","slug":"microsoft-windows-10-enterprise-ltsc-2021-upgrade-ma-san-pham-ms-win10ent","status":"publish","type":"product","link":"https:\/\/serverhot.vn\/fr\/-product-\/microsoft-windows-10-enterprise-ltsc-2021-upgrade-ma-san-pham-ms-win10ent\/","title":{"rendered":"Microsoft Windows 10 Enterprise LTSC 2021 Upgrade M\u00e3 s\u1ea3n ph\u1ea9m: MS-WIN10ENT"},"content":{"rendered":"<div class=\"showText tabs\" id=\"tab2\">\n                                    <\/div>","protected":false},"excerpt":{"rendered":"<ul>\n<p>Windows 10 Enterprise LTSC 2021 l\u00e0 m\u1ed9t phi\u00ean b\u1ea3n c\u1ee7a h\u1ec7 \u0111i\u1ec1u h\u00e0nh Windows 10 \u0111\u01b0\u1ee3c thi\u1ebft k\u1ebf d\u00e0nh ri\u00eang cho m\u00f4i tr\u01b0\u1eddng kinh doanh v\u00e0 c\u00e1c thi\u1ebft b\u1ecb \u0111\u1eb7c bi\u1ec7t<\/p>\n<\/ul>","protected":false},"featured_media":12676,"comment_status":"closed","ping_status":"closed","template":"","meta":[],"pwb-brand":[],"product_cat":[2917],"product_tag":[],"class_list":{"0":"post-12675","1":"product","2":"type-product","3":"status-publish","4":"has-post-thumbnail","6":"product_cat-microsoft","8":"first","9":"instock","10":"shipping-taxable","11":"product-type-simple"},"brands":[],"_links":{"self":[{"href":"https:\/\/serverhot.vn\/fr\/wp-json\/wp\/v2\/product\/12675","targetHints":{"allow":["GET"]}}],"collection":[{"href":"https:\/\/serverhot.vn\/fr\/wp-json\/wp\/v2\/product"}],"about":[{"href":"https:\/\/serverhot.vn\/fr\/wp-json\/wp\/v2\/types\/product"}],"replies":[{"embeddable":true,"href":"https:\/\/serverhot.vn\/fr\/wp-json\/wp\/v2\/comments?post=12675"}],"wp:featuredmedia":[{"embeddable":true,"href":"https:\/\/serverhot.vn\/fr\/wp-json\/wp\/v2\/media\/12676"}],"wp:attachment":[{"href":"https:\/\/serverhot.vn\/fr\/wp-json\/wp\/v2\/media?parent=12675"}],"wp:term":[{"taxonomy":"pwb-brand","embeddable":true,"href":"https:\/\/serverhot.vn\/fr\/wp-json\/wp\/v2\/pwb-brand?post=12675"},{"taxonomy":"product_cat","embeddable":true,"href":"https:\/\/serverhot.vn\/fr\/wp-json\/wp\/v2\/product_cat?post=12675"},{"taxonomy":"product_tag","embeddable":true,"href":"https:\/\/serverhot.vn\/fr\/wp-json\/wp\/v2\/product_tag?post=12675"}],"curies":[{"name":"wp","href":"https:\/\/api.w.org\/{rel}","templated":true}]}}