{"id":12765,"date":"2024-06-29T18:28:27","date_gmt":"2024-06-29T11:28:27","guid":{"rendered":"https:\/\/serverhot.vn\/product\/uncategorized\/thiet-bi-mang-switch-tp-link-5-ports-gigabit-voi-4-cong-poe-tl-sg1005p-ma-san-pham-tl-sg1005p\/"},"modified":"2024-06-29T18:28:32","modified_gmt":"2024-06-29T11:28:32","slug":"thiet-bi-mang-switch-tp-link-5-ports-gigabit-voi-4-cong-poe-tl-sg1005p-ma-san-pham-tl-sg1005p","status":"publish","type":"product","link":"https:\/\/serverhot.vn\/fr\/-product-\/thiet-bi-mang-switch-tp-link-5-ports-gigabit-voi-4-cong-poe-tl-sg1005p-ma-san-pham-tl-sg1005p\/","title":{"rendered":"Thi\u1ebft B\u1ecb M\u1ea1ng Switch TP-Link 5 Ports Gigabit V\u1edbi 4 C\u1ed5ng PoE TL-SG1005P M\u00e3 s\u1ea3n ph\u1ea9m: TL-SG1005P"},"content":{"rendered":"<div class=\"showText tabs\" id=\"tab2\">\n                                    <\/div>","protected":false},"excerpt":{"rendered":"<ul>\n<p>&#8211; 5 c\u1ed5ng RJ45 10\/100\/1000Mbps<br \/>&#8211; V\u1edbi 4 c\u1ed5ng PoE, chuy\u1ec3n d\u1eef li\u1ec7u v\u00e0 c\u1ea5p ngu\u1ed3n ch\u1ec9 tr\u00ean m\u1ed9t c\u00e1p<br \/>&#8211; Ho\u1ea1t \u0111\u1ed9ng v\u1edbi c\u00e1c PD tu\u00e2n th\u1ee7 theo chu\u1ea9n IEEE 802.3af, m\u1edf r\u1ed9ng m\u1ea1ng gia \u0111\u00ecnh v\u00e0 v\u0103n ph\u00f2ng<br \/>&#8211; QoS 802.1p\/DSCP cho ph\u00e9p l\u01b0u l\u01b0\u1ee3ng truy c\u1eadp nh\u1ea1y c\u1ea3m v\u1edbi \u0111\u1ed9 tr\u1ec5<br \/>&#8211; H\u1ed7 tr\u1ee3 c\u1ea5p ngu\u1ed3n POE l\u00ean t\u1edbi 15.4W cho m\u1ed7i c\u1ed5ng PoE<br \/>&#8211; H\u1ed7 tr\u1ee3 c\u1ea5p ngu\u1ed3n PoE l\u00ean t\u1edbi 56W cho t\u1ea5t c\u1ea3 c\u00e1c c\u1ed5ng PoE<br \/>&#8211; Kh\u00f4ng y\u00eau c\u1ea7u c\u1ea5u h\u00ecnh v\u00e0 c\u00e0i \u0111\u1eb7t<\/p>\n<ul>\n<\/ul>\n<\/ul>","protected":false},"featured_media":12766,"comment_status":"closed","ping_status":"closed","template":"","meta":[],"pwb-brand":[],"product_cat":[2896],"product_tag":[2849],"class_list":{"0":"post-12765","1":"product","2":"type-product","3":"status-publish","4":"has-post-thumbnail","6":"product_cat-tp-link","7":"product_tag-switch","9":"first","10":"instock","11":"shipping-taxable","12":"product-type-simple"},"brands":[],"_links":{"self":[{"href":"https:\/\/serverhot.vn\/fr\/wp-json\/wp\/v2\/product\/12765","targetHints":{"allow":["GET"]}}],"collection":[{"href":"https:\/\/serverhot.vn\/fr\/wp-json\/wp\/v2\/product"}],"about":[{"href":"https:\/\/serverhot.vn\/fr\/wp-json\/wp\/v2\/types\/product"}],"replies":[{"embeddable":true,"href":"https:\/\/serverhot.vn\/fr\/wp-json\/wp\/v2\/comments?post=12765"}],"wp:featuredmedia":[{"embeddable":true,"href":"https:\/\/serverhot.vn\/fr\/wp-json\/wp\/v2\/media\/12766"}],"wp:attachment":[{"href":"https:\/\/serverhot.vn\/fr\/wp-json\/wp\/v2\/media?parent=12765"}],"wp:term":[{"taxonomy":"pwb-brand","embeddable":true,"href":"https:\/\/serverhot.vn\/fr\/wp-json\/wp\/v2\/pwb-brand?post=12765"},{"taxonomy":"product_cat","embeddable":true,"href":"https:\/\/serverhot.vn\/fr\/wp-json\/wp\/v2\/product_cat?post=12765"},{"taxonomy":"product_tag","embeddable":true,"href":"https:\/\/serverhot.vn\/fr\/wp-json\/wp\/v2\/product_tag?post=12765"}],"curies":[{"name":"wp","href":"https:\/\/api.w.org\/{rel}","templated":true}]}}