{"id":12821,"date":"2024-06-29T18:35:59","date_gmt":"2024-06-29T11:35:59","guid":{"rendered":"https:\/\/serverhot.vn\/product\/uncategorized\/tivi-sony-4k-49-inch-android-kd-49x8000h-ma-san-pham-kd-49x8000h\/"},"modified":"2024-06-29T18:36:00","modified_gmt":"2024-06-29T11:36:00","slug":"tivi-sony-4k-49-inch-android-kd-49x8000h-ma-san-pham-kd-49x8000h","status":"publish","type":"product","link":"https:\/\/serverhot.vn\/fr\/-product-\/tivi-sony-4k-49-inch-android-kd-49x8000h-ma-san-pham-kd-49x8000h\/","title":{"rendered":"Tivi Sony 4K 49 inch Android KD-49X8000H M\u00e3 s\u1ea3n ph\u1ea9m: KD-49X8000H"},"content":{"rendered":"<div class=\"showText tabs\" id=\"tab2\">\n<div class=\"box_right_pro_view\">\n<div class=\"thongso_pro a_technical\" style=\"max-height: fit-content\">\n<table border=\"1\">\n<tbody>\n<tr>\n<td>Lo\u1ea1i Tivi<\/td>\n<td>Android Tivi<\/td>\n<\/tr>\n<tr>\n<td>K\u00edch c\u1ee1 m\u00e0n h\u00ecnh<\/td>\n<td>49 inch<\/td>\n<\/tr>\n<tr>\n<td>\u0110\u1ed9 ph\u00e2n gi\u1ea3i<\/td>\n<td>Ultra HD 4K<\/td>\n<\/tr>\n<tr>\n<td>Bluetooth<\/td>\n<td>C\u00f3 (b\u00e0n ph\u00edm, chu\u1ed9t, tay game)<\/td>\n<\/tr>\n<tr>\n<td>K\u1ebft n\u1ed1i Internet<\/td>\n<td>C\u1ed5ng LAN, Wifi<\/td>\n<\/tr>\n<tr>\n<td>C\u1ed5ng AV<\/td>\n<td>C\u00f3 c\u1ed5ng Composite<\/td>\n<\/tr>\n<tr>\n<td>C\u1ed5ng HDMI<\/td>\n<td>4 c\u1ed5ng<\/td>\n<\/tr>\n<tr>\n<td>C\u1ed5ng xu\u1ea5t \u00e2m thanh<\/td>\n<td>ARC, Digital Audio Out (C\u1ed5ng Optical)<\/td>\n<\/tr>\n<tr>\n<td>USB<\/td>\n<td>2 c\u1ed5ng<\/td>\n<\/tr>\n<tr>\n<td>T\u00edch h\u1ee3p \u0111\u1ea7u thu k\u1ef9 thu\u1eadt s\u1ed1<\/td>\n<td>DVB-T2<\/td>\n<\/tr>\n<tr>\n<td>T\u00ednh n\u0103ng th\u00f4ng minh<\/td>\n<td>(C\u1eadp nh\u1eadt 5\/2020)<\/td>\n<\/tr>\n<tr>\n<td>H\u1ec7 \u0111i\u1ec1u h\u00e0nh, giao di\u1ec7n<\/td>\n<td>Android 9.0<\/td>\n<\/tr>\n<tr>\n<td>Remote th\u00f4ng minh<\/td>\n<td>C\u00f3 remote th\u00f4ng minh (t\u00ecm ki\u1ebfm b\u1eb1ng gi\u1ecdng n\u00f3i c\u00f3 h\u1ed7 tr\u1ee3 ti\u1ebfng Vi\u1ec7t)<\/td>\n<\/tr>\n<tr>\n<td>\u0110i\u1ec1u khi\u1ec3n tivi b\u1eb1ng \u0111i\u1ec7n tho\u1ea1i<\/td>\n<td>B\u1eb1ng \u1ee9ng d\u1ee5ng Android TV<\/td>\n<\/tr>\n<tr>\n<td>K\u1ebft n\u1ed1i kh\u00f4ng d\u00e2y v\u1edbi \u0111i\u1ec7n tho\u1ea1i, m\u00e1y t\u00ednh b\u1ea3ng<\/td>\n<td>Apple homekit, Chi\u1ebfu m\u00e0n h\u00ecnh qua AirPlay 2, Chi\u1ebfu m\u00e0n h\u00ecnh Chromecast<\/td>\n<\/tr>\n<tr>\n<td>K\u1ebft n\u1ed1i B\u00e0n ph\u00edm, chu\u1ed9t<\/td>\n<td>C\u00f3<\/td>\n<\/tr>\n<tr>\n<td>T\u00ednh n\u0103ng th\u00f4ng minh kh\u00e1c<\/td>\n<td>Remote c\u00e0i s\u1eb5n ph\u00edm Google Play v\u00e0 Netflix<\/td>\n<\/tr>\n<tr>\n<td>C\u00f4ng ngh\u1ec7 h\u00ecnh \u1ea3nh<\/td>\n<td>High Dynamic Range, Triluminos Display, Motionflow XR 200, Chip X1 4K HDR Processor, Edge LED Frame Dimming, Dolby Vision<\/td>\n<\/tr>\n<tr>\n<td>C\u00f4ng ngh\u1ec7 qu\u00e9t h\u00ecnh<\/td>\n<td>Motionflow:tm: XR 200 Hz<\/td>\n<\/tr>\n<tr>\n<td>C\u00f4ng ngh\u1ec7 \u00e2m thanh<\/td>\n<td>Loa Bass Reflex Speaker, S-Master Digital Amplifier, H\u1ed7 tr\u1ee3 ARC, S-Force Front Surround, Dolby Atmos<\/td>\n<\/tr>\n<tr>\n<td>T\u1ed5ng c\u00f4ng su\u1ea5t loa<\/td>\n<td>10W &#8211; 10W<\/td>\n<\/tr>\n<tr>\n<td>C\u00f4ng su\u1ea5t<\/td>\n<td>107 W<\/td>\n<\/tr>\n<tr>\n<td>K\u00edch th\u01b0\u1edbc c\u00f3 ch\u00e2n, \u0111\u1eb7t b\u00e0n<\/td>\n<td>Ngang 110.1 cm &#8211; Cao 70.4 cm &#8211; D\u00e0y 28.6 cm<\/td>\n<\/tr>\n<tr>\n<td>Kh\u1ed1i l\u01b0\u1ee3ng c\u00f3 ch\u00e2n<\/td>\n<td>12.1 Kg<\/td>\n<\/tr>\n<tr>\n<td>K\u00edch th\u01b0\u1edbc kh\u00f4ng ch\u00e2n, treo t\u01b0\u1eddng<\/td>\n<td>Ngang 110.1 cm &#8211; Cao 64.5 cm &#8211; D\u00e0y 5.7 cm<\/td>\n<\/tr>\n<tr>\n<td>Kh\u1ed1i l\u01b0\u1ee3ng kh\u00f4ng ch\u00e2n<\/td>\n<td>11.6 Kg<\/td>\n<\/tr>\n<\/tbody>\n<\/table><\/div>\n<p>                            <!--                            <\/p>\n<div class=\"xemthem_id_r\">--><br \/>\n                            <!--                                <a><!--\/show\/?token=--><br \/>\n                            <!--\"--><br \/>\n                            <!--                                   class=\"preview fancybox fancybox.ajax\" rel=\"nofollow\"&gt;Xem th&#234;m th&#244;ng s&#7889; k&#7929; thu&#7853;t<\/a>--><br \/>\n                            <!--                            <\/div>\n<p>-->\n                        <\/p><\/div>\n<\/p><\/div>","protected":false},"excerpt":{"rendered":"<ul>\n<ul>\n<li>Lo\u1ea1i Tivi: Android Tivi<\/li>\n<li>K\u00edch c\u1ee1 m\u00e0n h\u00ecnh: 49 inch<\/li>\n<li>\u0110\u1ed9 ph\u00e2n gi\u1ea3i: Ultra HD 4K<\/li>\n<li>Bluetooth: C\u00f3 (b\u00e0n ph\u00edm, chu\u1ed9t, tay game)<\/li>\n<li>K\u1ebft n\u1ed1i Internet:C\u1ed5ng LAN, Wifi<\/li>\n<li>C\u1ed5ng AV: C\u00f3 c\u1ed5ng Composite<\/li>\n<li>C\u1ed5ng HDMI: 4 c\u1ed5ng<\/li>\n<\/ul>\n<\/ul>","protected":false},"featured_media":12822,"comment_status":"closed","ping_status":"closed","template":"","meta":[],"pwb-brand":[],"product_cat":[2909],"product_tag":[],"class_list":{"0":"post-12821","1":"product","2":"type-product","3":"status-publish","4":"has-post-thumbnail","6":"product_cat-man-hinh-may-tinh","8":"first","9":"instock","10":"shipping-taxable","11":"product-type-simple"},"brands":[],"_links":{"self":[{"href":"https:\/\/serverhot.vn\/fr\/wp-json\/wp\/v2\/product\/12821","targetHints":{"allow":["GET"]}}],"collection":[{"href":"https:\/\/serverhot.vn\/fr\/wp-json\/wp\/v2\/product"}],"about":[{"href":"https:\/\/serverhot.vn\/fr\/wp-json\/wp\/v2\/types\/product"}],"replies":[{"embeddable":true,"href":"https:\/\/serverhot.vn\/fr\/wp-json\/wp\/v2\/comments?post=12821"}],"wp:featuredmedia":[{"embeddable":true,"href":"https:\/\/serverhot.vn\/fr\/wp-json\/wp\/v2\/media\/12822"}],"wp:attachment":[{"href":"https:\/\/serverhot.vn\/fr\/wp-json\/wp\/v2\/media?parent=12821"}],"wp:term":[{"taxonomy":"pwb-brand","embeddable":true,"href":"https:\/\/serverhot.vn\/fr\/wp-json\/wp\/v2\/pwb-brand?post=12821"},{"taxonomy":"product_cat","embeddable":true,"href":"https:\/\/serverhot.vn\/fr\/wp-json\/wp\/v2\/product_cat?post=12821"},{"taxonomy":"product_tag","embeddable":true,"href":"https:\/\/serverhot.vn\/fr\/wp-json\/wp\/v2\/product_tag?post=12821"}],"curies":[{"name":"wp","href":"https:\/\/api.w.org\/{rel}","templated":true}]}}