{"id":12861,"date":"2024-06-29T18:41:50","date_gmt":"2024-06-29T11:41:50","guid":{"rendered":"https:\/\/serverhot.vn\/product\/uncategorized\/smart-tivi-4k-49-inch-sony-kd-49x8050h-ma-san-pham-kd-49x8050h\/"},"modified":"2024-06-29T18:41:51","modified_gmt":"2024-06-29T11:41:51","slug":"smart-tivi-4k-49-inch-sony-kd-49x8050h-ma-san-pham-kd-49x8050h","status":"publish","type":"product","link":"https:\/\/serverhot.vn\/fr\/-product-\/smart-tivi-4k-49-inch-sony-kd-49x8050h-ma-san-pham-kd-49x8050h\/","title":{"rendered":"Smart Tivi 4K 49 inch Sony KD-49X8050H M\u00e3 s\u1ea3n ph\u1ea9m: KD-49X8050H"},"content":{"rendered":"<div class=\"showText tabs\" id=\"tab2\">\n<div class=\"box_right_pro_view\">\n<div class=\"thongso_pro a_technical\" style=\"max-height: fit-content\">\n<div class=\"pd-attrvalue-item\">\n<div class=\"pd-atv-col-l\">Th\u01b0\u01a1ng hi\u1ec7u<\/div>\n<div class=\"pd-atv-col-r\">Sony<\/div>\n<\/div>\n<div class=\"pd-attrvalue-item\">\n<div class=\"pd-atv-col-l\">M\u00e3 s\u1ea3n ph\u1ea9m<\/div>\n<div class=\"pd-atv-col-r\">KD-49X8050H<\/div>\n<\/div>\n<div class=\"pd-attrvalue-item\">\n<div class=\"pd-atv-col-l\">Lo\u1ea1i tivi<\/div>\n<div class=\"pd-atv-col-r\">Smart Tivi, Tivi Ultra HD<\/div>\n<\/div>\n<div class=\"pd-attrvalue-item\">\n<div class=\"pd-atv-col-l\">K\u00edch th\u01b0\u1edbc m\u00e0n h\u00ecnh<\/div>\n<div class=\"pd-atv-col-r\">49 inch<\/div>\n<\/div>\n<div class=\"pd-attrvalue-item\">\n<div class=\"pd-atv-col-l\">\u0110\u1ed9 ph\u00e2n gi\u1ea3i<\/div>\n<div class=\"pd-atv-col-r\">4K Ultra HD (3840 x 2160px)<\/div>\n<\/div>\n<div class=\"pd-attrvalue-item\">\n<div class=\"pd-atv-col-l\">Bluetooth<\/div>\n<div class=\"pd-atv-col-r\">C\u00f3<\/div>\n<\/div>\n<div class=\"pd-attrvalue-item\">\n<div class=\"pd-atv-col-l\">K\u1ebft n\u1ed1i Internet<\/div>\n<div class=\"pd-atv-col-r\">Wifi, C\u1ed5ng LAN<\/div>\n<\/div>\n<div class=\"pd-attrvalue-item\">\n<div class=\"pd-atv-col-l\">C\u1ed5ng AV<\/div>\n<div class=\"pd-atv-col-r\">C\u1ed5ng Composite<\/div>\n<\/div>\n<div class=\"pd-attrvalue-item\">\n<div class=\"pd-atv-col-l\">C\u1ed5ng HDMI<\/div>\n<div class=\"pd-atv-col-r\">4 c\u1ed5ng<\/div>\n<\/div>\n<div class=\"pd-attrvalue-item\">\n<div class=\"pd-atv-col-l\">C\u1ed5ng USB<\/div>\n<div class=\"pd-atv-col-r\">2 c\u1ed5ng<\/div>\n<\/div>\n<div class=\"pd-attrvalue-item\">\n<div class=\"pd-atv-col-l\">C\u1ed5ng xu\u1ea5t \u00e2m thanh<\/div>\n<div class=\"pd-atv-col-r\">C\u1ed5ng Optical (Digital Audio Out), Jack loa 3.5 mm<\/div>\n<\/div>\n<div class=\"pd-attrvalue-item\">\n<div class=\"pd-atv-col-l\">T\u00edch h\u1ee3p \u0111\u1ea7u thu k\u1ef9 thu\u1eadt s\u1ed1<\/div>\n<div class=\"pd-atv-col-r\">DVB-T2<\/div>\n<\/div>\n<div class=\"pd-attrvalue-item\">\n<div class=\"pd-atv-col-l\">H\u1ec7 \u0111i\u1ec1u h\u00e0nh, giao di\u1ec7n<\/div>\n<div class=\"pd-atv-col-r\">Android OS<\/div>\n<\/div>\n<div class=\"pd-attrvalue-item\">\n<div class=\"pd-atv-col-l\">C\u00e1c \u1ee9ng d\u1ee5ng s\u1eb5n c\u00f3<\/div>\n<div class=\"pd-atv-col-r\">YouTube, Netflix, Google Play Store, Web Browser<\/div>\n<\/div>\n<div class=\"pd-attrvalue-item\">\n<div class=\"pd-atv-col-l\">H\u1ed7 tr\u1ee3 \u0111i\u1ec1u khi\u1ec3n th\u00f4ng minh<\/div>\n<div class=\"pd-atv-col-r\">\u0110i\u1ec1u khi\u1ec3n t\u00edch h\u1ee3p Voice search<\/div>\n<\/div>\n<div class=\"pd-attrvalue-item\">\n<div class=\"pd-atv-col-l\">\u0110i\u1ec1u khi\u1ec3n tivi b\u1eb1ng \u0111i\u1ec7n tho\u1ea1i<\/div>\n<div class=\"pd-atv-col-r\">B\u1eb1ng \u1ee9ng d\u1ee5ng Android TV<\/div>\n<\/div>\n<div class=\"pd-attrvalue-item\">\n<div class=\"pd-atv-col-l\">K\u1ebft n\u1ed1i kh\u00f4ng d\u00e2y v\u1edbi \u0111i\u1ec7n tho\u1ea1i, m\u00e1y t\u00ednh b\u1ea3ng<\/div>\n<div class=\"pd-atv-col-r\">Chi\u1ebfu m\u00e0n h\u00ecnh qua AirPlay 2, Chi\u1ebfu m\u00e0n h\u00ecnh Chromecast<\/div>\n<\/div>\n<div class=\"pd-attrvalue-item\">\n<div class=\"pd-atv-col-l\">K\u1ebft n\u1ed1i B\u00e0n ph\u00edm, chu\u1ed9t<\/div>\n<div class=\"pd-atv-col-r\">C\u00f3<\/div>\n<\/div>\n<div class=\"pd-attrvalue-item\">\n<div class=\"pd-atv-col-l\">T\u01b0\u01a1ng t\u00e1c th\u00f4ng minh<\/div>\n<div class=\"pd-atv-col-r\">T\u00ecm ki\u1ebfm b\u1eb1ng gi\u1ecdng n\u00f3i (c\u00f3 h\u1ed7 tr\u1ee3 ti\u1ebfng Vi\u1ec7t), Tr\u1ee3 l\u00fd \u1ea3o Google Assistant<\/div>\n<\/div>\n<div class=\"pd-attrvalue-item\">\n<div class=\"pd-atv-col-l\">B\u1ed9 vi x\u1eed l\u00fd<\/div>\n<div class=\"pd-atv-col-r\">4K X1<\/div>\n<\/div>\n<div class=\"pd-attrvalue-item\">\n<div class=\"pd-atv-col-l\">C\u00f4ng ngh\u1ec7 h\u00ecnh \u1ea3nh<\/div>\n<div class=\"pd-atv-col-r\">TRILUMINOS Display, 4K HDR X1\u2122 Extreme<\/div>\n<\/div>\n<div class=\"pd-attrvalue-item\">\n<div class=\"pd-atv-col-l\">C\u00f4ng ngh\u1ec7 \u00e2m thanh<\/div>\n<div class=\"pd-atv-col-r\">Dolby Digital<\/div>\n<\/div>\n<div class=\"pd-attrvalue-item\">\n<div class=\"pd-atv-col-l\">T\u1ed5ng c\u00f4ng su\u1ea5t loa<\/div>\n<div class=\"pd-atv-col-r\">20 W (2 loa m\u1ed7i loa 10 W)<\/div>\n<\/div><\/div>\n<p>                            <!--                            <\/p>\n<div class=\"xemthem_id_r\">--><br \/>\n                            <!--                                <a><!--\/show\/?token=--><br \/>\n                            <!--\"--><br \/>\n                            <!--                                   class=\"preview fancybox fancybox.ajax\" rel=\"nofollow\"&gt;Xem th&#234;m th&#244;ng s&#7889; k&#7929; thu&#7853;t<\/a>--><br \/>\n                            <!--                            <\/div>\n<p>-->\n                        <\/p><\/div>\n<\/p><\/div>","protected":false},"excerpt":{"rendered":"<ul>\n<ul>\n<li>M\u00e0n h\u00ecnh k\u00edch th\u01b0\u1edbc 49 inch m\u1edf r\u1ed9ng tr\u1ea3i nghi\u1ec7m h\u00ecnh \u1ea3nh<\/li>\n<li>\u0110\u1ed9 ph\u00e2n gi\u1ea3i 4K\u00a0hi\u1ec3n th\u1ecb h\u00ecnh \u1ea3nh s\u1eafc n\u00e9t \u0111\u1ebfn t\u1eebng chi ti\u1ebft<\/li>\n<li>B\u1ed9 x\u1eed l\u00fd 4K HDR X1 gi\u00fap n\u00e2ng cao ch\u1ea5t l\u01b0\u1ee3ng h\u00ecnh \u1ea3nh<\/li>\n<li>C\u00f4ng ngh\u1ec7 Triluminos cho h\u00ecnh \u1ea3nh ch\u00e2n th\u1ef1c v\u00e0 ch\u00ednh x\u00e1c<\/li>\n<li>C\u00f4ng ngh\u1ec7 Motionflow gi\u00fap gi\u1ea3m m\u1edd trong c\u1ea3nh chuy\u1ec3n \u0111\u1ed9ng<\/li>\n<li>Th\u01b0\u1edfng th\u1ee9c \u00e2m thanh s\u1ed1ng \u0111\u1ed9ng v\u1edbi\u00a0loa X-Balanced Speaker<\/li>\n<li>Thi\u1ebft k\u1ebf vi\u1ec1n m\u1ecfng tinh t\u1ebf t\u1ea1o n\u00e9t \u0111\u1eb9p sang tr\u1ecdng hi\u1ec7n \u0111\u1ea1i<\/li>\n<\/ul>\n<\/ul>","protected":false},"featured_media":12862,"comment_status":"closed","ping_status":"closed","template":"","meta":[],"pwb-brand":[],"product_cat":[2909],"product_tag":[],"class_list":{"0":"post-12861","1":"product","2":"type-product","3":"status-publish","4":"has-post-thumbnail","6":"product_cat-man-hinh-may-tinh","8":"first","9":"instock","10":"shipping-taxable","11":"product-type-simple"},"brands":[],"_links":{"self":[{"href":"https:\/\/serverhot.vn\/fr\/wp-json\/wp\/v2\/product\/12861","targetHints":{"allow":["GET"]}}],"collection":[{"href":"https:\/\/serverhot.vn\/fr\/wp-json\/wp\/v2\/product"}],"about":[{"href":"https:\/\/serverhot.vn\/fr\/wp-json\/wp\/v2\/types\/product"}],"replies":[{"embeddable":true,"href":"https:\/\/serverhot.vn\/fr\/wp-json\/wp\/v2\/comments?post=12861"}],"wp:featuredmedia":[{"embeddable":true,"href":"https:\/\/serverhot.vn\/fr\/wp-json\/wp\/v2\/media\/12862"}],"wp:attachment":[{"href":"https:\/\/serverhot.vn\/fr\/wp-json\/wp\/v2\/media?parent=12861"}],"wp:term":[{"taxonomy":"pwb-brand","embeddable":true,"href":"https:\/\/serverhot.vn\/fr\/wp-json\/wp\/v2\/pwb-brand?post=12861"},{"taxonomy":"product_cat","embeddable":true,"href":"https:\/\/serverhot.vn\/fr\/wp-json\/wp\/v2\/product_cat?post=12861"},{"taxonomy":"product_tag","embeddable":true,"href":"https:\/\/serverhot.vn\/fr\/wp-json\/wp\/v2\/product_tag?post=12861"}],"curies":[{"name":"wp","href":"https:\/\/api.w.org\/{rel}","templated":true}]}}