{"id":12867,"date":"2024-06-29T18:42:50","date_gmt":"2024-06-29T11:42:50","guid":{"rendered":"https:\/\/serverhot.vn\/product\/uncategorized\/thiet-bi-mang-cisco-catalyst-c9300-24-ports-10-100-1000mbps-c9300-24t-a-ma-san-pham-c9300-24t-a\/"},"modified":"2024-06-29T18:42:51","modified_gmt":"2024-06-29T11:42:51","slug":"thiet-bi-mang-cisco-catalyst-c9300-24-ports-10-100-1000mbps-c9300-24t-a-ma-san-pham-c9300-24t-a","status":"publish","type":"product","link":"https:\/\/serverhot.vn\/fr\/-product-\/thiet-bi-mang-cisco-catalyst-c9300-24-ports-10-100-1000mbps-c9300-24t-a-ma-san-pham-c9300-24t-a\/","title":{"rendered":"Thi\u1ebft B\u1ecb M\u1ea1ng Cisco Catalyst C9300 24 ports 10\/100\/1000Mbps C9300-24T-A M\u00e3 s\u1ea3n ph\u1ea9m: C9300-24T-A"},"content":{"rendered":"<div class=\"showText tabs\" id=\"tab2\">\n<div class=\"box_right_pro_view\">\n<div class=\"thongso_pro a_technical\" style=\"max-height: fit-content\">\n<table>\n<tbody>\n<tr>\n<td>L&#039;entreprise<\/td>\n<td>Cisco<\/td>\n<\/tr>\n<tr>\n<td>M\u00e3 s\u1ea3n ph\u1ea9m<\/td>\n<td>C9300-24T-A<\/td>\n<\/tr>\n<tr>\n<td>C\u1ed5ng<\/td>\n<td>24&#215;10\/100\/1000Mbps<\/td>\n<\/tr>\n<tr>\n<td>Lo\u1ea1i<\/td>\n<td>L\u1eafp Rack<\/td>\n<\/tr>\n<tr>\n<td>X\u1ebfp ch\u1ed3ng b\u0103ng th\u00f4ng<\/td>\n<td>480 Gb \/ gi\u00e2y<\/td>\n<\/tr>\n<tr>\n<td>T\u1ed5ng s\u1ed1 \u0111\u1ecba ch\u1ec9 MAC<\/td>\n<td align=\"right\">32<\/td>\n<\/tr>\n<tr>\n<td>C\u00e1c m\u1ee5c \u0111\u1ecbnh tuy\u1ebfn IPv4<\/td>\n<td align=\"right\">32<\/td>\n<\/tr>\n<tr>\n<td>C\u00e1c m\u1ee5c \u0111\u1ecbnh tuy\u1ebfn IPv6<\/td>\n<td align=\"right\">16<\/td>\n<\/tr>\n<tr>\n<td>Quy m\u00f4 \u0111\u1ecbnh tuy\u1ebfn \u0111a h\u01b0\u1edbng<\/td>\n<td align=\"right\">8000<\/td>\n<\/tr>\n<tr>\n<td>M\u1ee5c nh\u1eadp quy m\u00f4 QoS<\/td>\n<td align=\"right\">5120<\/td>\n<\/tr>\n<tr>\n<td>M\u1ee5c nh\u1eadp t\u1ef7 l\u1ec7 ACL<\/td>\n<td align=\"right\">5120<\/td>\n<\/tr>\n<tr>\n<td>B\u1ed9 \u0111\u1ec7m g\u00f3i tr\u00ean m\u1ed7i SKU<\/td>\n<td>B\u1ed9 \u0111\u1ec7m 16 MB<\/td>\n<\/tr>\n<tr>\n<td>M\u1ee5c nh\u1eadp FNF<\/td>\n<td>64.000 d\u00f2ng ch\u1ea3y<\/td>\n<\/tr>\n<tr>\n<td>DRAM<\/td>\n<td>8 GB<\/td>\n<\/tr>\n<tr>\n<td>\u0110\u00e8n flash<\/td>\n<td>16 GB<\/td>\n<\/tr>\n<tr>\n<td>ID VLAN<\/td>\n<td align=\"right\">4000<\/td>\n<\/tr>\n<tr>\n<td>B\u0103ng th\u00f4ng kh\u00f4ng d\u00e2y tr\u00ean m\u1ed7i switch<\/td>\n<td>T\u1ed1i \u0111a 48 Gb \/ gi\u00e2y<\/td>\n<\/tr>\n<tr>\n<td>K\u00edch th\u01b0\u1edbc (H x W x D)<\/td>\n<td>1,73 x 17,5 x 17,5 inch \/ 4,4 x 44,5 x 44,5 cm<\/td>\n<\/tr>\n<tr>\n<td>Tr\u1ecdng l\u01b0\u1ee3ng<\/td>\n<td>16,03 Pounds \/ 7,27 kg<\/td>\n<\/tr>\n<tr>\n<td>Th\u1eddi gian trung b\u00ecnh gi\u1eefa th\u1ea5t b\u1ea1i (gi\u1edd)<\/td>\n<td>314,790<\/td>\n<\/tr>\n<\/tbody>\n<\/table><\/div>\n<p>                            <!--                            <\/p>\n<div class=\"xemthem_id_r\">--><br \/>\n                            <!--                                <a><!--\/show\/?token=--><br \/>\n                            <!--\"--><br \/>\n                            <!--                                   class=\"preview fancybox fancybox.ajax\" rel=\"nofollow\"&gt;Xem th&#234;m th&#244;ng s&#7889; k&#7929; thu&#7853;t<\/a>--><br \/>\n                            <!--                            <\/div>\n<p>-->\n                        <\/p><\/div>\n<\/p><\/div>","protected":false},"excerpt":{"rendered":"<ul>\n<p><span style=\"font-family: 'roboto condensed', sans-serif;font-size: 14px;background-color: #ffffff\">Switch Catalyst C9300-24T-A Catalyst 9300 24-port data only, Network Advantage ch\u00ednh h\u00e3ng s\u1edf h\u1eefu tr\u1ecdn b\u1ed9 t\u00ednh n\u0103ng layer 3 l\u00e0 s\u1ef1 ch\u1ecdn l\u1ef1a ho\u00e0n h\u1ea3o cho doanh nghi\u1ec7p.<\/span><\/p>\n<\/ul>","protected":false},"featured_media":12868,"comment_status":"closed","ping_status":"closed","template":"","meta":[],"pwb-brand":[],"product_cat":[2893],"product_tag":[2847,55,2849],"class_list":{"0":"post-12867","1":"product","2":"type-product","3":"status-publish","4":"has-post-thumbnail","6":"product_cat-cisco","7":"product_tag-cisco","8":"product_tag-run","9":"product_tag-switch","11":"first","12":"instock","13":"shipping-taxable","14":"product-type-simple"},"brands":[],"_links":{"self":[{"href":"https:\/\/serverhot.vn\/fr\/wp-json\/wp\/v2\/product\/12867","targetHints":{"allow":["GET"]}}],"collection":[{"href":"https:\/\/serverhot.vn\/fr\/wp-json\/wp\/v2\/product"}],"about":[{"href":"https:\/\/serverhot.vn\/fr\/wp-json\/wp\/v2\/types\/product"}],"replies":[{"embeddable":true,"href":"https:\/\/serverhot.vn\/fr\/wp-json\/wp\/v2\/comments?post=12867"}],"wp:featuredmedia":[{"embeddable":true,"href":"https:\/\/serverhot.vn\/fr\/wp-json\/wp\/v2\/media\/12868"}],"wp:attachment":[{"href":"https:\/\/serverhot.vn\/fr\/wp-json\/wp\/v2\/media?parent=12867"}],"wp:term":[{"taxonomy":"pwb-brand","embeddable":true,"href":"https:\/\/serverhot.vn\/fr\/wp-json\/wp\/v2\/pwb-brand?post=12867"},{"taxonomy":"product_cat","embeddable":true,"href":"https:\/\/serverhot.vn\/fr\/wp-json\/wp\/v2\/product_cat?post=12867"},{"taxonomy":"product_tag","embeddable":true,"href":"https:\/\/serverhot.vn\/fr\/wp-json\/wp\/v2\/product_tag?post=12867"}],"curies":[{"name":"wp","href":"https:\/\/api.w.org\/{rel}","templated":true}]}}