{"id":13265,"date":"2024-06-29T19:32:12","date_gmt":"2024-06-29T12:32:12","guid":{"rendered":"https:\/\/serverhot.vn\/product\/uncategorized\/day-nguon-c13-uk-13a-250v-3-chau-cau-chi-dai-2-5m-ma-san-pham-c13-uk\/"},"modified":"2024-06-29T19:32:13","modified_gmt":"2024-06-29T12:32:13","slug":"day-nguon-c13-uk-13a-250v-3-chau-cau-chi-dai-2-5m-ma-san-pham-c13-uk","status":"publish","type":"product","link":"https:\/\/serverhot.vn\/fr\/-product-\/day-nguon-c13-uk-13a-250v-3-chau-cau-chi-dai-2-5m-ma-san-pham-c13-uk\/","title":{"rendered":"D\u00e2y Ngu\u1ed3n C13 UK 13A\/250V 3 Ch\u1ea5u C\u1ea7u Ch\u00ec D\u00e0i 2.5m M\u00e3 s\u1ea3n ph\u1ea9m: C13-UK"},"content":{"rendered":"<div class=\"showText tabs\" id=\"tab2\">\n                                    <\/div>","protected":false},"excerpt":{"rendered":"<ul>\n<p>D\u00e2y ngu\u1ed3n C13 UK 13A\/250V, 3 ch\u1ea5u c\u1ea7u ch\u00ec d\u00e0i 2.5m<\/p>\n<\/ul>","protected":false},"featured_media":13266,"comment_status":"closed","ping_status":"closed","template":"","meta":[],"pwb-brand":[],"product_cat":[2915],"product_tag":[],"class_list":{"0":"post-13265","1":"product","2":"type-product","3":"status-publish","4":"has-post-thumbnail","6":"product_cat-tu-rack","8":"first","9":"instock","10":"shipping-taxable","11":"product-type-simple"},"brands":[],"_links":{"self":[{"href":"https:\/\/serverhot.vn\/fr\/wp-json\/wp\/v2\/product\/13265","targetHints":{"allow":["GET"]}}],"collection":[{"href":"https:\/\/serverhot.vn\/fr\/wp-json\/wp\/v2\/product"}],"about":[{"href":"https:\/\/serverhot.vn\/fr\/wp-json\/wp\/v2\/types\/product"}],"replies":[{"embeddable":true,"href":"https:\/\/serverhot.vn\/fr\/wp-json\/wp\/v2\/comments?post=13265"}],"wp:featuredmedia":[{"embeddable":true,"href":"https:\/\/serverhot.vn\/fr\/wp-json\/wp\/v2\/media\/13266"}],"wp:attachment":[{"href":"https:\/\/serverhot.vn\/fr\/wp-json\/wp\/v2\/media?parent=13265"}],"wp:term":[{"taxonomy":"pwb-brand","embeddable":true,"href":"https:\/\/serverhot.vn\/fr\/wp-json\/wp\/v2\/pwb-brand?post=13265"},{"taxonomy":"product_cat","embeddable":true,"href":"https:\/\/serverhot.vn\/fr\/wp-json\/wp\/v2\/product_cat?post=13265"},{"taxonomy":"product_tag","embeddable":true,"href":"https:\/\/serverhot.vn\/fr\/wp-json\/wp\/v2\/product_tag?post=13265"}],"curies":[{"name":"wp","href":"https:\/\/api.w.org\/{rel}","templated":true}]}}