{"id":13497,"date":"2024-07-06T11:30:07","date_gmt":"2024-07-06T04:30:07","guid":{"rendered":"https:\/\/serverhot.vn\/-product-\/camera-ip-hong-ngoai-2-0-megapixel-hikvision-ds-2cd1023g0e-id-ma-san-pham-ds-2cd1023g0e-id\/"},"modified":"2024-07-06T11:30:11","modified_gmt":"2024-07-06T04:30:11","slug":"camera-ip-hong-ngoai-2-0-megapixel-hikvision-ds-2cd1023g0e-id-ma-san-pham-ds-2cd1023g0e-id","status":"publish","type":"product","link":"https:\/\/serverhot.vn\/fr\/-product-\/camera-ip-hong-ngoai-2-0-megapixel-hikvision-ds-2cd1023g0e-id-ma-san-pham-ds-2cd1023g0e-id\/","title":{"rendered":"Camera IP H\u1ed3ng Ngo\u1ea1i 2.0 Megapixel Hikvision DS-2CD1023G0E-ID M\u00e3 s\u1ea3n ph\u1ea9m: DS-2CD1023G0E-ID"},"content":{"rendered":"<div class=\"showText tabs\" id=\"tab2\">\n<div class=\"box_right_pro_view\">\n<div class=\"thongso_pro a_technical\" style=\"max-height: fit-content\">\n<table border=\"1\">\n<tbody>\n<tr>\n<td colspan=\"2\" width=\"662\">\n<p>Camera<\/p>\n<\/td>\n<\/tr>\n<tr>\n<td width=\"175\">C\u1ea3m bi\u1ebfn \u1ea3nh<\/td>\n<td width=\"486\">CMOS qu\u00e9t li\u00ean t\u1ee5c 1 \/ 2.8 \u2033<\/td>\n<\/tr>\n<tr>\n<td width=\"175\">Min.\u00a0S\u1ef1 chi\u1ebfu s\u00e1ng<\/td>\n<td width=\"486\">M\u00e0u: 0.01 Lux @ (F1.2, AGC ON), 0.028Lux @ (F2.0, AGC ON)<\/td>\n<\/tr>\n<tr>\n<td width=\"175\">T\u1ed1c \u0111\u1ed9 m\u00e0n tr\u1eadp<\/td>\n<td width=\"486\">1\/3 gi\u00e2y \u0111\u1ebfn 1\/100, 000 gi\u00e2y<\/td>\n<\/tr>\n<tr>\n<td width=\"175\">M\u00e0n tr\u1eadp ch\u1eadm<\/td>\n<td width=\"486\">\u0111\u00fang<\/td>\n<\/tr>\n<tr>\n<td width=\"175\">T\u1ef1 \u0111\u1ed9ng Iris<\/td>\n<td width=\"486\">Kh\u00f4ng<\/td>\n<\/tr>\n<tr>\n<td width=\"175\">Ng\u00e0y \u0111\u00eam<\/td>\n<td width=\"486\">B\u1ed9 l\u1ecdc c\u1eaft IR<\/td>\n<\/tr>\n<tr>\n<td width=\"175\">Gi\u1ea3m nhi\u1ec5u k\u1ef9 thu\u1eadt s\u1ed1<\/td>\n<td width=\"486\">3D DNR<\/td>\n<\/tr>\n<tr>\n<td width=\"175\">WDR<\/td>\n<td width=\"486\">DWDR<\/td>\n<\/tr>\n<tr>\n<td width=\"175\">\u0110i\u1ec1u ch\u1ec9nh g\u00f3c (Gi\u00e1 \u0111\u1ee1)<\/td>\n<td width=\"486\">Xoay: 0 \u00b0 \u0111\u1ebfn 360 \u00b0, nghi\u00eang: 0 \u00b0 \u0111\u1ebfn 180 \u00b0, xoay: 0 \u00b0 \u0111\u1ebfn 360 \u00b0<\/td>\n<\/tr>\n<tr>\n<td colspan=\"2\" width=\"662\">\u1ed0ng k\u00ednh<\/td>\n<\/tr>\n<tr>\n<td width=\"175\">Ti\u00eau c\u1ef1<\/td>\n<td width=\"486\">2,8 mm<\/td>\n<\/tr>\n<tr>\n<td width=\"175\">Mi\u1ec7ng v\u1ecf<\/td>\n<td width=\"486\">F2.0<\/td>\n<\/tr>\n<tr>\n<td width=\"175\">Ti\u00eau \u0111i\u1ec3m<\/td>\n<td width=\"486\">\u0111\u00e3 s\u1eeda<\/td>\n<\/tr>\n<tr>\n<td width=\"175\">FOV<\/td>\n<td width=\"486\">2,8\u00a0mm,\u00a0FOV ngang 114,8 \u00b0, FOV d\u1ecdc 62 \u00b0, FOV ch\u00e9o 135,5 \u00b0<\/td>\n<\/tr>\n<tr>\n<td width=\"175\">G\u1eafn \u1ed1ng k\u00ednh<\/td>\n<td width=\"486\">M12<\/td>\n<\/tr>\n<tr>\n<td colspan=\"2\" width=\"662\">IR<\/td>\n<\/tr>\n<tr>\n<td width=\"175\">D\u1ea3i h\u1ed3ng ngo\u1ea1i<\/td>\n<td width=\"486\">L\u00ean \u0111\u1ebfn 30 m<\/td>\n<\/tr>\n<tr>\n<td width=\"175\">B\u01b0\u1edbc s\u00f3ng<\/td>\n<td width=\"486\">850 nm<\/td>\n<\/tr>\n<tr>\n<td width=\"175\">Ti\u00eau chu\u1ea9n n\u00e9n<\/td>\n<td width=\"486\">\u00a0<\/td>\n<\/tr>\n<tr>\n<td width=\"175\">N\u00e9n video<\/td>\n<td width=\"486\">Lu\u1ed3ng ch\u00ednh: H.265 + \/ H.265 \/ H.264 + \/ H.264<\/p>\n<p>Lu\u1ed3ng ph\u1ee5: H.265 \/ H.264 \/ MJPEG<\/p>\n<\/td>\n<\/tr>\n<tr>\n<td width=\"175\">Lo\u1ea1i H.264<\/td>\n<td width=\"486\">H\u1ed3 s\u01a1 ch\u00ednh \/ H\u1ed3 s\u01a1 c\u1ea5p cao \/ H\u1ed3 s\u01a1 c\u01a1 s\u1edf<\/td>\n<\/tr>\n<tr>\n<td width=\"175\">Lo\u1ea1i H.265<\/td>\n<td width=\"486\">Ti\u1ec3u s\u1eed ch\u00ednh<\/td>\n<\/tr>\n<tr>\n<td width=\"175\">T\u1ed1c \u0111\u1ed9 bit video<\/td>\n<td width=\"486\">32 Kb \/ gi\u00e2y \u0111\u1ebfn 8 Mbps<\/td>\n<\/tr>\n<tr>\n<td colspan=\"2\" width=\"662\">B\u1ed9 t\u00ednh n\u0103ng th\u00f4ng minh<\/td>\n<\/tr>\n<tr>\n<td width=\"175\">Khu v\u1ef1c quan t\u00e2m<\/td>\n<td width=\"486\">1 v\u00f9ng c\u1ed1 \u0111\u1ecbnh cho lu\u1ed3ng ch\u00ednh<\/td>\n<\/tr>\n<tr>\n<td colspan=\"2\" width=\"662\">H\u00ecnh \u1ea3nh<\/td>\n<\/tr>\n<tr>\n<td width=\"175\">T\u1ed1i \u0111a\u00a0Ngh\u1ecb quy\u1ebft<\/td>\n<td width=\"486\">1920 \u00d7 1080<\/td>\n<\/tr>\n<tr>\n<td width=\"175\">Xu h\u01b0\u1edbng<\/p>\n<p>T\u1ed1i \u0111a\u00a0T\u1ef7 l\u1ec7 khung h\u00ecnh<\/p>\n<\/td>\n<td width=\"486\">50Hz: 25 khung h\u00ecnh \/ gi\u00e2y (1920 \u00d7 1080, 1280 \u00d7 960, 1280 \u00d7 720)<\/p>\n<p>60Hz: 30 khung h\u00ecnh \/ gi\u00e2y (1920 \u00d7 1080, 1280 \u00d7 960, 1280 \u00d7 720)<\/p>\n<\/td>\n<\/tr>\n<tr>\n<td width=\"175\">D\u00f2ng ph\u1ee5<\/p>\n<p>T\u1ed1i \u0111a\u00a0T\u1ef7 l\u1ec7 khung h\u00ecnh<\/p>\n<\/td>\n<td width=\"486\">50Hz: 25 khung h\u00ecnh \/ gi\u00e2y (640 \u00d7 480, 640 \u00d7 360, 320 \u00d7 240)<\/p>\n<p>60Hz: 30 khung h\u00ecnh \/ gi\u00e2y (640 \u00d7 480, 640 \u00d7 360, 320 \u00d7 240)<\/p>\n<\/td>\n<\/tr>\n<tr>\n<td width=\"175\">N\u00e2ng cao h\u00ecnh \u1ea3nh<\/td>\n<td width=\"486\">BLC, 3D DNR<\/td>\n<\/tr>\n<tr>\n<td width=\"175\">C\u00e0i \u0111\u1eb7t H\u00ecnh \u1ea3nh<\/td>\n<td width=\"486\">\u0110\u1ed9 b\u00e3o h\u00f2a, \u0111\u1ed9 s\u00e1ng, \u0111\u1ed9 t\u01b0\u01a1ng ph\u1ea3n, \u0111\u1ed9 s\u1eafc n\u00e9t, AGC, c\u00e2n b\u1eb1ng tr\u1eafng c\u00f3 th\u1ec3 \u0111i\u1ec1u ch\u1ec9nh b\u1eb1ng ph\u1ea7n m\u1ec1m m\u00e1y kh\u00e1ch ho\u1eb7c tr\u00ecnh duy\u1ec7t web<\/td>\n<\/tr>\n<tr>\n<td width=\"175\">Chuy\u1ec3n \u0111\u1ed5i ng\u00e0y \/ \u0111\u00eam<\/td>\n<td width=\"486\">T\u1ef1 \u0111\u1ed9ng, l\u00ean l\u1ecbch, ng\u00e0y, \u0111\u00eam<\/td>\n<\/tr>\n<tr>\n<td colspan=\"2\" width=\"662\">M\u1ea1ng<\/td>\n<\/tr>\n<tr>\n<td width=\"175\">K\u00edch ho\u1ea1t b\u00e1o \u0111\u1ed9ng<\/td>\n<td width=\"486\">Ph\u00e1t hi\u1ec7n chuy\u1ec3n \u0111\u1ed9ng, c\u1ea3nh b\u00e1o gi\u1ea3 m\u1ea1o video, \u0111\u0103ng nh\u1eadp b\u1ea5t h\u1ee3p ph\u00e1p<\/td>\n<\/tr>\n<tr>\n<td width=\"175\">C\u00e1c giao th\u1ee9c<\/td>\n<td width=\"486\">TCP \/ IP, ICMP, HTTP, HTTPS, DHCP, DNS, RTP, RTSP, RTCP, NTP, IGMP, QoS, UDP<\/td>\n<\/tr>\n<tr>\n<td width=\"175\">Ch\u1ee9c n\u0103ng chung<\/td>\n<td width=\"486\">Ch\u1ed1ng nh\u1ea5p nh\u00e1y, nh\u1ecbp tim, ph\u1ea3n chi\u1ebfu, b\u1ea3o v\u1ec7 b\u1eb1ng m\u1eadt kh\u1ea9u, m\u1eb7t n\u1ea1 ri\u00eang t\u01b0, h\u00ecnh m\u1edd<\/td>\n<\/tr>\n<tr>\n<td width=\"175\">Phi\u00ean b\u1ea3n ph\u1ea7n m\u1ec1m<\/td>\n<td width=\"486\">V5.5.83<\/td>\n<\/tr>\n<tr>\n<td width=\"175\">CH\u00c1Y<\/td>\n<td width=\"486\">ONVIF (PROFILE S), ISAPI<\/td>\n<\/tr>\n<tr>\n<td width=\"175\">Xem tr\u1ef1c ti\u1ebfp \u0111\u1ed3ng th\u1eddi<\/td>\n<td width=\"486\">L\u00ean \u0111\u1ebfn 6 k\u00eanh<\/td>\n<\/tr>\n<tr>\n<td width=\"175\">Ng\u01b0\u1eddi d\u00f9ng \/ M\u00e1y ch\u1ee7<\/td>\n<td width=\"486\">L\u00ean \u0111\u1ebfn 32 ng\u01b0\u1eddi d\u00f9ng<\/p>\n<p>3 c\u1ea5p \u0111\u1ed9: Ng\u01b0\u1eddi qu\u1ea3n tr\u1ecb, Ng\u01b0\u1eddi \u0111i\u1ec1u h\u00e0nh v\u00e0 Ng\u01b0\u1eddi d\u00f9ng<\/p>\n<\/td>\n<\/tr>\n<tr>\n<td width=\"175\">Kh\u00e1ch h\u00e0ng<\/td>\n<td width=\"486\">iVMS-4200, Hik-Connect, iVMS-5200, iVMS-4500<\/td>\n<\/tr>\n<tr>\n<td width=\"175\">Tr\u00ecnh duy\u1ec7t web<\/td>\n<td width=\"486\">IE8 +, Chrome 31.0-44, Firefox 30.0-51, Safari 8.0+<\/td>\n<\/tr>\n<tr>\n<td width=\"175\">Giao di\u1ec7n<\/td>\n<td width=\"486\">\u00a0<\/td>\n<\/tr>\n<tr>\n<td width=\"175\">Ph\u01b0\u01a1ng th\u1ee9c giao ti\u1ebfp<\/td>\n<td width=\"486\">1 c\u1ed5ng Ethernet t\u1ef1 th\u00edch \u1ee9ng RJ45 10M \/ 100M<\/td>\n<\/tr>\n<tr>\n<td colspan=\"2\" width=\"662\">T\u1ed5ng quan<\/td>\n<\/tr>\n<tr>\n<td width=\"175\">\u0110i\u1ec1u ki\u1ec7n ho\u1ea1t \u0111\u1ed9ng<\/td>\n<td width=\"486\">-30 \u00b0 C \u0111\u1ebfn 60 \u00b0 C (-22 \u00b0 F \u0111\u1ebfn 140 \u00b0 F), \u0111\u1ed9 \u1ea9m: 95% tr\u1edf xu\u1ed1ng (kh\u00f4ng ng\u01b0ng t\u1ee5)<\/td>\n<\/tr>\n<tr>\n<td width=\"175\">Ngu\u1ed3n c\u1ea5p<\/td>\n<td width=\"486\">12 VDC \u00b1 25%, ph\u00edch c\u1eafm \u0111\u1ed3ng tr\u1ee5c 5,5 mm<\/td>\n<\/tr>\n<tr>\n<td width=\"175\">M\u1ee9c ti\u00eau th\u1ee5 \u0111i\u1ec7n v\u00e0 d\u00f2ng \u0111i\u1ec7n<\/td>\n<td width=\"486\">12 VDC, 0,3 A, T\u1ed1i \u0111a: 3,5 W<\/td>\n<\/tr>\n<tr>\n<td width=\"175\">M\u1ee9c \u0111\u1ed9 b\u1ea3o v\u1ec7<\/td>\n<td width=\"486\">IP67<\/td>\n<\/tr>\n<tr>\n<td width=\"175\">V\u1eadt li\u1ec7u<\/td>\n<td width=\"486\">N\u1eafp tr\u01b0\u1edbc: kim lo\u1ea1i, n\u1eafp sau &amp; gi\u00e1 \u0111\u1ee1: nh\u1ef1a<\/td>\n<\/tr>\n<tr>\n<td width=\"175\">K\u00edch th\u01b0\u1edbc<\/td>\n<td width=\"486\">M\u00e1y \u1ea3nh: \u00d8 70 mm \u00d7 172,7 mm (2,8 &#8220;\u00d7 6,8&#8221;)<\/p>\n<p>V\u1edbi g\u00f3i: 216 mm \u00d7 121 mm \u00d7 118 mm (8,5 &#8220;\u00d7 4,8&#8221; \u00d7 4,6 &#8220;)<\/p>\n<\/td>\n<\/tr>\n<tr>\n<td width=\"175\">C\u00e2n n\u1eb7ng<\/td>\n<td width=\"486\">M\u00e1y \u1ea3nh: X\u1ea5p x\u1ec9.\u00a0270 g (0,6 lb.)<\/p>\n<p>V\u1edbi g\u00f3i: X\u1ea5p x\u1ec9.\u00a0510 g (1,1 lb.)<\/p>\n<\/td>\n<\/tr>\n<\/tbody>\n<\/table><\/div>\n<p>                            <!--                            <\/p>\n<div class=\"xemthem_id_r\">--><br \/>\n                            <!--                                <a><!--\/show\/?token=--><br \/>\n                            <!--\"--><br \/>\n                            <!--                                   class=\"preview fancybox fancybox.ajax\" rel=\"nofollow\"&gt;Xem th&#234;m th&#244;ng s&#7889; k&#7929; thu&#7853;t<\/a>--><br \/>\n                            <!--                            <\/div>\n<p>-->\n                        <\/p><\/div>\n<\/p><\/div>","protected":false},"excerpt":{"rendered":"<ul>\n<ul>\n<li><span style=\"font-size: 16px\">Ca\u0309m bi\u00ea\u0301n hi\u0300nh a\u0309nh: 1\/2.8-inch.<\/span><\/li>\n<li><span style=\"font-size: 16px\">\u0110\u1ed9 ph\u00e2n gi\u1ea3i: 2.0 Megapixel.<\/span><\/li>\n<li><span style=\"font-size: 16px\">Chu\u1ea9n n\u00e9n h\u00ecnh \u1ea3nh: H.265+.<\/span><\/li>\n<li><span style=\"font-size: 16px\">\u0110\u00f4\u0323 nha\u0323y sa\u0301ng: 0.028 lux.<\/span><\/li>\n<li><span style=\"font-size: 16px\">\u00d4\u0301ng ki\u0301nh: 2.8mm @ F2.0.<\/span><\/li>\n<li><span style=\"font-size: 16px\">T\u00e2\u0300m quan s\u00e1t h\u1ed3ng ngo\u1ea1i: 30 m\u00e9t.<\/span><\/li>\n<li><span style=\"font-size: 16px\">Ch\u1ee9c n\u0103ng ch\u1ed1ng ng\u01b0\u1ee3c s\u00e1ng s\u1ed1 DWDR.\u00a0<\/span><\/li>\n<li><span style=\"font-size: 16px\">Ch\u1ee9c n\u0103ng gi\u1ea3m nhi\u1ec5u s\u1ed1 3DNR.\u00a0<\/span><\/li>\n<li><span style=\"font-size: 16px\">Ch\u1ee9c n\u0103ng b\u00f9 ng\u01b0\u1ee3c s\u00e1ng BLC.<\/span><\/li>\n<li><span style=\"font-size: 16px\">H\u1ed7 tr\u1ee3 th\u1ebb nh\u1edb 128GB.<\/span><\/li>\n<li><span style=\"font-size: 16px\">Ti\u00eau chu\u1ea9n ch\u1ed1ng b\u1ee5i v\u00e0 n\u01b0\u1edbc: IP67 (th\u00edch h\u1ee3p s\u1eed d\u1ee5ng trong nh\u00e0 v\u00e0 ngo\u00e0i tr\u1eddi).<\/span><\/li>\n<li><span style=\"font-size: 16px\">Ngu\u00f4\u0300n \u0111i\u1ec7n: 12VDC.<\/span><\/li>\n<\/ul>\n<\/ul>","protected":false},"featured_media":13498,"comment_status":"closed","ping_status":"closed","template":"","meta":[],"pwb-brand":[],"product_cat":[2911],"product_tag":[],"class_list":{"0":"post-13497","1":"product","2":"type-product","3":"status-publish","4":"has-post-thumbnail","6":"product_cat-thiet-bi-camera","8":"first","9":"instock","10":"shipping-taxable","11":"product-type-simple"},"brands":[],"_links":{"self":[{"href":"https:\/\/serverhot.vn\/fr\/wp-json\/wp\/v2\/product\/13497","targetHints":{"allow":["GET"]}}],"collection":[{"href":"https:\/\/serverhot.vn\/fr\/wp-json\/wp\/v2\/product"}],"about":[{"href":"https:\/\/serverhot.vn\/fr\/wp-json\/wp\/v2\/types\/product"}],"replies":[{"embeddable":true,"href":"https:\/\/serverhot.vn\/fr\/wp-json\/wp\/v2\/comments?post=13497"}],"wp:featuredmedia":[{"embeddable":true,"href":"https:\/\/serverhot.vn\/fr\/wp-json\/wp\/v2\/media\/13498"}],"wp:attachment":[{"href":"https:\/\/serverhot.vn\/fr\/wp-json\/wp\/v2\/media?parent=13497"}],"wp:term":[{"taxonomy":"pwb-brand","embeddable":true,"href":"https:\/\/serverhot.vn\/fr\/wp-json\/wp\/v2\/pwb-brand?post=13497"},{"taxonomy":"product_cat","embeddable":true,"href":"https:\/\/serverhot.vn\/fr\/wp-json\/wp\/v2\/product_cat?post=13497"},{"taxonomy":"product_tag","embeddable":true,"href":"https:\/\/serverhot.vn\/fr\/wp-json\/wp\/v2\/product_tag?post=13497"}],"curies":[{"name":"wp","href":"https:\/\/api.w.org\/{rel}","templated":true}]}}