{"id":13874,"date":"2024-10-09T05:30:09","date_gmt":"2024-10-08T22:30:09","guid":{"rendered":"https:\/\/serverhot.vn\/-product-\/thiet-bi-luu-tru-tbs-464-ma-san-pham-tbs-464\/"},"modified":"2024-10-09T05:30:11","modified_gmt":"2024-10-08T22:30:11","slug":"thiet-bi-luu-tru-tbs-464-ma-san-pham-tbs-464","status":"publish","type":"product","link":"https:\/\/serverhot.vn\/fr\/-product-\/thiet-bi-luu-tru-tbs-464-ma-san-pham-tbs-464\/","title":{"rendered":"Thi\u1ebft B\u1ecb L\u01b0u Tr\u1eef TBS-464 M\u00e3 s\u1ea3n ph\u1ea9m: TBS-464"},"content":{"rendered":"<div class=\"showText tabs\" id=\"tab2\">\n                                    <\/div>","protected":false},"excerpt":{"rendered":"<ul>\n<p>QNAP TBS-464 l\u00e0 m\u1ed9t NASbook 4-bay nh\u1ecf g\u1ecdn \u0111\u01b0\u1ee3c thi\u1ebft k\u1ebf cho doanh nghi\u1ec7p v\u00e0 gia \u0111\u00ecnh.<\/p>\n<ul style=\"list-style-type: square\">\n<li>CPU: Intel Celeron N5105, 4 l\u00f5i\/4 lu\u1ed3ng, t\u0103ng t\u1ed1c l\u00ean \u0111\u1ebfn 2.9 GHz<\/li>\n<li>Ki\u1ebfn tr\u00fac: 64-bit x86<\/li>\n<li>B\u1ed9 nh\u1edb h\u1ec7 th\u1ed1ng: 8 GB DDR4 tr\u00ean bo m\u1ea1ch (kh\u00f4ng m\u1edf r\u1ed9ng \u0111\u01b0\u1ee3c)<\/li>\n<li>B\u1ed9 nh\u1edb Flash: 4 GB (B\u1ea3o v\u1ec7 h\u1ec7 \u0111i\u1ec1u h\u00e0nh dual boot)<\/li>\n<li>Khe \u1ed5 \u0111\u0129a: 4 khe M.2 2280 NVMe SSD<\/li>\n<li>T\u01b0\u01a1ng th\u00edch \u1ed5 \u0111\u0129a: \u1ed4 \u0111\u0129a NVMe SSD M.2 2280<\/li>\n<li>Hot-swappable: C\u00f3<\/li>\n<li>H\u1ed7 tr\u1ee3 t\u0103ng t\u1ed1c b\u1ed9 nh\u1edb \u0111\u1ec7m SSD: C\u00f3<\/li>\n<li>C\u1ed5ng Ethernet: 2 c\u1ed5ng Ethernet 2.5 Gigabit (2.5G\/1G\/100M)<\/li>\n<li>C\u1ed5ng USB: 3 c\u1ed5ng USB 3.2 Gen 1 (5Gbps) Type-A, 3 c\u1ed5ng USB 2.0 Type-A<\/li>\n<li>\u0110\u1ea7u ra HDMI: 2 c\u1ed5ng HDMI 2.0 (l\u00ean \u0111\u1ebfn 3840 x 2160 @ 60Hz)<\/li>\n<li>H\u1ec7 \u0111i\u1ec1u h\u00e0nh: QTS 5.0.1<\/li>\n<\/ul>\n<\/ul>","protected":false},"featured_media":13875,"comment_status":"closed","ping_status":"closed","template":"","meta":[],"pwb-brand":[],"product_cat":[2884],"product_tag":[],"class_list":{"0":"post-13874","1":"product","2":"type-product","3":"status-publish","4":"has-post-thumbnail","6":"product_cat-qnap","8":"first","9":"instock","10":"shipping-taxable","11":"product-type-simple"},"brands":[],"_links":{"self":[{"href":"https:\/\/serverhot.vn\/fr\/wp-json\/wp\/v2\/product\/13874","targetHints":{"allow":["GET"]}}],"collection":[{"href":"https:\/\/serverhot.vn\/fr\/wp-json\/wp\/v2\/product"}],"about":[{"href":"https:\/\/serverhot.vn\/fr\/wp-json\/wp\/v2\/types\/product"}],"replies":[{"embeddable":true,"href":"https:\/\/serverhot.vn\/fr\/wp-json\/wp\/v2\/comments?post=13874"}],"wp:featuredmedia":[{"embeddable":true,"href":"https:\/\/serverhot.vn\/fr\/wp-json\/wp\/v2\/media\/13875"}],"wp:attachment":[{"href":"https:\/\/serverhot.vn\/fr\/wp-json\/wp\/v2\/media?parent=13874"}],"wp:term":[{"taxonomy":"pwb-brand","embeddable":true,"href":"https:\/\/serverhot.vn\/fr\/wp-json\/wp\/v2\/pwb-brand?post=13874"},{"taxonomy":"product_cat","embeddable":true,"href":"https:\/\/serverhot.vn\/fr\/wp-json\/wp\/v2\/product_cat?post=13874"},{"taxonomy":"product_tag","embeddable":true,"href":"https:\/\/serverhot.vn\/fr\/wp-json\/wp\/v2\/product_tag?post=13874"}],"curies":[{"name":"wp","href":"https:\/\/api.w.org\/{rel}","templated":true}]}}