{"id":14200,"date":"2024-10-19T02:00:09","date_gmt":"2024-10-18T19:00:09","guid":{"rendered":"https:\/\/serverhot.vn\/-product-\/dell-optiplex-7010-sff-i3-13100-8gb-256gb-ssd-intel-uhd-graphics-730-kb-m-win-11-home-1y-wty-ma-san-pham-7010sff_8gb_256gb_w11\/"},"modified":"2024-10-19T02:00:13","modified_gmt":"2024-10-18T19:00:13","slug":"dell-optiplex-7010-sff-i3-13100-8gb-256gb-ssd-intel-uhd-graphics-730-kb-m-win-11-home-1y-wty-ma-san-pham-7010sff_8gb_256gb_w11","status":"publish","type":"product","link":"https:\/\/serverhot.vn\/fr\/-product-\/dell-optiplex-7010-sff-i3-13100-8gb-256gb-ssd-intel-uhd-graphics-730-kb-m-win-11-home-1y-wty-ma-san-pham-7010sff_8gb_256gb_w11\/","title":{"rendered":"Dell OptiPlex 7010 SFF, i3-13100, 8GB, 256GB SSD, Intel UHD Graphics 730, KB, M, Win 11 Home, 1Y WTY M\u00e3 s\u1ea3n ph\u1ea9m: 7010SFF_8GB_256GB_W11"},"content":{"rendered":"<div class=\"showText tabs\" id=\"tab2\">\n<div class=\"box_right_pro_view\">\n<div class=\"thongso_pro a_technical\" style=\"max-height: fit-content\">\n<p>D\u00f2ng CPU<span> <\/span>Core i3<\/p>\n<p>C\u00f4ng ngh\u1ec7 CPU<span> <\/span><\/p>\n<p>M\u00e3 CPU<span> <\/span>Core i3 13100<\/p>\n<p>T\u1ed1c \u0111\u1ed9 CPU<span> <\/span>3.4 GHz<\/p>\n<p>T\u1ea7n s\u1ed1 turbo t\u1ed1i \u0111a<span> <\/span>4.5 GHz<\/p>\n<p>S\u1ed1 l\u00f5i CPU<span> <\/span>4 Cores<\/p>\n<p>S\u1ed1 lu\u1ed3ng<span> <\/span>8 Threads<\/p>\n<p>B\u1ed9 nh\u1edb \u0111\u1ec7m<span> <\/span>12MB<\/p>\n<p>Chipset<span> <\/span>Intel Q670<\/p>\n<p>B\u1ed9 nh\u1edb RAM<\/p>\n<p>Dung l\u01b0\u1ee3ng RAM<span> <\/span>8Gb<\/p>\n<p>Lo\u1ea1i RAM<span> <\/span>DDR4<\/p>\n<p>T\u1ed1c \u0111\u1ed9 Bus RAM<span> <\/span>3200 MHz<\/p>\n<p>H\u1ed7 tr\u1ee3 RAM t\u1ed1i \u0111a<span> <\/span>8GB DDR4 3200MHz (1x8GB) (x2 slot) &#8211; max 64GB<\/p>\n<p>Khe c\u1eafm RAM<span> <\/span>2<\/p>\n<p>\u1ed4 c\u1ee9ng<\/p>\n<p>Dung l\u01b0\u1ee3ng \u1ed5 c\u1ee9ng<span> <\/span>256GB<\/p>\n<p>Lo\u1ea1i \u1ed5 c\u1ee9ng<span> <\/span>SSD<\/p>\n<p>Chu\u1ea9n \u1ed5 c\u1ee9ng<span> <\/span>256GB PCIe NVMe SSD (1 x M.2 2230 slot for WiFi &amp; Bluetooth Card ; 1 x M.2 2230\/2280 slot for SSD;2 x SATA 3.0 slot for 3.5\u201d\/2.5\u201d)<\/p>\n<p>Card \u0111\u1ed3 h\u1ecda<span> <\/span>Intel UHD Graphics 730<\/p>\n<p>Card t\u00edch h\u1ee3p<span> <\/span>VGA onboard<\/p>\n<p>K\u1ebft n\u1ed1i<\/p>\n<p>K\u1ebft n\u1ed1i kh\u00f4ng d\u00e2y<span> <\/span>Option<\/p>\n<p>Th\u00f4ng s\u1ed1 (Lan\/Wireless)<span> <\/span>Thernet Port 10\/100\/1000 Mbps<\/p>\n<p>C\u1ed5ng giao ti\u1ebfp tr\u01b0\u1edbc<span> <\/span>Front ports:<\/p>\n<p>2 USB 2.0 ports<\/p>\n<p>2 USB 3.2 Gen 1 ports<\/p>\n<p>1 Universal audio port<\/p>\n<p>C\u1ed5ng giao ti\u1ebfp sau<span> <\/span>Rear ports:<\/p>\n<p>1 DisplayPort 1.4a port<\/p>\n<p>1 HDMI 1.4b port<\/p>\n<p>2 USB 3.2 Gen 1 ports<\/p>\n<p>2 USB 2.0 ports with Smart Power On<\/p>\n<p>1 RJ45 Ethernet Port 10\/100\/1000 Mbps<\/p>\n<p>Khe c\u1eafm m\u1edf r\u1ed9ng<span> <\/span>Tr\u01b0\u1edbc : 2 x USB 3.2 Gen 1 ports, 2 x USB 2.0 ports; 1 Universal audio port<\/p>\n<p>Sau : 2 x USB 3.2 Gen 1 ports, 2 x USB 2.0 ports with Smart Power On; 1 x RJ 45; 1 x PCIe X16 ; 1 x PCIe X1 ; 3 x SATA ; 1 x M.2 2230 (with WLAN); 1 x DisplayPort 1.4a port (HBR2); 1 HDMI 1.4b port<\/p>\n<p>Logiciel<\/p>\n<p>H\u1ec7 \u0111i\u1ec1u h\u00e0nh<span> <\/span><\/p>\n<p>Th\u00f4ng tin kh\u00e1c<\/p>\n<p>B\u1ed9 ngu\u1ed3n<span> <\/span>180W<\/p>\n<p>\u1ed4 quang<span> <\/span>NO DVD<\/p>\n<p>Ph\u1ee5 ki\u1ec7n<span> <\/span>Dell Optical Mouse &amp; Keyboard<\/p>\n<p>Ki\u1ec3u d\u00e1ng<span> <\/span>Case \u0111\u1ee9ng nh\u1ecf<\/p>\n<p>K\u00edch th\u01b0\u1edbc<span> <\/span>Height: 290.00 mm (11.42 in.)<\/p>\n<p>Width: 92.60 mm (3.65 in.)<\/p>\n<p>Depth: 292.80 mm (11.53 in.)<\/p>\n<p>Tr\u1ecdng l\u01b0\u1ee3ng<span> <\/span>Weight (minimum): 3.68 kg (8.11 lb)<\/p>\n<p>Weight (maximum): 4.87 kg (10.73 lb)<\/p>\n<p>B\u1ea3o h\u00e0nh<span> <\/span>1 Year<\/p>\n<\/p><\/div>\n<p>                            <!--                            <\/p>\n<div class=\"xemthem_id_r\">--><br \/>\n                            <!--                                <a><!--\/show\/?token=--><br \/>\n                            <!--\"--><br \/>\n                            <!--                                   class=\"preview fancybox fancybox.ajax\" rel=\"nofollow\"&gt;Xem th&#234;m th&#244;ng s&#7889; k&#7929; thu&#7853;t<\/a>--><br \/>\n                            <!--                            <\/div>\n<p>-->\n                        <\/p><\/div>\n<\/p><\/div>","protected":false},"excerpt":{"rendered":"<ul>\n<p>Ch\u00edp x\u1eed l\u00fd: Intel Core i3-13100, 4C\/8T, 12 MB cahe upto 3.40 GHz<\/p>\n<p>B\u1ed9 nh\u1edb Ram: 8GB DDR4 3200MHz (1x8GB) (x2 slot) &#8211; max 64GB<\/p>\n<p>\u1ed4 \u0111\u0129a c\u1ee9ng: 256GB SSD PCIe NVMe (x1 HDD 3.5&#8243; sata)<\/p>\n<p>\u1ed4 \u0111\u0129a quang: Kh\u00f4ng<\/p>\n<\/ul>","protected":false},"featured_media":14201,"comment_status":"closed","ping_status":"closed","template":"","meta":[],"pwb-brand":[],"product_cat":[2886],"product_tag":[2841,2852],"class_list":{"0":"post-14200","1":"product","2":"type-product","3":"status-publish","4":"has-post-thumbnail","6":"product_cat-dell-workstation","7":"product_tag-hdd","8":"product_tag-wireless","10":"first","11":"instock","12":"shipping-taxable","13":"product-type-simple"},"brands":[],"_links":{"self":[{"href":"https:\/\/serverhot.vn\/fr\/wp-json\/wp\/v2\/product\/14200","targetHints":{"allow":["GET"]}}],"collection":[{"href":"https:\/\/serverhot.vn\/fr\/wp-json\/wp\/v2\/product"}],"about":[{"href":"https:\/\/serverhot.vn\/fr\/wp-json\/wp\/v2\/types\/product"}],"replies":[{"embeddable":true,"href":"https:\/\/serverhot.vn\/fr\/wp-json\/wp\/v2\/comments?post=14200"}],"wp:featuredmedia":[{"embeddable":true,"href":"https:\/\/serverhot.vn\/fr\/wp-json\/wp\/v2\/media\/14201"}],"wp:attachment":[{"href":"https:\/\/serverhot.vn\/fr\/wp-json\/wp\/v2\/media?parent=14200"}],"wp:term":[{"taxonomy":"pwb-brand","embeddable":true,"href":"https:\/\/serverhot.vn\/fr\/wp-json\/wp\/v2\/pwb-brand?post=14200"},{"taxonomy":"product_cat","embeddable":true,"href":"https:\/\/serverhot.vn\/fr\/wp-json\/wp\/v2\/product_cat?post=14200"},{"taxonomy":"product_tag","embeddable":true,"href":"https:\/\/serverhot.vn\/fr\/wp-json\/wp\/v2\/product_tag?post=14200"}],"curies":[{"name":"wp","href":"https:\/\/api.w.org\/{rel}","templated":true}]}}