{"id":14463,"date":"2024-11-29T15:45:13","date_gmt":"2024-11-29T08:45:13","guid":{"rendered":"https:\/\/serverhot.vn\/-product-\/may-tinh-de-ban-dell-optiplex-7010-sff-3-13100-8gb-256gb-ssd-kb_m-win11h-1yr-71047010-ma-san-pham-71047010\/"},"modified":"2024-11-29T15:45:19","modified_gmt":"2024-11-29T08:45:19","slug":"may-tinh-de-ban-dell-optiplex-7010-sff-3-13100-8gb-256gb-ssd-kb_m-win11h-1yr-71047010-ma-san-pham-71047010","status":"publish","type":"product","link":"https:\/\/serverhot.vn\/fr\/-product-\/may-tinh-de-ban-dell-optiplex-7010-sff-3-13100-8gb-256gb-ssd-kb_m-win11h-1yr-71047010-ma-san-pham-71047010\/","title":{"rendered":"M\u00e1y t\u00ednh \u0111\u1ec3 b\u00e0n Dell OptiPlex 7010 SFF (3-13100 | 8GB | 256GB SSD | KB_M | Win11H | 1Yr ) | 71047010 M\u00e3 s\u1ea3n ph\u1ea9m: 71047010"},"content":{"rendered":"<div class=\"showText tabs\" id=\"tab2\">\n                                    <\/div>","protected":false},"excerpt":{"rendered":"<ul>\n<ul style=\"list-style-type: square\">\n<li>Processor: Intel Core i3-13100 (4 l\u00f5i, b\u1ed9 nh\u1edb \u0111\u1ec7m 12M, t\u1ed1c \u0111\u1ed9 3.4GHz \u0111\u1ebfn 4.5GHz)<\/li>\n<li>RAM: 8GB DDR4 3200MHz (1x8GB)<\/li>\n<li>\u1ed4 c\u1ee9ng: 256GB SSD M.2 PCIe NVMe<\/li>\n<li>\u0110\u1ed3 h\u1ecda: Intel UHD Graphics\u00a0<\/li>\n<li>H\u1ec7 \u0111i\u1ec1u h\u00e0nh: Windows 11 Home<\/li>\n<li>C\u1ed5ng k\u1ebft n\u1ed1i: HDMI, DisplayPort, USB 2.0, USB 3.2 Gen 1, RJ-45, c\u1ed5ng Serial, PS\/2, UAJ, Line-out<\/li>\n<li>B\u1ea3o h\u00e0nh: 12 th\u00e1ng<\/li>\n<\/ul>\n<\/ul>","protected":false},"featured_media":14464,"comment_status":"closed","ping_status":"closed","template":"","meta":[],"pwb-brand":[],"product_cat":[2886],"product_tag":[],"class_list":{"0":"post-14463","1":"product","2":"type-product","3":"status-publish","4":"has-post-thumbnail","6":"product_cat-dell-workstation","8":"first","9":"instock","10":"shipping-taxable","11":"product-type-simple"},"brands":[],"_links":{"self":[{"href":"https:\/\/serverhot.vn\/fr\/wp-json\/wp\/v2\/product\/14463","targetHints":{"allow":["GET"]}}],"collection":[{"href":"https:\/\/serverhot.vn\/fr\/wp-json\/wp\/v2\/product"}],"about":[{"href":"https:\/\/serverhot.vn\/fr\/wp-json\/wp\/v2\/types\/product"}],"replies":[{"embeddable":true,"href":"https:\/\/serverhot.vn\/fr\/wp-json\/wp\/v2\/comments?post=14463"}],"wp:featuredmedia":[{"embeddable":true,"href":"https:\/\/serverhot.vn\/fr\/wp-json\/wp\/v2\/media\/14464"}],"wp:attachment":[{"href":"https:\/\/serverhot.vn\/fr\/wp-json\/wp\/v2\/media?parent=14463"}],"wp:term":[{"taxonomy":"pwb-brand","embeddable":true,"href":"https:\/\/serverhot.vn\/fr\/wp-json\/wp\/v2\/pwb-brand?post=14463"},{"taxonomy":"product_cat","embeddable":true,"href":"https:\/\/serverhot.vn\/fr\/wp-json\/wp\/v2\/product_cat?post=14463"},{"taxonomy":"product_tag","embeddable":true,"href":"https:\/\/serverhot.vn\/fr\/wp-json\/wp\/v2\/product_tag?post=14463"}],"curies":[{"name":"wp","href":"https:\/\/api.w.org\/{rel}","templated":true}]}}