{"id":14467,"date":"2024-11-30T05:35:16","date_gmt":"2024-11-29T22:35:16","guid":{"rendered":"https:\/\/serverhot.vn\/vi\/-product-\/gia-do-man-hinh-north-bayou-f80-17-30-inch-ma-san-pham-bayou-f80\/"},"modified":"2024-11-30T05:35:18","modified_gmt":"2024-11-29T22:35:18","slug":"gia-do-man-hinh-north-bayou-f80-17-30-inch-ma-san-pham-bayou-f80","status":"publish","type":"product","link":"https:\/\/serverhot.vn\/fr\/-product-\/gia-do-man-hinh-north-bayou-f80-17-30-inch-ma-san-pham-bayou-f80\/","title":{"rendered":"Gi\u00e1 \u0111\u1ee1 M\u00e0n h\u00ecnh North Bayou F80 (17 &#8211; 30 inch) M\u00e3 s\u1ea3n ph\u1ea9m: BAYOU-F80"},"content":{"rendered":"<div class=\"showText tabs\" id=\"tab2\">\n                                    <\/div>","protected":false},"excerpt":{"rendered":"<ul>\n<ul style=\"list-style-type: square\">\n<li>K\u00edch th\u01b0\u1edbc m\u00e0n h\u00ecnh: 17-30 inch<\/li>\n<li>T\u00edch h\u1ee3p chu\u1ea9n t\u00e2m l\u1ed3ng VESA: 75 x 75 mm v\u00e0 100 x 100 mm<\/li>\n<li>G\u00f3c nghi\u00eang: -30\u00b0 \u0111\u1ebfn +85\u00b0<\/li>\n<li>G\u00f3c xoay ngang: 180\u00b0<\/li>\n<li>G\u00f3c xoay tr\u00f2n: 360\u00b0<\/li>\n<li>T\u1ea3i tr\u1ecdng: 2-9 kg<\/li>\n<li>Tr\u1ecdng l\u01b0\u1ee3ng \u0111\u00f3ng g\u00f3i: 3 kg<\/li>\n<li>K\u00edch th\u01b0\u1edbc \u0111\u00f3ng g\u00f3i: 400 x 302 x 99 mm (W x L x H)<\/li>\n<li>C\u00e1ch c\u00e0i \u0111\u1eb7t: 2 c\u00e1ch c\u00e0i \u0111\u1eb7t k\u1ec1 b\u00ean v\u00e0 b\u1eb1ng kh\u00ed gas xi lanh<\/li>\n<li>Ch\u1ea5t li\u1ec7u: H\u1ee3p kim, nh\u00f4m b\u00eca<\/li>\n<li>\u0110\u1eb7c \u0111i\u1ec3m: Tay treo m\u00e0n h\u00ecnh NB F80 c\u00f3 th\u1ec3 khoan b\u1ea5m v\u00edt xu\u1ed1ng m\u1eb7t b\u00e0n ho\u1eb7c \u1edf c\u1ea1nh b\u00e0n l\u00e0m vi\u1ec7c<\/li>\n<\/ul>\n<\/ul>","protected":false},"featured_media":14468,"comment_status":"closed","ping_status":"closed","template":"","meta":[],"pwb-brand":[],"product_cat":[2910],"product_tag":[],"class_list":{"0":"post-14467","1":"product","2":"type-product","3":"status-publish","4":"has-post-thumbnail","6":"product_cat-thiet-bi-van-phong","8":"first","9":"instock","10":"shipping-taxable","11":"product-type-simple"},"brands":[],"_links":{"self":[{"href":"https:\/\/serverhot.vn\/fr\/wp-json\/wp\/v2\/product\/14467","targetHints":{"allow":["GET"]}}],"collection":[{"href":"https:\/\/serverhot.vn\/fr\/wp-json\/wp\/v2\/product"}],"about":[{"href":"https:\/\/serverhot.vn\/fr\/wp-json\/wp\/v2\/types\/product"}],"replies":[{"embeddable":true,"href":"https:\/\/serverhot.vn\/fr\/wp-json\/wp\/v2\/comments?post=14467"}],"wp:featuredmedia":[{"embeddable":true,"href":"https:\/\/serverhot.vn\/fr\/wp-json\/wp\/v2\/media\/14468"}],"wp:attachment":[{"href":"https:\/\/serverhot.vn\/fr\/wp-json\/wp\/v2\/media?parent=14467"}],"wp:term":[{"taxonomy":"pwb-brand","embeddable":true,"href":"https:\/\/serverhot.vn\/fr\/wp-json\/wp\/v2\/pwb-brand?post=14467"},{"taxonomy":"product_cat","embeddable":true,"href":"https:\/\/serverhot.vn\/fr\/wp-json\/wp\/v2\/product_cat?post=14467"},{"taxonomy":"product_tag","embeddable":true,"href":"https:\/\/serverhot.vn\/fr\/wp-json\/wp\/v2\/product_tag?post=14467"}],"curies":[{"name":"wp","href":"https:\/\/api.w.org\/{rel}","templated":true}]}}