{"id":14801,"date":"2025-03-26T19:30:11","date_gmt":"2025-03-26T12:30:11","guid":{"rendered":"https:\/\/serverhot.vn\/-product-\/switch-mang-thong-minh-4-cong-poe-gigabit-hikvision-ds-3e1505p-ei-m-ma-san-pham-ds-3e1505p-ei-m\/"},"modified":"2025-03-26T19:30:17","modified_gmt":"2025-03-26T12:30:17","slug":"switch-mang-thong-minh-4-cong-poe-gigabit-hikvision-ds-3e1505p-ei-m-ma-san-pham-ds-3e1505p-ei-m","status":"publish","type":"product","link":"https:\/\/serverhot.vn\/fr\/-product-\/switch-mang-thong-minh-4-cong-poe-gigabit-hikvision-ds-3e1505p-ei-m-ma-san-pham-ds-3e1505p-ei-m\/","title":{"rendered":"Switch m\u1ea1ng th\u00f4ng minh 4 c\u1ed5ng PoE Gigabit HIKVISION DS-3E1505P-EI\/M M\u00e3 s\u1ea3n ph\u1ea9m: DS-3E1505P-EI\/M"},"content":{"rendered":"<div class=\"showText tabs\" id=\"tab2\">\n<div class=\"box_right_pro_view\">\n<div class=\"thongso_pro a_technical\" style=\"max-height: fit-content\">\n<p>Lo\u1ea1i thi\u1ebft b\u1ecb<span> <\/span>Smart Switch 4 c\u1ed5ng<\/p>\n<p>T\u00ednh n\u0103ng, h\u1ed7 tr\u1ee3<span> <\/span>\u2013 4 c\u00f4\u0309ng PoE RJ45 Gigabit, 1 c\u00f4\u0309ng RJ45 Gigabit<\/p>\n<p>\u2013 T\u1ef1 t\u01b0\u01a1ng th\u00edch chu\u1ea9n IEEE 802.3af\/at<\/p>\n<p>\u2013 C\u00f4ng su\u1ea5t PoE 45W; C\u00f4ng su\u1ea5t t\u1ed1i \u0111a 30W m\u1ed7i c\u1ed5ng<\/p>\n<p>\u2013 Truy\u00ea\u0300n d\u00e2\u0303n khoa\u0309ng ca\u0301ch xa: T\u00f4\u0301i \u0111a 300m \u01a1\u0309 ch\u00ea\u0301 \u0111\u00f4\u0323 m\u01a1\u0309 r\u00f4\u0323ng (c\u1ed5ng 1 \u2013 4)<\/p>\n<p>\u2013 H\u00f4\u0303 tr\u01a1\u0323 ti\u0301nh n\u0103ng c\u00e2\u0301u hi\u0300nh qua\u0309n ly\u0301 b\u0103\u0300ng ph\u00e2\u0300n m\u00ea\u0300m: b\u00e2\u0323t t\u0103\u0301t PoE, qua\u0309n ly\u0301 b\u0103ng th\u00f4ng, nh\u00e2\u0323t ky\u0301, upgrade firmware \u2026<\/p>\n<p>\u2013 H\u00f4\u0303 tr\u01a1\u0323 ti\u0301nh n\u0103ng hi\u00ea\u0309n thi\u0323 s\u01a1 \u0111\u00f4\u0300 ma\u0323ng<\/p>\n<p>\u2013 B\u1ea3ng \u0111\u1ecba ch\u1ec9 MAC: 4K<\/p>\n<p>\u2013 Kh\u1ea3 n\u0103ng chuy\u1ec3n m\u1ea1ch 20Gbps<\/p>\n<p>\u2013 T\u1ed1c \u0111\u1ed9 chuy\u1ec3n ti\u1ebfp g\u00f3i tin: 14.88Mpps<\/p>\n<p>\u2013 Ch\u1ed1ng s\u00e9t 6KV cho c\u00e1c c\u1ed5ng PoE<\/p>\n<p>Ngu\u00f4\u0300n c\u1ea5p<span> <\/span>54V DC<\/p>\n<\/p><\/div>\n<p>                            <!--                            <\/p>\n<div class=\"xemthem_id_r\">--><br \/>\n                            <!--                                <a><!--\/show\/?token=--><br \/>\n                            <!--\"--><br \/>\n                            <!--                                   class=\"preview fancybox fancybox.ajax\" rel=\"nofollow\"&gt;Xem th&#234;m th&#244;ng s&#7889; k&#7929; thu&#7853;t<\/a>--><br \/>\n                            <!--                            <\/div>\n<p>-->\n                        <\/p><\/div>\n<\/p><\/div>","protected":false},"excerpt":{"rendered":"<ul>\n<p>\u2013 4 c\u00f4\u0309ng PoE RJ45 Gigabit, 1 c\u00f4\u0309ng RJ45 Gigabit<\/p>\n<p>\u2013 T\u1ef1 t\u01b0\u01a1ng th\u00edch chu\u1ea9n IEEE 802.3af\/at<\/p>\n<p>\u2013 C\u00f4ng su\u1ea5t PoE 45W; C\u00f4ng su\u1ea5t t\u1ed1i \u0111a 30W m\u1ed7i c\u1ed5ng<\/p>\n<p>\u2013 Truy\u00ea\u0300n d\u00e2\u0303n khoa\u0309ng ca\u0301ch xa: T\u00f4\u0301i \u0111a 300m \u01a1\u0309 ch\u00ea\u0301 \u0111\u00f4\u0323 m\u01a1\u0309 r\u00f4\u0323ng (c\u1ed5ng 1 \u2013 4)<\/p>\n<p>\u2013 B\u1ea3ng \u0111\u1ecba ch\u1ec9 MAC: 4K<\/p>\n<p>\u2013 Kh\u1ea3 n\u0103ng chuy\u1ec3n m\u1ea1ch 20Gbps<\/p>\n<p>\u2013 T\u1ed1c \u0111\u1ed9 chuy\u1ec3n ti\u1ebfp g\u00f3i tin: 14.88Mpps<\/p>\n<p>\u2013 Ch\u1ed1ng s\u00e9t 6KV cho c\u00e1c c\u1ed5ng PoE<\/p>\n<\/ul>","protected":false},"featured_media":14802,"comment_status":"closed","ping_status":"closed","template":"","meta":[],"pwb-brand":[],"product_cat":[2902],"product_tag":[2849],"class_list":{"0":"post-14801","1":"product","2":"type-product","3":"status-publish","4":"has-post-thumbnail","6":"product_cat-hikvison","7":"product_tag-switch","9":"first","10":"instock","11":"shipping-taxable","12":"product-type-simple"},"brands":[],"_links":{"self":[{"href":"https:\/\/serverhot.vn\/fr\/wp-json\/wp\/v2\/product\/14801","targetHints":{"allow":["GET"]}}],"collection":[{"href":"https:\/\/serverhot.vn\/fr\/wp-json\/wp\/v2\/product"}],"about":[{"href":"https:\/\/serverhot.vn\/fr\/wp-json\/wp\/v2\/types\/product"}],"replies":[{"embeddable":true,"href":"https:\/\/serverhot.vn\/fr\/wp-json\/wp\/v2\/comments?post=14801"}],"wp:featuredmedia":[{"embeddable":true,"href":"https:\/\/serverhot.vn\/fr\/wp-json\/wp\/v2\/media\/14802"}],"wp:attachment":[{"href":"https:\/\/serverhot.vn\/fr\/wp-json\/wp\/v2\/media?parent=14801"}],"wp:term":[{"taxonomy":"pwb-brand","embeddable":true,"href":"https:\/\/serverhot.vn\/fr\/wp-json\/wp\/v2\/pwb-brand?post=14801"},{"taxonomy":"product_cat","embeddable":true,"href":"https:\/\/serverhot.vn\/fr\/wp-json\/wp\/v2\/product_cat?post=14801"},{"taxonomy":"product_tag","embeddable":true,"href":"https:\/\/serverhot.vn\/fr\/wp-json\/wp\/v2\/product_tag?post=14801"}],"curies":[{"name":"wp","href":"https:\/\/api.w.org\/{rel}","templated":true}]}}