{"id":15183,"date":"2025-06-27T19:45:40","date_gmt":"2025-06-27T12:45:40","guid":{"rendered":"https:\/\/serverhot.vn\/-product-\/may-tinh-tram-dell-precision-3680-tower-i9-14900-2x16gb-ddr5-256gb-ssd-4tb-sata-nvidia-t1000-8gb-500w-k-m-ubuntu-prosupport-3yrs-kyhd-ma-san-pham-t3680-14900-32256u\/"},"modified":"2025-06-27T19:45:48","modified_gmt":"2025-06-27T12:45:48","slug":"may-tinh-tram-dell-precision-3680-tower-i9-14900-2x16gb-ddr5-256gb-ssd-4tb-sata-nvidia-t1000-8gb-500w-k-m-ubuntu-prosupport-3yrs-kyhd-ma-san-pham-t3680-14900-32256u","status":"publish","type":"product","link":"https:\/\/serverhot.vn\/fr\/-product-\/may-tinh-tram-dell-precision-3680-tower-i9-14900-2x16gb-ddr5-256gb-ssd-4tb-sata-nvidia-t1000-8gb-500w-k-m-ubuntu-prosupport-3yrs-kyhd-ma-san-pham-t3680-14900-32256u\/","title":{"rendered":"M\u00e1y t\u00ednh tr\u1ea1m Dell Precision 3680 Tower\/ i9-14900\/ 2x16GB DDR5\/ 256GB SSD + 4TB SATA\/ NVIDIA T1000 8GB\/ 500W\/ K + M\/ Ubuntu\/ ProSupport 3Yrs &amp; KYHD M\u00e3 s\u1ea3n ph\u1ea9m: T3680-14900-32256U"},"content":{"rendered":"<div class=\"showText tabs\" id=\"tab2\">\n<div class=\"box_right_pro_view\">\n<div class=\"thongso_pro a_technical\" style=\"max-height: fit-content\">\n<p><strong>C\u1ea5u h\u00ecnh Dell Precision 3680 Tower:<\/strong><\/p>\n<p>\u00a0<\/p>\n<ul>\n<li><strong>Vi x\u1eed l\u00fd (CPU):<\/strong> Intel Core i9-14900 (24 nh\u00e2n, t\u1ed1c \u0111\u1ed9 t\u1ed1i \u0111a 5.8GHz)<\/li>\n<li><strong>RAM:<\/strong> 32GB DDR5 \u2013 ch\u1ea1y m\u01b0\u1ee3t nhi\u1ec1u \u1ee9ng d\u1ee5ng c\u00f9ng l\u00fac<\/li>\n<li><strong>\u1ed4 c\u1ee9ng:<\/strong> SSD 256GB (nhanh) + HDD 4TB (l\u01b0u tr\u1eef l\u1edbn)<\/li>\n<li><strong>Card \u0111\u1ed3 h\u1ecda (VGA):<\/strong> NVIDIA T1000 8GB \u2013 ph\u00f9 h\u1ee3p cho thi\u1ebft k\u1ebf, d\u1ef1ng h\u00ecnh<\/li>\n<li><strong>H\u1ec7 \u0111i\u1ec1u h\u00e0nh:<\/strong> Ubuntu Linux \u2013 \u1ed5n \u0111\u1ecbnh, th\u00edch h\u1ee3p cho l\u1eadp tr\u00ecnh v\u00e0 x\u1eed l\u00fd d\u1eef li\u1ec7u<\/li>\n<li><strong>Ph\u1ee5 ki\u1ec7n k\u00e8m theo:<\/strong> Chu\u1ed9t, b\u00e0n ph\u00edm, c\u00e1p<\/li>\n<\/ul><\/div>\n<p>                            <!--                            <\/p>\n<div class=\"xemthem_id_r\">--><br \/>\n                            <!--                                <a><!--\/show\/?token=--><br \/>\n                            <!--\"--><br \/>\n                            <!--                                   class=\"preview fancybox fancybox.ajax\" rel=\"nofollow\"&gt;Xem th&#234;m th&#244;ng s&#7889; k&#7929; thu&#7853;t<\/a>--><br \/>\n                            <!--                            <\/div>\n<p>-->\n                        <\/p><\/div>\n<\/p><\/div>","protected":false},"excerpt":{"rendered":"<ul>\n<ul>\n<li>CPU: Intel Core i9-14900<\/li>\n<li>RAM: 2x16GB DDR5 4400 MT\/s, non-ECC<\/li>\n<li>\u1ed4 c\u1ee9ng: 256GB SSD + 4TB HDD<\/li>\n<li>Card \u0111\u1ed3 h\u1ecda: NVIDIA T1000 8GB<\/li>\n<li>Ph\u1ee5 ki\u1ec7n: Keyboard KB216 + Mouse MS116<\/li>\n<li>H\u1ec7 \u0111i\u1ec1u h\u00e0nh: Ubuntu<\/li>\n<li>B\u1ea3o h\u00e0nh: ProSupport 36 th\u00e1ng<\/li>\n<\/ul>\n<\/ul>","protected":false},"featured_media":15184,"comment_status":"closed","ping_status":"closed","template":"","meta":[],"pwb-brand":[],"product_cat":[2886],"product_tag":[2841],"class_list":{"0":"post-15183","1":"product","2":"type-product","3":"status-publish","4":"has-post-thumbnail","6":"product_cat-dell-workstation","7":"product_tag-hdd","9":"first","10":"instock","11":"shipping-taxable","12":"product-type-simple"},"brands":[],"_links":{"self":[{"href":"https:\/\/serverhot.vn\/fr\/wp-json\/wp\/v2\/product\/15183","targetHints":{"allow":["GET"]}}],"collection":[{"href":"https:\/\/serverhot.vn\/fr\/wp-json\/wp\/v2\/product"}],"about":[{"href":"https:\/\/serverhot.vn\/fr\/wp-json\/wp\/v2\/types\/product"}],"replies":[{"embeddable":true,"href":"https:\/\/serverhot.vn\/fr\/wp-json\/wp\/v2\/comments?post=15183"}],"wp:featuredmedia":[{"embeddable":true,"href":"https:\/\/serverhot.vn\/fr\/wp-json\/wp\/v2\/media\/15184"}],"wp:attachment":[{"href":"https:\/\/serverhot.vn\/fr\/wp-json\/wp\/v2\/media?parent=15183"}],"wp:term":[{"taxonomy":"pwb-brand","embeddable":true,"href":"https:\/\/serverhot.vn\/fr\/wp-json\/wp\/v2\/pwb-brand?post=15183"},{"taxonomy":"product_cat","embeddable":true,"href":"https:\/\/serverhot.vn\/fr\/wp-json\/wp\/v2\/product_cat?post=15183"},{"taxonomy":"product_tag","embeddable":true,"href":"https:\/\/serverhot.vn\/fr\/wp-json\/wp\/v2\/product_tag?post=15183"}],"curies":[{"name":"wp","href":"https:\/\/api.w.org\/{rel}","templated":true}]}}