{"id":10575,"date":"2024-06-29T04:45:56","date_gmt":"2024-06-28T21:45:56","guid":{"rendered":"https:\/\/serverhot.vn\/product\/uncategorized\/may-tinh-tram-dell-precision-3660-tower-i7-12700-16gb-256gb-ssd-1tb-dvdrw-intel-uhd-graphics-770-kb-m-300w-psu-ubuntu-ma-san-pham-71010147\/"},"modified":"2024-06-29T04:45:58","modified_gmt":"2024-06-28T21:45:58","slug":"may-tinh-tram-dell-precision-3660-tower-i7-12700-16gb-256gb-ssd-1tb-dvdrw-intel-uhd-graphics-770-kb-m-300w-psu-ubuntu-ma-san-pham-71010147","status":"publish","type":"product","link":"https:\/\/serverhot.vn\/hi\/-product-\/may-tinh-tram-dell-precision-3660-tower-i7-12700-16gb-256gb-ssd-1tb-dvdrw-intel-uhd-graphics-770-kb-m-300w-psu-ubuntu-ma-san-pham-71010147\/","title":{"rendered":"M\u00e1y t\u00ednh tr\u1ea1m Dell Precision 3660 Tower, i7-12700, 16GB, 256GB SSD, 1TB, DVDRW, Intel UHD Graphics 770, KB, M, 300W PSU, Ubuntu M\u00e3 s\u1ea3n ph\u1ea9m: 71010147"},"content":{"rendered":"<div class=\"showText tabs\" id=\"tab2\">\n                                    <\/div>","protected":false},"excerpt":{"rendered":"<ul>\n<p>CPU: Intel\u00ae Core\u2122 i7-12700\u00a0 )25MB Cache, 12Core, 4.90 GHz)<\/p>\n<p>RAM: 16GB DDR5<\/p>\n<p>HDD: 1TB SATA 3.5&#8243; HDD\u00a0<\/p>\n<p>SSD:\u00a0 256GB<\/p>\n<p>\u1ed4 \u0111\u0129a: DVDRW Chu\u1ed9t ph\u00edm: \u0111i k\u00e8m &#8211; c\u00f3 d\u00e2y<\/p>\n<p>VGA: Intel UHD Graphics 770<\/p>\n<p>Ngu\u1ed3n: 300W<\/p>\n<p>H\u1ec7 \u0111i\u1ec1u h\u00e0nh: Ubuntu<\/p>\n<\/ul>","protected":false},"featured_media":10576,"comment_status":"closed","ping_status":"closed","template":"","meta":[],"pwb-brand":[],"product_cat":[2886],"product_tag":[2841],"class_list":{"0":"post-10575","1":"product","2":"type-product","3":"status-publish","4":"has-post-thumbnail","6":"product_cat-dell-workstation","7":"product_tag-hdd","9":"first","10":"instock","11":"shipping-taxable","12":"product-type-simple"},"brands":[],"_links":{"self":[{"href":"https:\/\/serverhot.vn\/hi\/wp-json\/wp\/v2\/product\/10575","targetHints":{"allow":["GET"]}}],"collection":[{"href":"https:\/\/serverhot.vn\/hi\/wp-json\/wp\/v2\/product"}],"about":[{"href":"https:\/\/serverhot.vn\/hi\/wp-json\/wp\/v2\/types\/product"}],"replies":[{"embeddable":true,"href":"https:\/\/serverhot.vn\/hi\/wp-json\/wp\/v2\/comments?post=10575"}],"wp:featuredmedia":[{"embeddable":true,"href":"https:\/\/serverhot.vn\/hi\/wp-json\/wp\/v2\/media\/10576"}],"wp:attachment":[{"href":"https:\/\/serverhot.vn\/hi\/wp-json\/wp\/v2\/media?parent=10575"}],"wp:term":[{"taxonomy":"pwb-brand","embeddable":true,"href":"https:\/\/serverhot.vn\/hi\/wp-json\/wp\/v2\/pwb-brand?post=10575"},{"taxonomy":"product_cat","embeddable":true,"href":"https:\/\/serverhot.vn\/hi\/wp-json\/wp\/v2\/product_cat?post=10575"},{"taxonomy":"product_tag","embeddable":true,"href":"https:\/\/serverhot.vn\/hi\/wp-json\/wp\/v2\/product_tag?post=10575"}],"curies":[{"name":"wp","href":"https:\/\/api.w.org\/{rel}","templated":true}]}}