{"id":10663,"date":"2024-06-29T08:31:22","date_gmt":"2024-06-29T01:31:22","guid":{"rendered":"https:\/\/serverhot.vn\/product\/uncategorized\/card-man-hinh-asus-gt710-sl-2gd5-brk-evo-ma-san-pham-gt710-sl-2gd5-brk-evo\/"},"modified":"2024-06-29T08:31:23","modified_gmt":"2024-06-29T01:31:23","slug":"card-man-hinh-asus-gt710-sl-2gd5-brk-evo-ma-san-pham-gt710-sl-2gd5-brk-evo","status":"publish","type":"product","link":"https:\/\/serverhot.vn\/hi\/-product-\/card-man-hinh-asus-gt710-sl-2gd5-brk-evo-ma-san-pham-gt710-sl-2gd5-brk-evo\/","title":{"rendered":"Card m\u00e0n h\u00ecnh ASUS GT710-SL-2GD5-BRK-EVO M\u00e3 s\u1ea3n ph\u1ea9m: GT710-SL-2GD5-BRK-EVO"},"content":{"rendered":"<div class=\"showText tabs\" id=\"tab2\">\n                                    <\/div>","protected":false},"excerpt":{"rendered":"<ul>\n                                                    <\/ul>","protected":false},"featured_media":10664,"comment_status":"closed","ping_status":"closed","template":"","meta":[],"pwb-brand":[],"product_cat":[2914],"product_tag":[],"class_list":{"0":"post-10663","1":"product","2":"type-product","3":"status-publish","4":"has-post-thumbnail","6":"product_cat-vga-card-man-hinh","8":"first","9":"instock","10":"shipping-taxable","11":"product-type-simple"},"brands":[],"_links":{"self":[{"href":"https:\/\/serverhot.vn\/hi\/wp-json\/wp\/v2\/product\/10663","targetHints":{"allow":["GET"]}}],"collection":[{"href":"https:\/\/serverhot.vn\/hi\/wp-json\/wp\/v2\/product"}],"about":[{"href":"https:\/\/serverhot.vn\/hi\/wp-json\/wp\/v2\/types\/product"}],"replies":[{"embeddable":true,"href":"https:\/\/serverhot.vn\/hi\/wp-json\/wp\/v2\/comments?post=10663"}],"wp:featuredmedia":[{"embeddable":true,"href":"https:\/\/serverhot.vn\/hi\/wp-json\/wp\/v2\/media\/10664"}],"wp:attachment":[{"href":"https:\/\/serverhot.vn\/hi\/wp-json\/wp\/v2\/media?parent=10663"}],"wp:term":[{"taxonomy":"pwb-brand","embeddable":true,"href":"https:\/\/serverhot.vn\/hi\/wp-json\/wp\/v2\/pwb-brand?post=10663"},{"taxonomy":"product_cat","embeddable":true,"href":"https:\/\/serverhot.vn\/hi\/wp-json\/wp\/v2\/product_cat?post=10663"},{"taxonomy":"product_tag","embeddable":true,"href":"https:\/\/serverhot.vn\/hi\/wp-json\/wp\/v2\/product_tag?post=10663"}],"curies":[{"name":"wp","href":"https:\/\/api.w.org\/{rel}","templated":true}]}}