{"id":11181,"date":"2024-06-29T13:51:42","date_gmt":"2024-06-29T06:51:42","guid":{"rendered":"https:\/\/serverhot.vn\/product\/uncategorized\/symantec-endpoint-security-enterprise-hybrid-subscription-license-with-support-1-99-devices-1y-ma-san-pham-ses-sub-1-99\/"},"modified":"2024-06-29T13:51:45","modified_gmt":"2024-06-29T06:51:45","slug":"symantec-endpoint-security-enterprise-hybrid-subscription-license-with-support-1-99-devices-1y-ma-san-pham-ses-sub-1-99","status":"publish","type":"product","link":"https:\/\/serverhot.vn\/hi\/-product-\/symantec-endpoint-security-enterprise-hybrid-subscription-license-with-support-1-99-devices-1y-ma-san-pham-ses-sub-1-99\/","title":{"rendered":"Symantec Endpoint Security Enterprise, Hybrid Subscription License with Support, 1-99 Devices, 1Y M\u00e3 s\u1ea3n ph\u1ea9m: SES-SUB-1-99"},"content":{"rendered":"<div class=\"showText tabs\" id=\"tab2\">\n                                    <\/div>","protected":false},"excerpt":{"rendered":"<ul>\n<p style=\"margin: 0px 0px 15px;font-family: 'Segoe UI';font-size: 14px;background-color: #ffffff\"><span style=\"font-size: 16px\">Symantec Endpoint Security Enterprise Hybrid Subscription License l\u00e0 phi\u00ean b\u1ea3n d\u00e0nh cho doanh nghi\u1ec7p, cung c\u1ea5p cho c\u00e1c t\u1ed5 ch\u1ee9c kh\u1ea3 n\u0103ng b\u1ea3o v\u1ec7 h\u1ec7 th\u1ed1ng m\u00e1y t\u00ednh v\u00e0 m\u1ea1ng c\u1ee7a h\u1ecd kh\u1ecfi c\u00e1c m\u1ed1i \u0111e d\u1ecda m\u1ea1ng v\u00e0 ph\u1ea7n m\u1ec1m \u0111\u1ed9c h\u1ea1i.\u00a0<\/span><\/p>\n<p style=\"margin: 0px 0px 15px;font-family: 'Segoe UI';font-size: 14px;background-color: #ffffff\"><span style=\"font-size: 16px\">Bi\u1ebfn th\u1ec3 (T\u00f9y ch\u1ecdn)<\/span><\/p>\n<p style=\"margin: 0px 0px 15px;font-family: 'Segoe UI';font-size: 14px;background-color: #ffffff\"><span style=\"font-size: 16px\">Chu k\u1ef3: 1-3 n\u0103m<\/span><\/p>\n<p style=\"margin: 0px 0px 15px;font-family: 'Segoe UI';font-size: 14px;background-color: #ffffff\"><span style=\"font-size: 16px\">Lo\u1ea1i b\u1ea3n quy\u1ec1n: Thu\u00ea bao<\/span><\/p>\n<p style=\"margin: 0px 0px 15px;font-family: 'Segoe UI';font-size: 14px;background-color: #ffffff\"><span style=\"font-size: 16px\">T\u00f9y ch\u1ecdn mua h\u00e0ng: Mua m\u1edbi | Gia h\u1ea1n<\/span><\/p>\n<p style=\"margin: 0px 0px 15px;font-family: 'Segoe UI';font-size: 14px;background-color: #ffffff\"><span style=\"font-size: 16px\">S\u1ed1 l\u01b0\u1ee3ng, \u0111\u1ed1i t\u01b0\u1ee3ng mua h\u00e0ng, \u0111\u00f3ng g\u00f3i,&#8230;xem t\u1ea1i th\u00f4ng s\u1ed1 v\u00e0 c\u1ea5p ph\u00e9p<\/span><\/p>\n<\/ul>","protected":false},"featured_media":11182,"comment_status":"closed","ping_status":"closed","template":"","meta":[],"pwb-brand":[],"product_cat":[2924],"product_tag":[25],"class_list":{"0":"post-11181","1":"product","2":"type-product","3":"status-publish","4":"has-post-thumbnail","6":"product_cat-antivirus-security","7":"product_tag-man","9":"first","10":"instock","11":"shipping-taxable","12":"product-type-simple"},"brands":[],"_links":{"self":[{"href":"https:\/\/serverhot.vn\/hi\/wp-json\/wp\/v2\/product\/11181","targetHints":{"allow":["GET"]}}],"collection":[{"href":"https:\/\/serverhot.vn\/hi\/wp-json\/wp\/v2\/product"}],"about":[{"href":"https:\/\/serverhot.vn\/hi\/wp-json\/wp\/v2\/types\/product"}],"replies":[{"embeddable":true,"href":"https:\/\/serverhot.vn\/hi\/wp-json\/wp\/v2\/comments?post=11181"}],"wp:featuredmedia":[{"embeddable":true,"href":"https:\/\/serverhot.vn\/hi\/wp-json\/wp\/v2\/media\/11182"}],"wp:attachment":[{"href":"https:\/\/serverhot.vn\/hi\/wp-json\/wp\/v2\/media?parent=11181"}],"wp:term":[{"taxonomy":"pwb-brand","embeddable":true,"href":"https:\/\/serverhot.vn\/hi\/wp-json\/wp\/v2\/pwb-brand?post=11181"},{"taxonomy":"product_cat","embeddable":true,"href":"https:\/\/serverhot.vn\/hi\/wp-json\/wp\/v2\/product_cat?post=11181"},{"taxonomy":"product_tag","embeddable":true,"href":"https:\/\/serverhot.vn\/hi\/wp-json\/wp\/v2\/product_tag?post=11181"}],"curies":[{"name":"wp","href":"https:\/\/api.w.org\/{rel}","templated":true}]}}