{"id":11401,"date":"2024-06-29T14:19:57","date_gmt":"2024-06-29T07:19:57","guid":{"rendered":"https:\/\/serverhot.vn\/product\/uncategorized\/loa-bluetooth-thonet-vander-duett-black-ma-san-pham-hk096-03614\/"},"modified":"2024-06-29T14:19:58","modified_gmt":"2024-06-29T07:19:58","slug":"loa-bluetooth-thonet-vander-duett-black-ma-san-pham-hk096-03614","status":"publish","type":"product","link":"https:\/\/serverhot.vn\/hi\/-product-\/loa-bluetooth-thonet-vander-duett-black-ma-san-pham-hk096-03614\/","title":{"rendered":"Loa Bluetooth Thonet &amp; Vander DUETT BLACK M\u00e3 s\u1ea3n ph\u1ea9m: HK096-03614"},"content":{"rendered":"<div class=\"showText tabs\" id=\"tab2\">\n                                    <\/div>","protected":false},"excerpt":{"rendered":"<ul>\n<p>\u00a0<\/p>\n<p>THONET &amp; VANDER DUETT TM &#8211; C\u00d4NG NGH\u1ec6 TWS CHO TR\u1ea2I NGHI\u1ec6M NH\u00c2N \u0110\u00d4I<\/p>\n<p>1. Loa Duett th\u00edch h\u1ee3p cho d\u00e3 ng\u1ecd\u1ea1i<\/p>\n<p>2. \u0110\u1eb7c \u0111i\u1ec3m loa Thonet &amp; Vander Duett<\/p>\n<p>S\u1eed d\u1ee5ng c\u00f4ng ngh\u1ec7 TWS<\/p>\n<p>K\u1ebft n\u1ed1i 2 loa Duett c\u00f3 TWS<\/p>\n<p>\u00c2m thanh Duett<\/p>\n<p>C\u00e1c t\u00ednh n\u0103ng b\u1ed5 tr\u1ee3 kh\u00e1c<\/p>\n<\/ul>","protected":false},"featured_media":11402,"comment_status":"closed","ping_status":"closed","template":"","meta":[],"pwb-brand":[],"product_cat":[2912],"product_tag":[],"class_list":{"0":"post-11401","1":"product","2":"type-product","3":"status-publish","4":"has-post-thumbnail","6":"product_cat-loa-thonet-vander","8":"first","9":"instock","10":"shipping-taxable","11":"product-type-simple"},"brands":[],"_links":{"self":[{"href":"https:\/\/serverhot.vn\/hi\/wp-json\/wp\/v2\/product\/11401","targetHints":{"allow":["GET"]}}],"collection":[{"href":"https:\/\/serverhot.vn\/hi\/wp-json\/wp\/v2\/product"}],"about":[{"href":"https:\/\/serverhot.vn\/hi\/wp-json\/wp\/v2\/types\/product"}],"replies":[{"embeddable":true,"href":"https:\/\/serverhot.vn\/hi\/wp-json\/wp\/v2\/comments?post=11401"}],"wp:featuredmedia":[{"embeddable":true,"href":"https:\/\/serverhot.vn\/hi\/wp-json\/wp\/v2\/media\/11402"}],"wp:attachment":[{"href":"https:\/\/serverhot.vn\/hi\/wp-json\/wp\/v2\/media?parent=11401"}],"wp:term":[{"taxonomy":"pwb-brand","embeddable":true,"href":"https:\/\/serverhot.vn\/hi\/wp-json\/wp\/v2\/pwb-brand?post=11401"},{"taxonomy":"product_cat","embeddable":true,"href":"https:\/\/serverhot.vn\/hi\/wp-json\/wp\/v2\/product_cat?post=11401"},{"taxonomy":"product_tag","embeddable":true,"href":"https:\/\/serverhot.vn\/hi\/wp-json\/wp\/v2\/product_tag?post=11401"}],"curies":[{"name":"wp","href":"https:\/\/api.w.org\/{rel}","templated":true}]}}