{"id":11407,"date":"2024-06-29T14:20:11","date_gmt":"2024-06-29T07:20:11","guid":{"rendered":"https:\/\/serverhot.vn\/product\/uncategorized\/may-in-da-nang-canon-mf452dw-ma-san-pham-mf452dw\/"},"modified":"2024-06-29T14:20:12","modified_gmt":"2024-06-29T07:20:12","slug":"may-in-da-nang-canon-mf452dw-ma-san-pham-mf452dw","status":"publish","type":"product","link":"https:\/\/serverhot.vn\/hi\/-product-\/may-in-da-nang-canon-mf452dw-ma-san-pham-mf452dw\/","title":{"rendered":"M\u00e1y in \u0111a n\u0103ng Canon MF452DW M\u00e3 s\u1ea3n ph\u1ea9m: MF452DW"},"content":{"rendered":"<div class=\"showText tabs\" id=\"tab2\">\n                                    <\/div>","protected":false},"excerpt":{"rendered":"<ul>\n                            Ch\u1ee9c n\u0103ng: Copy &#8211; In &#8211; Scan m\u00e0u &#8211; Fax &#8211; WiFi.<br \/>\nM\u00e0n h\u00ecnh c\u1ea3m \u1ee9ng m\u00e0u LCD 5 Inch (12.7cm).<br \/>\nKh\u1ed5 gi\u1ea5y t\u1ed1i \u0111a : A4.<br \/>\nT\u1ed1c \u0111\u1ed9 : 38 trang \/ ph\u00fat kh\u1ed5 A4 v\u00e0 40 trang \/ph\u00fat kh\u1ed5 Letter.<br \/>\n\u0110\u1ed9 ph\u00e2n gi\u1ea3i : 600 dpi x 600 dpi.<br \/>\nCh\u1ea5t l\u01b0\u1ee3ng in v\u1edbi C\u00f4ng ngh\u1ec7 l\u00e0m m\u1ecbn \u1ea3nh : 1200 x 1200dpi (t\u01b0\u01a1ng \u0111\u01b0\u01a1ng).                        <\/ul>","protected":false},"featured_media":11408,"comment_status":"closed","ping_status":"closed","template":"","meta":[],"pwb-brand":[],"product_cat":[2910],"product_tag":[],"class_list":{"0":"post-11407","1":"product","2":"type-product","3":"status-publish","4":"has-post-thumbnail","6":"product_cat-thiet-bi-van-phong","8":"first","9":"instock","10":"shipping-taxable","11":"product-type-simple"},"brands":[],"_links":{"self":[{"href":"https:\/\/serverhot.vn\/hi\/wp-json\/wp\/v2\/product\/11407","targetHints":{"allow":["GET"]}}],"collection":[{"href":"https:\/\/serverhot.vn\/hi\/wp-json\/wp\/v2\/product"}],"about":[{"href":"https:\/\/serverhot.vn\/hi\/wp-json\/wp\/v2\/types\/product"}],"replies":[{"embeddable":true,"href":"https:\/\/serverhot.vn\/hi\/wp-json\/wp\/v2\/comments?post=11407"}],"wp:featuredmedia":[{"embeddable":true,"href":"https:\/\/serverhot.vn\/hi\/wp-json\/wp\/v2\/media\/11408"}],"wp:attachment":[{"href":"https:\/\/serverhot.vn\/hi\/wp-json\/wp\/v2\/media?parent=11407"}],"wp:term":[{"taxonomy":"pwb-brand","embeddable":true,"href":"https:\/\/serverhot.vn\/hi\/wp-json\/wp\/v2\/pwb-brand?post=11407"},{"taxonomy":"product_cat","embeddable":true,"href":"https:\/\/serverhot.vn\/hi\/wp-json\/wp\/v2\/product_cat?post=11407"},{"taxonomy":"product_tag","embeddable":true,"href":"https:\/\/serverhot.vn\/hi\/wp-json\/wp\/v2\/product_tag?post=11407"}],"curies":[{"name":"wp","href":"https:\/\/api.w.org\/{rel}","templated":true}]}}