{"id":11572,"date":"2024-06-29T14:40:20","date_gmt":"2024-06-29T07:40:20","guid":{"rendered":"https:\/\/serverhot.vn\/product\/uncategorized\/thiet-bi-mang-mikrotik-crs309-1g-8sin-ma-san-pham-crs309-1g-8sin\/"},"modified":"2024-06-29T14:40:21","modified_gmt":"2024-06-29T07:40:21","slug":"thiet-bi-mang-mikrotik-crs309-1g-8sin-ma-san-pham-crs309-1g-8sin","status":"publish","type":"product","link":"https:\/\/serverhot.vn\/hi\/-product-\/thiet-bi-mang-mikrotik-crs309-1g-8sin-ma-san-pham-crs309-1g-8sin\/","title":{"rendered":"Thi\u1ebft B\u1ecb M\u1ea1ng Mikrotik CRS309-1G-8S+IN M\u00e3 s\u1ea3n ph\u1ea9m: CRS309-1G-8S+IN"},"content":{"rendered":"<div class=\"showText tabs\" id=\"tab2\">\n<div class=\"box_right_pro_view\">\n<div class=\"thongso_pro a_technical\" style=\"max-height: fit-content\">\n<table border=\"1\">\n<tbody>\n<tr>\n<td>H\u00e3ng s\u1ea3n xu\u1ea5t<\/td>\n<td>\n<h3>Mikrotik<\/h3>\n<\/td>\n<\/tr>\n<tr>\n<td>M\u00e3 s\u1ea3n ph\u1ea9m<\/td>\n<td>CRS309-1G-8S + IN<\/td>\n<\/tr>\n<tr>\n<td>Ng\u00e0nh ki\u1ebfn \u200b\u200btr\u00fac<\/td>\n<td>ARM 32bit<\/td>\n<\/tr>\n<tr>\n<td>CPU<\/td>\n<td>98DX8208<\/td>\n<\/tr>\n<tr>\n<td>S\u1ed1 l\u01b0\u1ee3ng l\u00f5i CPU<\/td>\n<td>2<\/td>\n<\/tr>\n<tr>\n<td>T\u1ea7n s\u1ed1 danh \u0111\u1ecbnh c\u1ee7a CPU<\/td>\n<td>800 MHz<\/td>\n<\/tr>\n<tr>\n<td>K\u00edch th\u01b0\u1edbc<\/td>\n<td>272 x 191 x 44 mm<\/td>\n<\/tr>\n<tr>\n<td>Gi\u1ea5y ph\u00e9p RouterOS<\/td>\n<td>5<\/td>\n<\/tr>\n<tr>\n<td>H\u1ec7 \u0111i\u1ec1u h\u00e0nh<\/td>\n<td>RouterOS \/ SwitchOS<\/td>\n<\/tr>\n<tr>\n<td>K\u00edch th\u01b0\u1edbc c\u1ee7a RAM<\/td>\n<td>512 MB<\/td>\n<\/tr>\n<tr>\n<td>K\u00edch th\u01b0\u1edbc l\u01b0u tr\u1eef<\/td>\n<td>16 MB<\/td>\n<\/tr>\n<tr>\n<td>Lo\u1ea1i l\u01b0u tr\u1eef<\/td>\n<td>T\u1ed0C BI\u1ebeN<\/td>\n<\/tr>\n<tr>\n<td>MTBF<\/td>\n<td>Kho\u1ea3ng 200&#8217;000 gi\u1edd \u1edf 25C<\/td>\n<\/tr>\n<tr>\n<td>Nhi\u1ec7t \u0111\u1ed9 m\u00f4i tr\u01b0\u1eddng \u0111\u00e3 ki\u1ec3m tra<\/td>\n<td>-40 \u00b0 C \u0111\u1ebfn 70 \u00b0 C<\/td>\n<\/tr>\n<\/tbody>\n<\/table>\n<div>\u00a0<\/div>\n<h2>Cung c\u1ea5p n\u0103ng l\u01b0\u1ee3ng<\/h2>\n<table>\n<thead>\n<tr>\n<th colspan=\"2\">Chi ti\u1ebft<\/th>\n<\/tr>\n<\/thead>\n<tbody>\n<tr>\n<td>S\u1ed1 l\u01b0\u1ee3ng \u0111\u1ea7u v\u00e0o DC<\/td>\n<td>2 (gi\u1eafc c\u1eafm DC, PoE-IN)<\/td>\n<\/tr>\n<tr>\n<td>\u0110\u1ea7u v\u00e0o gi\u1eafc c\u1eafm DC \u0110i\u1ec7n \u00e1p<\/td>\n<td>12-57 V<\/td>\n<\/tr>\n<tr>\n<td>Ti\u00eau th\u1ee5 \u0111i\u1ec7n t\u1ed1i \u0111a<\/td>\n<td>23 W<\/td>\n<\/tr>\n<tr>\n<td>Ti\u00eau th\u1ee5 \u0111i\u1ec7n n\u0103ng t\u1ed1i \u0111a m\u00e0 kh\u00f4ng c\u1ea7n t\u1ec7p \u0111\u00ednh k\u00e8m<\/td>\n<td>17 W<\/td>\n<\/tr>\n<tr>\n<td>S\u1ed1 l\u01b0\u1ee3ng FAN<\/td>\n<td>Th\u1ee5 \u0111\u1ed9ng<\/td>\n<\/tr>\n<tr>\n<td>PoE trong<\/td>\n<td>802.3af \/ at<\/td>\n<\/tr>\n<tr>\n<td>PoE trong \u0110i\u1ec7n \u00e1p \u0111\u1ea7u v\u00e0o<\/td>\n<td>18-57 V<\/td>\n<\/tr>\n<\/tbody>\n<\/table>\n<div>\u00a0<\/div>\n<h2>Ethernet<\/h2>\n<table>\n<thead>\n<tr>\n<th colspan=\"2\">Chi ti\u1ebft<\/th>\n<\/tr>\n<\/thead>\n<tbody>\n<tr>\n<td>10\/100\/1000 c\u1ed5ng Ethernet<\/td>\n<td>1<\/td>\n<\/tr>\n<\/tbody>\n<\/table>\n<div>\u00a0<\/div>\n<h2>Ch\u1ea5t x\u01a1<\/h2>\n<table>\n<thead>\n<tr>\n<th colspan=\"2\">Chi ti\u1ebft<\/th>\n<\/tr>\n<\/thead>\n<tbody>\n<tr>\n<td>C\u1ed5ng SFP +<\/td>\n<td>s\u1ed1 8<\/td>\n<\/tr>\n<\/tbody>\n<\/table>\n<div>\u00a0<\/div>\n<h2>Thi\u1ebft b\u1ecb ngo\u1ea1i vi<\/h2>\n<table>\n<thead>\n<tr>\n<th colspan=\"2\">Chi ti\u1ebft<\/th>\n<\/tr>\n<\/thead>\n<tbody>\n<tr>\n<td>C\u1ed5ng b\u1ea3ng \u0111i\u1ec1u khi\u1ec3n n\u1ed1i ti\u1ebfp<\/td>\n<td>RS232<\/td>\n<\/tr>\n<\/tbody>\n<\/table>\n<div>\u00a0<\/div>\n<h2>Kh\u00e1c<\/h2>\n<table>\n<thead>\n<tr>\n<th colspan=\"2\">Chi ti\u1ebft<\/th>\n<\/tr>\n<\/thead>\n<tbody>\n<tr>\n<td>M\u00e0n h\u00ecnh nhi\u1ec7t \u0111\u1ed9 CPU<\/td>\n<td>\u0111\u00fang<\/td>\n<\/tr>\n<\/tbody>\n<\/table>\n<div>\u00a0<\/div>\n<h2>Ch\u1ee9ng nh\u1eadn &amp; Ph\u00ea duy\u1ec7t<\/h2>\n<table>\n<thead>\n<tr>\n<th colspan=\"2\">Chi ti\u1ebft<\/th>\n<\/tr>\n<\/thead>\n<tbody>\n<tr>\n<td>Ch\u1ee9ng nh\u1eadn<\/td>\n<td>CE, EAC, ROHS<\/td>\n<\/tr>\n<tr>\n<td>IP<\/td>\n<td>IP20<\/td>\n<\/tr>\n<\/tbody>\n<\/table><\/div>\n<p>                            <!--                            <\/p>\n<div class=\"xemthem_id_r\">--><br \/>\n                            <!--                                <a><!--\/show\/?token=--><br \/>\n                            <!--\"--><br \/>\n                            <!--                                   class=\"preview fancybox fancybox.ajax\" rel=\"nofollow\"&gt;Xem th&#234;m th&#244;ng s&#7889; k&#7929; thu&#7853;t<\/a>--><br \/>\n                            <!--                            <\/div>\n<p>-->\n                        <\/p><\/div>\n<\/p><\/div>","protected":false},"excerpt":{"rendered":"<ul>\n<ul>\n<li><span style=\"font-size: 16px\">Vi x\u1eed l\u00fd CPU : Dual core 800MHz<\/span><\/li>\n<li><span style=\"font-size: 16px\">RAM : 512MB<\/span><\/li>\n<li><span style=\"font-size: 16px\">1 c\u1ed5ng RJ45 Gigabit LAN<\/span><\/li>\n<li><span style=\"font-size: 16px\">8 c\u1ed5ng SFP+<\/span><\/li>\n<li><span style=\"font-size: 16px\">H\u1ec7 \u0111i\u1ec1u h\u00e0nh : RouterOS L5 or SwitchOS (dual boot)<\/span><\/li>\n<\/ul>\n<div class=\"col-sm-6\" style=\"position: relative;min-height: 1px;padding-right: 15px;padding-left: 15px;float: left;width: 438.75px\">\u00a0<\/div>\n<\/ul>","protected":false},"featured_media":11573,"comment_status":"closed","ping_status":"closed","template":"","meta":[],"pwb-brand":[],"product_cat":[2899],"product_tag":[2849],"class_list":{"0":"post-11572","1":"product","2":"type-product","3":"status-publish","4":"has-post-thumbnail","6":"product_cat-mikrotik","7":"product_tag-switch","9":"first","10":"instock","11":"shipping-taxable","12":"product-type-simple"},"brands":[],"_links":{"self":[{"href":"https:\/\/serverhot.vn\/hi\/wp-json\/wp\/v2\/product\/11572","targetHints":{"allow":["GET"]}}],"collection":[{"href":"https:\/\/serverhot.vn\/hi\/wp-json\/wp\/v2\/product"}],"about":[{"href":"https:\/\/serverhot.vn\/hi\/wp-json\/wp\/v2\/types\/product"}],"replies":[{"embeddable":true,"href":"https:\/\/serverhot.vn\/hi\/wp-json\/wp\/v2\/comments?post=11572"}],"wp:featuredmedia":[{"embeddable":true,"href":"https:\/\/serverhot.vn\/hi\/wp-json\/wp\/v2\/media\/11573"}],"wp:attachment":[{"href":"https:\/\/serverhot.vn\/hi\/wp-json\/wp\/v2\/media?parent=11572"}],"wp:term":[{"taxonomy":"pwb-brand","embeddable":true,"href":"https:\/\/serverhot.vn\/hi\/wp-json\/wp\/v2\/pwb-brand?post=11572"},{"taxonomy":"product_cat","embeddable":true,"href":"https:\/\/serverhot.vn\/hi\/wp-json\/wp\/v2\/product_cat?post=11572"},{"taxonomy":"product_tag","embeddable":true,"href":"https:\/\/serverhot.vn\/hi\/wp-json\/wp\/v2\/product_tag?post=11572"}],"curies":[{"name":"wp","href":"https:\/\/api.w.org\/{rel}","templated":true}]}}