{"id":11650,"date":"2024-06-29T14:50:03","date_gmt":"2024-06-29T07:50:03","guid":{"rendered":"https:\/\/serverhot.vn\/product\/uncategorized\/may-tinh-de-ban-dell-vostro-3020t-i7-13700-8gb-512gb-m-2-pcie-nvme-intel-wi-fi-6-and-bluetooth-5-2km-windows-11-home-ma-san-pham-42vt3020mt0006\/"},"modified":"2024-06-29T14:50:05","modified_gmt":"2024-06-29T07:50:05","slug":"may-tinh-de-ban-dell-vostro-3020t-i7-13700-8gb-512gb-m-2-pcie-nvme-intel-wi-fi-6-and-bluetooth-5-2km-windows-11-home-ma-san-pham-42vt3020mt0006","status":"publish","type":"product","link":"https:\/\/serverhot.vn\/hi\/-product-\/may-tinh-de-ban-dell-vostro-3020t-i7-13700-8gb-512gb-m-2-pcie-nvme-intel-wi-fi-6-and-bluetooth-5-2km-windows-11-home-ma-san-pham-42vt3020mt0006\/","title":{"rendered":"M\u00e1y t\u00ednh \u0111\u1ec3 b\u00e0n Dell Vostro 3020T i7-13700, 8GB, 512GB M.2 PCIe NVMe, Intel Wi-Fi 6 and Bluetooth 5.2,K&amp;M, Windows 11 Home M\u00e3 s\u1ea3n ph\u1ea9m: 42VT3020MT0006"},"content":{"rendered":"<div class=\"showText tabs\" id=\"tab2\">\n                                    <\/div>","protected":false},"excerpt":{"rendered":"<ul>\n<p>(Mini Tower)&#8221; &#8220;Vostro Desktops 3020T &#8211; i7<\/p>\n<p>\u202213th Gen Intel(R) Core(TM) i7-13700 processor (16-Core, 24MB Cache, 2.1GHz to 5.1GHz)<\/p>\n<p>\u2022 Mainboard: Intel\u00ae B660 chipset<\/p>\n<p>\u00a0\u2022 Ram : 8GB (8GB x 1) DDR4, 3200MHz\u00a0<\/p>\n<p>\u2022 Hard Drive : 512GB M.2 PCIe NVMe Solid State Drive<\/p>\n<p>\u00a0\u2022 Intel(R) UHD Graphics 770 with shared<\/p>\n<p>graphics memory\u00a0<\/p>\n<p>\u2022 Optical Drive :No Optical Drive<\/p>\n<p>\u2022 Wireless : Intel(R) Wi-Fi 6 2&#215;2 (Gig+) and Bluetooth 5.2<\/p>\n<p>\u00a0\u2022 Dell Optical Mouse &amp; Keyboard\u00a0<\/p>\n<p>\u2022 OS : Windows 11 Home, Single Language English 1<\/p>\n<p>\u00a0\u2022 Waranty : 1 year ProSupport\u00a0<\/p>\n<p>\u2022 C\/O : Malaysia&#8221;<\/p>\n<\/ul>","protected":false},"featured_media":11651,"comment_status":"closed","ping_status":"closed","template":"","meta":[],"pwb-brand":[],"product_cat":[2886],"product_tag":[2852],"class_list":{"0":"post-11650","1":"product","2":"type-product","3":"status-publish","4":"has-post-thumbnail","6":"product_cat-dell-workstation","7":"product_tag-wireless","9":"first","10":"instock","11":"shipping-taxable","12":"product-type-simple"},"brands":[],"_links":{"self":[{"href":"https:\/\/serverhot.vn\/hi\/wp-json\/wp\/v2\/product\/11650","targetHints":{"allow":["GET"]}}],"collection":[{"href":"https:\/\/serverhot.vn\/hi\/wp-json\/wp\/v2\/product"}],"about":[{"href":"https:\/\/serverhot.vn\/hi\/wp-json\/wp\/v2\/types\/product"}],"replies":[{"embeddable":true,"href":"https:\/\/serverhot.vn\/hi\/wp-json\/wp\/v2\/comments?post=11650"}],"wp:featuredmedia":[{"embeddable":true,"href":"https:\/\/serverhot.vn\/hi\/wp-json\/wp\/v2\/media\/11651"}],"wp:attachment":[{"href":"https:\/\/serverhot.vn\/hi\/wp-json\/wp\/v2\/media?parent=11650"}],"wp:term":[{"taxonomy":"pwb-brand","embeddable":true,"href":"https:\/\/serverhot.vn\/hi\/wp-json\/wp\/v2\/pwb-brand?post=11650"},{"taxonomy":"product_cat","embeddable":true,"href":"https:\/\/serverhot.vn\/hi\/wp-json\/wp\/v2\/product_cat?post=11650"},{"taxonomy":"product_tag","embeddable":true,"href":"https:\/\/serverhot.vn\/hi\/wp-json\/wp\/v2\/product_tag?post=11650"}],"curies":[{"name":"wp","href":"https:\/\/api.w.org\/{rel}","templated":true}]}}