{"id":11753,"date":"2024-06-29T15:02:59","date_gmt":"2024-06-29T08:02:59","guid":{"rendered":"https:\/\/serverhot.vn\/product\/uncategorized\/thiet-bi-luu-tru-synology-uc3200-ma-san-pham-uc3200\/"},"modified":"2024-06-29T15:03:00","modified_gmt":"2024-06-29T08:03:00","slug":"thiet-bi-luu-tru-synology-uc3200-ma-san-pham-uc3200","status":"publish","type":"product","link":"https:\/\/serverhot.vn\/hi\/-product-\/thiet-bi-luu-tru-synology-uc3200-ma-san-pham-uc3200\/","title":{"rendered":"Thi\u1ebft B\u1ecb L\u01b0u Tr\u1eef Synology UC3200 M\u00e3 s\u1ea3n ph\u1ea9m: UC3200"},"content":{"rendered":"<div class=\"showText tabs\" id=\"tab2\">\n                                    <\/div>","protected":false},"excerpt":{"rendered":"<ul>\n<p>\u00a0<\/p>\n<div>&#8211; Gi\u1ea3i ph\u00e1p l\u01b0u tr\u1eef t\u00edch c\u1ef1c, ho\u1ea1t \u0111\u1ed9ng t\u00edch c\u1ef1c \u0111\u1ec3 cung c\u1ea5p c\u00e1c d\u1ecbch v\u1ee5 iSCSI kh\u00f4ng ph\u00e1 v\u1ee1<br \/>&#8211; H\u01a1n 143.000 4K Vi\u1ebft ng\u1eabu nhi\u00ean 4K IOPS1, hi\u1ec7u su\u1ea5t c\u1ea5p doanh nghi\u1ec7p v\u1edbi \u0111\u1ed9 tr\u1ec5 th\u1ea5p<br \/>&#8211; Dung l\u01b0\u1ee3ng linh ho\u1ea1t c\u00f3 th\u1ec3 m\u1edf r\u1ed9ng l\u00ean t\u1edbi 36 \u1ed5 \u0111\u0129a v\u1edbi c\u00e1c \u0111\u01a1n v\u1ecb m\u1edf r\u1ed9ng RXD1219s2<br \/>&#8211; S\u1eb5n s\u00e0ng \u1ea3o h\u00f3a v\u1edbi kh\u1ea3 n\u0103ng t\u01b0\u01a1ng th\u00edch VMware vSphere\u00ae, Citrix\u00ae XenServer v\u00e0 OpenStack\u00ae Cinder<br \/>&#8211; C\u01a1 ch\u1ebf b\u1ea3o v\u1ec7 b\u1ed9 nh\u1edb cache \u0111\u00e0n h\u1ed3i \u0111\u1ec3 tr\u00e1nh m\u1ea5t d\u1eef li\u1ec7u<br \/>&#8211; B\u1ea3o v\u1ec7 d\u1eef li\u1ec7u t\u1ee9c th\u00ec v\u1edbi c\u00e1c c\u00f4ng ngh\u1ec7 sao ch\u00e9p v\u00e0 sao ch\u00e9p t\u00edch h\u1ee3p<br \/>&#8211; Giao di\u1ec7n ng\u01b0\u1eddi d\u00f9ng \u0111\u01a1n gi\u1ea3n v\u00e0 th\u1ed1ng nh\u1ea5t \u0111\u1ec3 d\u1ec5 d\u00e0ng qu\u1ea3n l\u00fd d\u1eef li\u1ec7u v\u00e0 t\u00e1c v\u1ee5 l\u01b0u tr\u1eef<br \/>&#8211; \u0110\u01b0\u1ee3c h\u1ed7 tr\u1ee3 b\u1edfi b\u1ea3o h\u00e0nh gi\u1edbi h\u1ea1n 5 n\u0103m c\u1ee7a Synology<\/div>\n<p>\u00a0<\/p>\n<\/ul>","protected":false},"featured_media":11754,"comment_status":"closed","ping_status":"closed","template":"","meta":[],"pwb-brand":[],"product_cat":[2881],"product_tag":[],"class_list":{"0":"post-11753","1":"product","2":"type-product","3":"status-publish","4":"has-post-thumbnail","6":"product_cat-synology","8":"first","9":"instock","10":"shipping-taxable","11":"product-type-simple"},"brands":[],"_links":{"self":[{"href":"https:\/\/serverhot.vn\/hi\/wp-json\/wp\/v2\/product\/11753","targetHints":{"allow":["GET"]}}],"collection":[{"href":"https:\/\/serverhot.vn\/hi\/wp-json\/wp\/v2\/product"}],"about":[{"href":"https:\/\/serverhot.vn\/hi\/wp-json\/wp\/v2\/types\/product"}],"replies":[{"embeddable":true,"href":"https:\/\/serverhot.vn\/hi\/wp-json\/wp\/v2\/comments?post=11753"}],"wp:featuredmedia":[{"embeddable":true,"href":"https:\/\/serverhot.vn\/hi\/wp-json\/wp\/v2\/media\/11754"}],"wp:attachment":[{"href":"https:\/\/serverhot.vn\/hi\/wp-json\/wp\/v2\/media?parent=11753"}],"wp:term":[{"taxonomy":"pwb-brand","embeddable":true,"href":"https:\/\/serverhot.vn\/hi\/wp-json\/wp\/v2\/pwb-brand?post=11753"},{"taxonomy":"product_cat","embeddable":true,"href":"https:\/\/serverhot.vn\/hi\/wp-json\/wp\/v2\/product_cat?post=11753"},{"taxonomy":"product_tag","embeddable":true,"href":"https:\/\/serverhot.vn\/hi\/wp-json\/wp\/v2\/product_tag?post=11753"}],"curies":[{"name":"wp","href":"https:\/\/api.w.org\/{rel}","templated":true}]}}