{"id":11927,"date":"2024-06-29T15:35:02","date_gmt":"2024-06-29T08:35:02","guid":{"rendered":"https:\/\/serverhot.vn\/product\/uncategorized\/tai-nghe-bluetooth-thonet-vander-reis-ma-san-pham-hk096-03647\/"},"modified":"2024-06-29T15:35:03","modified_gmt":"2024-06-29T08:35:03","slug":"tai-nghe-bluetooth-thonet-vander-reis-ma-san-pham-hk096-03647","status":"publish","type":"product","link":"https:\/\/serverhot.vn\/hi\/-product-\/tai-nghe-bluetooth-thonet-vander-reis-ma-san-pham-hk096-03647\/","title":{"rendered":"Tai Nghe Bluetooth Thonet &amp; Vander REIS M\u00e3 s\u1ea3n ph\u1ea9m: HK096-03647"},"content":{"rendered":"<div class=\"showText tabs\" id=\"tab2\">\n<div class=\"box_right_pro_view\">\n<div class=\"thongso_pro a_technical\" style=\"max-height: fit-content\">\n<table border=\"1\">\n<tbody>\n<tr>\n<td><span>H\u00e3ng s\u1ea3n xu\u1ea5t<\/span><\/td>\n<td><span>Thonet &amp; Vander<\/span><\/td>\n<\/tr>\n<tr>\n<td><span>M\u00e3 s\u1ea3n ph\u1eabm<\/span><\/td>\n<td><span>HK096-03647<\/span><\/td>\n<\/tr>\n<tr>\n<td><span>C\u00f4ng su\u1ea5t<\/span><\/td>\n<td><span>10 mW<\/span><\/td>\n<\/tr>\n<tr>\n<td><span>K\u1ebft n\u1ed1i Bluetooth<\/span><\/td>\n<td><span>5.0<\/span><\/td>\n<\/tr>\n<tr>\n<td><span>Ph\u1ea1m vi k\u1ebft n\u1ed1i<\/span><\/td>\n<td><span>10 m<\/span><\/td>\n<\/tr>\n<tr>\n<td><span>Th\u1eddi gian s\u1eed d\u1ee5ng<\/span><\/td>\n<td><span>4,5 gi\u1edd<\/span><\/td>\n<\/tr>\n<tr>\n<td><span>Th\u1eddi gian s\u1ea1c pin<\/span><\/td>\n<td><span>1 gi\u1edd<\/span><\/td>\n<\/tr>\n<tr>\n<td><span>Th\u1eddi gian s\u1ea1c h\u1ed9p s\u1ea1c<\/span><\/td>\n<td><span>2 gi\u1edd<\/span><\/td>\n<\/tr>\n<tr>\n<td><span>S\u1ed1 l\u1ea7n h\u1ed9p s\u1ea1c c\u00f3 th\u1ec3 s\u1ea1c cho tai nghe<\/span><\/td>\n<td><span>4 l\u1ea7n\u00a0<\/span><\/td>\n<\/tr>\n<tr>\n<td><span>Pin h\u1ed9p s\u1ea1c<\/span><\/td>\n<td><span>400mAh<\/span><\/td>\n<\/tr>\n<tr>\n<td><span>Pin tai nghe<\/span><\/td>\n<td><span>50 mAh<\/span><\/td>\n<\/tr>\n<tr>\n<td><span>K\u00edch th\u01b0\u1edbc c\u1ee7a loa<\/span><\/td>\n<td><span>8mm<\/span><\/td>\n<\/tr>\n<tr>\n<td><span>Tr\u1edf kh\u00e1ng<\/span><\/td>\n<td><span>32 Ohm<\/span><\/td>\n<\/tr>\n<tr>\n<td><span>\u0110\u1ed9 nh\u1ea1y<\/span><\/td>\n<td><span>92 \u00b1 3 db<\/span><\/td>\n<\/tr>\n<tr>\n<td><span>C\u00e1p s\u1ea1c mini v\u00e0o USB<\/span><\/td>\n<td><span>30cm<\/span><\/td>\n<\/tr>\n<tr>\n<td><span>K\u00edch th\u01b0\u1edbc gel tai nghe<\/span><\/td>\n<td><span>S, M, L<\/span><\/td>\n<\/tr>\n<tr>\n<td><span>K\u00edch th\u01b0\u1edbc h\u1ed9p<\/span><\/td>\n<td><span>10x10x4.5cm<\/span><\/td>\n<\/tr>\n<tr>\n<td><span>T\u00ednh n\u0103ng ch\u1ea1m<\/span><\/td>\n<td><span>C\u00f3\u00a0<\/span><\/td>\n<\/tr>\n<tr>\n<td><span>Micro t\u00edch h\u1ee3p s\u1eb5n<\/span><\/td>\n<td><span>C\u00f3<\/span><\/td>\n<\/tr>\n<tr>\n<td><span>K\u1ebft n\u1ed1i TWS<\/span><\/td>\n<td><span>C\u00f3<\/span><\/td>\n<\/tr>\n<tr>\n<td>T\u1ed5ng tr\u1ecdng l\u01b0\u01a1ng (bao g\u1ed3m h\u1ed9p)<\/td>\n<td>100gr<\/td>\n<\/tr>\n<\/tbody>\n<\/table><\/div>\n<p>                            <!--                            <\/p>\n<div class=\"xemthem_id_r\">--><br \/>\n                            <!--                                <a><!--\/show\/?token=--><br \/>\n                            <!--\"--><br \/>\n                            <!--                                   class=\"preview fancybox fancybox.ajax\" rel=\"nofollow\"&gt;Xem th&#234;m th&#244;ng s&#7889; k&#7929; thu&#7853;t<\/a>--><br \/>\n                            <!--                            <\/div>\n<p>-->\n                        <\/p><\/div>\n<\/p><\/div>","protected":false},"excerpt":{"rendered":"<ul>\n<ul style=\"margin: 0px auto;padding: 0px;font-size: 17px;background-color: #ffffff\">\n<li style=\"margin: 0px auto 0px 20px;padding: 0px;font-size: 15px;text-align: justify\"><span style=\"font-size: 18px\">C\u00f4ng su\u1ea5t : 10mW<\/span><\/li>\n<li style=\"margin: 0px auto 0px 20px;padding: 0px;font-size: 15px;text-align: justify\"><span style=\"font-size: 18px\">Th\u1eddi l\u01b0\u1ee3ng pin: 4,5 gi\u1edd<\/span><\/li>\n<li style=\"margin: 0px auto 0px 20px;padding: 0px;font-size: 15px;text-align: justify\"><span style=\"font-size: 18px\">K\u1ebft n\u1ed1i: Bluetooth (TWS).<\/span><\/li>\n<li style=\"margin: 0px auto 0px 20px;padding: 0px;font-size: 15px;text-align: justify\"><span style=\"font-size: 18px\">\u00c2m thanh r\u00f5 r\u00e0ng v\u00e0 s\u1eafc n\u00e9t.<\/span><\/li>\n<\/ul>\n<p style=\"text-align: justify\">\u00a0<\/p>\n<\/ul>","protected":false},"featured_media":11928,"comment_status":"closed","ping_status":"closed","template":"","meta":[],"pwb-brand":[],"product_cat":[2912],"product_tag":[],"class_list":{"0":"post-11927","1":"product","2":"type-product","3":"status-publish","4":"has-post-thumbnail","6":"product_cat-loa-thonet-vander","8":"first","9":"instock","10":"shipping-taxable","11":"product-type-simple"},"brands":[],"_links":{"self":[{"href":"https:\/\/serverhot.vn\/hi\/wp-json\/wp\/v2\/product\/11927","targetHints":{"allow":["GET"]}}],"collection":[{"href":"https:\/\/serverhot.vn\/hi\/wp-json\/wp\/v2\/product"}],"about":[{"href":"https:\/\/serverhot.vn\/hi\/wp-json\/wp\/v2\/types\/product"}],"replies":[{"embeddable":true,"href":"https:\/\/serverhot.vn\/hi\/wp-json\/wp\/v2\/comments?post=11927"}],"wp:featuredmedia":[{"embeddable":true,"href":"https:\/\/serverhot.vn\/hi\/wp-json\/wp\/v2\/media\/11928"}],"wp:attachment":[{"href":"https:\/\/serverhot.vn\/hi\/wp-json\/wp\/v2\/media?parent=11927"}],"wp:term":[{"taxonomy":"pwb-brand","embeddable":true,"href":"https:\/\/serverhot.vn\/hi\/wp-json\/wp\/v2\/pwb-brand?post=11927"},{"taxonomy":"product_cat","embeddable":true,"href":"https:\/\/serverhot.vn\/hi\/wp-json\/wp\/v2\/product_cat?post=11927"},{"taxonomy":"product_tag","embeddable":true,"href":"https:\/\/serverhot.vn\/hi\/wp-json\/wp\/v2\/product_tag?post=11927"}],"curies":[{"name":"wp","href":"https:\/\/api.w.org\/{rel}","templated":true}]}}