{"id":12030,"date":"2024-06-29T16:01:59","date_gmt":"2024-06-29T09:01:59","guid":{"rendered":"https:\/\/serverhot.vn\/product\/uncategorized\/thiet-bi-mang-bo-phat-song-wireless-linksys-lapac1750c-cloud-access-point-ma-san-pham-lapac1750c\/"},"modified":"2024-06-29T16:02:01","modified_gmt":"2024-06-29T09:02:01","slug":"thiet-bi-mang-bo-phat-song-wireless-linksys-lapac1750c-cloud-access-point-ma-san-pham-lapac1750c","status":"publish","type":"product","link":"https:\/\/serverhot.vn\/hi\/-product-\/thiet-bi-mang-bo-phat-song-wireless-linksys-lapac1750c-cloud-access-point-ma-san-pham-lapac1750c\/","title":{"rendered":"Thi\u1ebft B\u1ecb M\u1ea1ng B\u1ed9 Ph\u00e1t S\u00f3ng Wireless Linksys LAPAC1750C (Cloud Access Point) M\u00e3 s\u1ea3n ph\u1ea9m: LAPAC1750C"},"content":{"rendered":"<div class=\"showText tabs\" id=\"tab2\">\n                                    <\/div>","protected":false},"excerpt":{"rendered":"<ul>\n<p>Linksys LAPAC1750C l\u00e0 m\u1ed9t access point d\u00e0nh cho m\u00f4i tr\u01b0\u1eddng doanh nghi\u1ec7p c\u00f3 nhi\u1ec1u t\u00ednh n\u0103ng r\u1ea5t ti\u00ean ti\u1ebfn. Ngo\u00e0i b\u1ea3o m\u1eadt, s\u1ea3n ph\u1ea9m khi k\u1ebft h\u1ee3p v\u1edbi Cloud Manager s\u1ebd gi\u00fap ch\u1ee7 doanh nghi\u1ec7p d\u1ec5 d\u00e0ng ti\u1ebft ki\u1ec7m chi ph\u00ed cho kho\u1ea3n qu\u1ea3n l\u00fd m\u1ea1ng kh\u00f4ng d\u00e2y. Ng\u01b0\u1eddi ch\u1ecbu tr\u00e1ch nhi\u1ec7m h\u1ea1 t\u1ea7ng m\u1ea1ng c\u00f3 th\u1ec3 th\u1ef1c hi\u1ec7n tri\u1ec3n khai, ch\u1ea9n \u0111o\u00e1n l\u1ed7i, s\u1eeda ch\u1eefa remove t\u1eeb xa th\u00f4ng qua m\u00f4i tr\u01b0\u1eddng cloud m\u00e0 kh\u00f4ng c\u1ea7n onsite. C\u00f4ng vi\u1ec7c qu\u1ea3n l\u00fd t\u1eadp trung h\u01a1n, \u00edt t\u1ed1n t\u00e0i nguy\u00ean c\u1ea3 v\u1ec1 nh\u00e2n l\u1ef1c l\u1eabn chi ph\u00ed. Kh\u1ea3 n\u0103ng m\u1edf r\u1ed9ng c\u1ee7a c\u00e1c access point h\u1ed7 tr\u1ee3 Cloud Manager v\u1ec1 l\u00fd thuy\u1ebft l\u00e0 v\u00f4 h\u1ea1n, th\u00edch h\u1ee3p cho doanh nghi\u1ec7p v\u1eeba v\u00e0 nh\u1ecf nh\u01b0ng c\u0169ng d\u1ec5 d\u00e0ng ph\u00e1t tri\u1ec3n v\u1ec1 sau.<\/p>\n<p>Linksys LAPAC1750C ph\u00f9 h\u1ee3p tri\u1ec3n khai cho c\u00e1c kh\u00e1ch h\u00e0ng nh\u00e0 h\u00e0ng, kh\u00e1ch s\u1ea1n, qu\u00e1n c\u00e0 ph\u00ea, v\u1edbi m\u00f4 h\u00ecnh theo chu\u1ed7i v\u1edbi nhi\u1ec1u c\u1eeda h\u00e0ng v\u00e0 chi nh\u00e1nh.<\/p>\n<p>&#8211; Wi-Fi chu\u1ea9n AC, t\u1ed1c \u0111\u1ed9 1750Mbps (N450Mbps + AC1300Mbps)<\/p>\n<p>&#8211; 1 x 10\/100\/1000Mbps c\u1ed5ng Gigabit Ethernet<\/p>\n<p>&#8211; Ph\u00e1t 2 b\u0103ng t\u1ea7n 2.4GHz + 5GHz, \u0103ng-ten ng\u1ea7m MIMO 3&#215;3 c\u00f4ng su\u1ea5t cao<\/p>\n<p>&#8211; Qu\u1ea3n l\u00fd, gi\u00e1m s\u00e1t t\u1eeb xa m\u1ed9t ho\u1eb7c nhi\u1ec1u m\u1ea1ng tr\u00ean n\u1ec1n t\u1ea3ng Cloud\u00a0<\/p>\n<p>&#8211; Ti\u1ebft ki\u1ec7m chi ph\u00ed v\u1edbi b\u1ea3n quy\u1ec1n Cloud mi\u1ec5n ph\u00ed 5 n\u0103m\u00a0<\/p>\n<p>&#8211; Kh\u00f4ng gi\u1edbi h\u1ea1n s\u1ed1 l\u01b0\u1ee3ng Access Point th\u00eam v\u00e0o Cloud\u00a0<\/p>\n<p>&#8211; Chu\u1ea9n m\u00e3 ho\u00e1 WEP\/WPA\/WPA2, IEEE 802.1x Radius\u00a0<\/p>\n<p>&#8211; Truy c\u1eadp t\u1eadp trung \u0111\u1ed3ng th\u1eddi t\u1edbi 100 thi\u1ebft b\u1ecb\u00a0<\/p>\n<p>&#8211; H\u1ed7 tr\u1ee3 chuy\u1ec3n v\u00f9ng roaming gi\u1eefa c\u00e1c AP\u00a0<\/p>\n<p>&#8211; C\u00e0i \u0111\u1eb7t, qu\u1ea3n tr\u1ecb nhanh v\u00e0 \u0111\u01a1n gi\u1ea3n, gi\u1ea3m thi\u1ec3u chi ph\u00ed v\u1eadn h\u00e0nh\u00a0<\/p>\n<p>&#8211; V\u00f9ng ph\u1ee7 s\u00f3ng r\u1ed9ng, d\u00f9ng cho c\u0103n h\u1ed9 l\u1edbn, nh\u00e0 h\u00e0ng, c\u00f4ng ty, doanh nghi\u1ec7p<\/p>\n<p>&#8211; Ngu\u1ed3n c\u1ea5p 12V\/1.5A, c\u00f4ng su\u00e2t 15W, h\u1ed7 tr\u1ee3 PoE+ (802.3at)<\/p>\n<\/ul>","protected":false},"featured_media":12031,"comment_status":"closed","ping_status":"closed","template":"","meta":[],"pwb-brand":[],"product_cat":[2907],"product_tag":[2853,25,55,2842,2852],"class_list":{"0":"post-12030","1":"product","2":"type-product","3":"status-publish","4":"has-post-thumbnail","6":"product_cat-linksys","7":"product_tag-access-point","8":"product_tag-man","9":"product_tag-run","10":"product_tag-tiet-kiem-chi-phi","11":"product_tag-wireless","13":"first","14":"instock","15":"shipping-taxable","16":"product-type-simple"},"brands":[],"_links":{"self":[{"href":"https:\/\/serverhot.vn\/hi\/wp-json\/wp\/v2\/product\/12030","targetHints":{"allow":["GET"]}}],"collection":[{"href":"https:\/\/serverhot.vn\/hi\/wp-json\/wp\/v2\/product"}],"about":[{"href":"https:\/\/serverhot.vn\/hi\/wp-json\/wp\/v2\/types\/product"}],"replies":[{"embeddable":true,"href":"https:\/\/serverhot.vn\/hi\/wp-json\/wp\/v2\/comments?post=12030"}],"wp:featuredmedia":[{"embeddable":true,"href":"https:\/\/serverhot.vn\/hi\/wp-json\/wp\/v2\/media\/12031"}],"wp:attachment":[{"href":"https:\/\/serverhot.vn\/hi\/wp-json\/wp\/v2\/media?parent=12030"}],"wp:term":[{"taxonomy":"pwb-brand","embeddable":true,"href":"https:\/\/serverhot.vn\/hi\/wp-json\/wp\/v2\/pwb-brand?post=12030"},{"taxonomy":"product_cat","embeddable":true,"href":"https:\/\/serverhot.vn\/hi\/wp-json\/wp\/v2\/product_cat?post=12030"},{"taxonomy":"product_tag","embeddable":true,"href":"https:\/\/serverhot.vn\/hi\/wp-json\/wp\/v2\/product_tag?post=12030"}],"curies":[{"name":"wp","href":"https:\/\/api.w.org\/{rel}","templated":true}]}}