{"id":12054,"date":"2024-06-29T16:10:39","date_gmt":"2024-06-29T09:10:39","guid":{"rendered":"https:\/\/serverhot.vn\/product\/uncategorized\/card-man-hinh-msi-2gb-gt1030-2gb-ma-san-pham-1030gt-2gb\/"},"modified":"2024-06-29T16:10:42","modified_gmt":"2024-06-29T09:10:42","slug":"card-man-hinh-msi-2gb-gt1030-2gb-ma-san-pham-1030gt-2gb","status":"publish","type":"product","link":"https:\/\/serverhot.vn\/hi\/-product-\/card-man-hinh-msi-2gb-gt1030-2gb-ma-san-pham-1030gt-2gb\/","title":{"rendered":"Card M\u00e0n H\u00ecnh MSI 2GB GT1030 2GB M\u00e3 s\u1ea3n ph\u1ea9m: 1030GT-2GB"},"content":{"rendered":"<div class=\"showText tabs\" id=\"tab2\">\n<div class=\"box_right_pro_view\">\n<div class=\"thongso_pro a_technical\" style=\"max-height: fit-content\">\n<table border=\"1\">\n<tbody>\n<tr>\n<td>Th\u01b0\u01a1ng hi\u1ec7u<\/td>\n<td>MSI<\/td>\n<\/tr>\n<tr>\n<td>Model<\/td>\n<td>GT 1030 2GB AERO<\/td>\n<\/tr>\n<tr>\n<td>Chipset<\/td>\n<td>NVIDIA\u00ae GeForce\u00ae GT 1030<\/td>\n<\/tr>\n<tr>\n<td>K\u00edch th\u01b0\u1edbc<\/td>\n<td>147 x 102 x 38 mm<\/td>\n<\/tr>\n<tr>\n<td>Tr\u1ecdng l\u01b0\u1ee3ng<\/td>\n<td>246g<\/td>\n<\/tr>\n<tr>\n<td>C\u1ed5ng k\u1ebft n\u1ed1i<\/td>\n<td>PCI Express 3.0 x16 (uses x4)<\/td>\n<\/tr>\n<tr>\n<td>Nh\u00e2n<\/td>\n<td>384 \u0111\u01a1n v\u1ecb<\/td>\n<\/tr>\n<tr>\n<td>Xung nh\u1ecbp<\/td>\n<td>1518 MHz \/ 1265 MHz<\/td>\n<\/tr>\n<tr>\n<td>Xung nh\u1ecbp b\u1ed9 nh\u1edb<\/td>\n<td>6008 MHz<\/td>\n<\/tr>\n<tr>\n<td>B\u0103ng th\u00f4ng<\/td>\n<td>2GB GDDR5<\/td>\n<\/tr>\n<tr>\n<td>Bus<\/td>\n<td>64-bit<\/td>\n<\/tr>\n<tr>\n<td>C\u1ed5ng xu\u1ea5t h\u00ecnh \u1ea3nh<\/td>\n<td>HDMI (Version 2.0b) \/ SL-DVI-D<\/td>\n<\/tr>\n<tr>\n<td>H\u1ed7 tr\u1ee3 m\u00e0n h\u00ecnh t\u1ed1i \u0111a<\/td>\n<td>2<\/td>\n<\/tr>\n<tr>\n<td>H\u1ed7 tr\u1ee3 HDCP<\/td>\n<td>2.2<\/td>\n<\/tr>\n<tr>\n<td>\u0110\u1ed9 ph\u00e2n gi\u1ea3i xu\u1ea5t h\u00ecnh t\u1ed1i \u0111a<\/td>\n<td>2560&#215;1600<\/td>\n<\/tr>\n<tr>\n<td>C\u00f4ng su\u1ea5t ti\u00eau th\u1ee5<\/td>\n<td>30W<\/td>\n<\/tr>\n<tr>\n<td>Y\u00eau c\u1ea7u ngu\u1ed3n t\u1ed1i thi\u1ec3u<\/td>\n<td>300W<\/td>\n<\/tr>\n<tr>\n<td>H\u1ed7 tr\u1ee3 phi\u00ean b\u1ea3n DirectX<\/td>\n<td>12<\/td>\n<\/tr>\n<tr>\n<td>H\u1ed7 tr\u1ee3 phi\u00ean b\u1ea3n OpenGL<\/td>\n<td>4.5<\/td>\n<\/tr>\n<\/tbody>\n<\/table><\/div>\n<p>                            <!--                            <\/p>\n<div class=\"xemthem_id_r\">--><br \/>\n                            <!--                                <a><!--\/show\/?token=--><br \/>\n                            <!--\"--><br \/>\n                            <!--                                   class=\"preview fancybox fancybox.ajax\" rel=\"nofollow\"&gt;Xem th&#234;m th&#244;ng s&#7889; k&#7929; thu&#7853;t<\/a>--><br \/>\n                            <!--                            <\/div>\n<p>-->\n                        <\/p><\/div>\n<\/p><\/div>","protected":false},"excerpt":{"rendered":"<ul>\n<ul>\n<li>GPU: NVIDIA Geforce 1030GT<\/li>\n<li>Base\/Boost clock: 1265 Mhz \/ 1518 Mhz<\/li>\n<li>B\u1ed9 nh\u1edb: 2GB GDDR5\u00a0<\/li>\n<li>B\u0103ng th\u00f4ng 64bit<\/li>\n<li>C\u1ed5ng k\u1ebft n\u1ed1i: 1 x HDMI \/ 1 x DVI-D<\/li>\n<li>Ngu\u1ed3n ph\u1ee5: Kh\u00f4ng<\/li>\n<\/ul>\n<\/ul>","protected":false},"featured_media":12055,"comment_status":"closed","ping_status":"closed","template":"","meta":[],"pwb-brand":[],"product_cat":[2914],"product_tag":[],"class_list":{"0":"post-12054","1":"product","2":"type-product","3":"status-publish","4":"has-post-thumbnail","6":"product_cat-vga-card-man-hinh","8":"first","9":"instock","10":"shipping-taxable","11":"product-type-simple"},"brands":[],"_links":{"self":[{"href":"https:\/\/serverhot.vn\/hi\/wp-json\/wp\/v2\/product\/12054","targetHints":{"allow":["GET"]}}],"collection":[{"href":"https:\/\/serverhot.vn\/hi\/wp-json\/wp\/v2\/product"}],"about":[{"href":"https:\/\/serverhot.vn\/hi\/wp-json\/wp\/v2\/types\/product"}],"replies":[{"embeddable":true,"href":"https:\/\/serverhot.vn\/hi\/wp-json\/wp\/v2\/comments?post=12054"}],"wp:featuredmedia":[{"embeddable":true,"href":"https:\/\/serverhot.vn\/hi\/wp-json\/wp\/v2\/media\/12055"}],"wp:attachment":[{"href":"https:\/\/serverhot.vn\/hi\/wp-json\/wp\/v2\/media?parent=12054"}],"wp:term":[{"taxonomy":"pwb-brand","embeddable":true,"href":"https:\/\/serverhot.vn\/hi\/wp-json\/wp\/v2\/pwb-brand?post=12054"},{"taxonomy":"product_cat","embeddable":true,"href":"https:\/\/serverhot.vn\/hi\/wp-json\/wp\/v2\/product_cat?post=12054"},{"taxonomy":"product_tag","embeddable":true,"href":"https:\/\/serverhot.vn\/hi\/wp-json\/wp\/v2\/product_tag?post=12054"}],"curies":[{"name":"wp","href":"https:\/\/api.w.org\/{rel}","templated":true}]}}