{"id":12144,"date":"2024-06-29T16:25:13","date_gmt":"2024-06-29T09:25:13","guid":{"rendered":"https:\/\/serverhot.vn\/product\/uncategorized\/thiet-bi-luu-tru-qnap-ts-832pxu-4g-ma-san-pham-ts-832pxu-4g\/"},"modified":"2024-06-29T16:25:15","modified_gmt":"2024-06-29T09:25:15","slug":"thiet-bi-luu-tru-qnap-ts-832pxu-4g-ma-san-pham-ts-832pxu-4g","status":"publish","type":"product","link":"https:\/\/serverhot.vn\/hi\/-product-\/thiet-bi-luu-tru-qnap-ts-832pxu-4g-ma-san-pham-ts-832pxu-4g\/","title":{"rendered":"Thi\u1ebft B\u1ecb L\u01b0u Tr\u1eef Qnap TS-832PXU-4G M\u00e3 s\u1ea3n ph\u1ea9m: TS-832PXU-4G"},"content":{"rendered":"<div class=\"showText tabs\" id=\"tab2\">\n<div class=\"box_right_pro_view\">\n<div class=\"thongso_pro a_technical\" style=\"max-height: fit-content\">\n<h3 class=\"section-cap\">TH\u00d4NG S\u1ed0 K\u1ef8 THU\u1eacT THI\u1ebeT B\u1eca L\u01afU TR\u1eee QNAP TS-832PXU-4G<\/h3>\n<table class=\"table table-bordered\">\n<thead>\n<tr>\n<td colspan=\"2\"><span>NAS<\/span><\/td>\n<\/tr>\n<\/thead>\n<tbody>\n<tr>\n<td>CPU<\/td>\n<td>AnnapurnaLabs Alpine AL324 64-bit ARM Cortex-A57 quad-core 1.7GHz processor<\/td>\n<\/tr>\n<tr>\n<td>CPU Architecture<\/td>\n<td>64-bit ARM<\/td>\n<\/tr>\n<tr>\n<td>Floating Point Unit<\/td>\n<td>Yes<\/td>\n<\/tr>\n<tr>\n<td>Encryption Engine<\/td>\n<td>Yes<\/td>\n<\/tr>\n<tr>\n<td>System Memory<\/td>\n<td>4 GB UDIMM DDR4 (1 x 4 GB)<\/td>\n<\/tr>\n<tr>\n<td>Maximum Memory<\/td>\n<td>16 GB (1 x 16 GB)<\/td>\n<\/tr>\n<tr>\n<td>Memory Slot<\/td>\n<td>1 x Long-DIMM DDR4<\/td>\n<\/tr>\n<tr>\n<td>Flash Memory<\/td>\n<td>512 MB (Dual boot OS protection)<\/td>\n<\/tr>\n<tr>\n<td>Drive Bays<\/td>\n<td>8 x 3.5-inch SATA 6Gb\/s, 3Gb\/s<\/td>\n<\/tr>\n<tr>\n<td>Drive Compatibility<\/td>\n<td>3.5-inch\/2.5-inch SATA HDD ,2.5-inch SATA SSD<\/td>\n<\/tr>\n<tr>\n<td>Drives Hot-swappable<\/td>\n<td>Yes<\/td>\n<\/tr>\n<tr>\n<td>M.2 SSD Slot<\/td>\n<td>Optional via a PCIe adapter<\/td>\n<\/tr>\n<tr>\n<td>SSD Cache Acceleration Support<\/td>\n<td>Yes<\/td>\n<\/tr>\n<tr>\n<td>2.5GE Port<\/td>\n<td>2<\/td>\n<\/tr>\n<tr>\n<td>10GbE Port<\/td>\n<td>2 x 10GbE SFP+<\/td>\n<\/tr>\n<tr>\n<td>Jumbo Frame<\/td>\n<td>Yes<\/td>\n<\/tr>\n<tr>\n<td>PCIe Slots<\/td>\n<td>1 x PCIe Gen 2 x2<\/td>\n<\/tr>\n<tr>\n<td>USB 3.2 Gen 1 port<\/td>\n<td>4<\/td>\n<\/tr>\n<tr>\n<td>Form Factor<\/td>\n<td>2U Rackmount<\/td>\n<\/tr>\n<tr>\n<td>LED Indicators<\/td>\n<td>HDD 1-8, Status, LAN, Storage expansion<\/td>\n<\/tr>\n<tr>\n<td>Buttons<\/td>\n<td>Power, Reset<\/td>\n<\/tr>\n<tr>\n<td>Dimensions (HxWxD)<\/td>\n<td>89 \u00d7 482 \u00d7 534 mm<\/td>\n<\/tr>\n<tr>\n<td>Power Supply Unit<\/td>\n<td>250W\u00a0<a class=\"iblink\" href=\"https:\/\/www.thegioimaychu.vn\/blog\/thuat-ngu\/power-supply-unit-psu\/\">PSU<\/a>, 100 &#8211; 240V<\/td>\n<\/tr>\n<tr>\n<td>Weight (Net)<\/td>\n<td>9.45 kg<\/td>\n<\/tr>\n<tr>\n<td>Power Consumption\/Operating Mode<\/td>\n<td>56.412 W<\/td>\n<\/tr>\n<tr>\n<td>Fan<\/td>\n<td>2 x 70mm, 12VDC<\/td>\n<\/tr>\n<tr>\n<td>Sound Level<\/td>\n<td>24.9 db(A)<\/td>\n<\/tr>\n<\/tbody>\n<\/table><\/div>\n<p>                            <!--                            <\/p>\n<div class=\"xemthem_id_r\">--><br \/>\n                            <!--                                <a><!--\/show\/?token=--><br \/>\n                            <!--\"--><br \/>\n                            <!--                                   class=\"preview fancybox fancybox.ajax\" rel=\"nofollow\"&gt;Xem th&#234;m th&#244;ng s&#7889; k&#7929; thu&#7853;t<\/a>--><br \/>\n                            <!--                            <\/div>\n<p>-->\n                        <\/p><\/div>\n<\/p><\/div>","protected":false},"excerpt":{"rendered":"<ul>\n<ul>\n<li><span style=\"color: #101010;font-family: Roboto, sans-serif;font-size: 16px;text-align: justify;background-color: #ecfbff\">Thi\u1ebft b\u1ecb l\u01b0u tr\u1eef NAS QNAP TS-832PXU-4G -8-bay v\u1edbi c\u00e1c c\u1ed5ng m\u1ea1ng 10GbE SFP + v\u00e0 2,5GbE, TS-832PXU cung c\u1ea5p b\u0103ng th\u00f4ng m\u1ea1ng cao \u0111\u1ec3 h\u1ee3p l\u00fd h\u00f3a vi\u1ec7c c\u1ed9ng t\u00e1c nh\u00f3m v\u00e0 truy c\u1eadp t\u1ec7p. <\/span><\/li>\n<li><span style=\"color: #101010;font-family: Roboto, sans-serif;font-size: 16px;text-align: justify;background-color: #ecfbff\">Khe c\u1eafm PCIe Gen 2 \u00d7 2 cho ph\u00e9p l\u1eafp th\u1ebb m\u1edf r\u1ed9ng QNAP \u0111\u1ec3 b\u1ed5 sung k\u1ebft n\u1ed1i m\u1ea1ng, kh\u1ea3 n\u0103ng l\u01b0u v\u00e0o b\u1ed9 nh\u1edb \u0111\u1ec7m SSD ho\u1eb7c k\u1ebft n\u1ed1i kh\u00f4ng d\u00e2y.<\/span><\/li>\n<\/ul>\n<\/ul>","protected":false},"featured_media":12145,"comment_status":"closed","ping_status":"closed","template":"","meta":[],"pwb-brand":[],"product_cat":[2884],"product_tag":[2841],"class_list":{"0":"post-12144","1":"product","2":"type-product","3":"status-publish","4":"has-post-thumbnail","6":"product_cat-qnap","7":"product_tag-hdd","9":"first","10":"instock","11":"shipping-taxable","12":"product-type-simple"},"brands":[],"_links":{"self":[{"href":"https:\/\/serverhot.vn\/hi\/wp-json\/wp\/v2\/product\/12144","targetHints":{"allow":["GET"]}}],"collection":[{"href":"https:\/\/serverhot.vn\/hi\/wp-json\/wp\/v2\/product"}],"about":[{"href":"https:\/\/serverhot.vn\/hi\/wp-json\/wp\/v2\/types\/product"}],"replies":[{"embeddable":true,"href":"https:\/\/serverhot.vn\/hi\/wp-json\/wp\/v2\/comments?post=12144"}],"wp:featuredmedia":[{"embeddable":true,"href":"https:\/\/serverhot.vn\/hi\/wp-json\/wp\/v2\/media\/12145"}],"wp:attachment":[{"href":"https:\/\/serverhot.vn\/hi\/wp-json\/wp\/v2\/media?parent=12144"}],"wp:term":[{"taxonomy":"pwb-brand","embeddable":true,"href":"https:\/\/serverhot.vn\/hi\/wp-json\/wp\/v2\/pwb-brand?post=12144"},{"taxonomy":"product_cat","embeddable":true,"href":"https:\/\/serverhot.vn\/hi\/wp-json\/wp\/v2\/product_cat?post=12144"},{"taxonomy":"product_tag","embeddable":true,"href":"https:\/\/serverhot.vn\/hi\/wp-json\/wp\/v2\/product_tag?post=12144"}],"curies":[{"name":"wp","href":"https:\/\/api.w.org\/{rel}","templated":true}]}}