{"id":12166,"date":"2024-06-29T16:29:14","date_gmt":"2024-06-29T09:29:14","guid":{"rendered":"https:\/\/serverhot.vn\/product\/uncategorized\/card-mang-ethernet-intel-pro-1000-pt-dual-port-server-adapter-ma-san-pham-expi9402pt\/"},"modified":"2024-06-29T16:29:15","modified_gmt":"2024-06-29T09:29:15","slug":"card-mang-ethernet-intel-pro-1000-pt-dual-port-server-adapter-ma-san-pham-expi9402pt","status":"publish","type":"product","link":"https:\/\/serverhot.vn\/hi\/-product-\/card-mang-ethernet-intel-pro-1000-pt-dual-port-server-adapter-ma-san-pham-expi9402pt\/","title":{"rendered":"Card M\u1ea1ng Ethernet Intel PRO\/1000 PT Dual Port Server Adapter M\u00e3 s\u1ea3n ph\u1ea9m: EXPI9402PT"},"content":{"rendered":"<div class=\"showText tabs\" id=\"tab2\">\n<div class=\"box_right_pro_view\">\n<div class=\"thongso_pro a_technical\" style=\"max-height: fit-content\">\n<div class=\"blade-core-content\">\n<div class=\"marl_20\">\n<div id=\"arkProductPageComponent-1\" class=\"arkProductPageComponent component\" data-component-id=\"1\" data-component=\"arkProductPageComponent\">\n<div class=\"container\">\n<div class=\"row flex-specs\">\n<section class=\"col-sm-9 specs-content-container col-xl-8\">\n<div class=\"arkProductSpecifications\">\n<div id=\"tab-blade-1-0\" class=\"specs-section active\">\n<section id=\"tab-blade-1-0-0\" class=\"blade specs-blade specifications\">\n<div id=\"bladeInside\" class=\"blade-inside\">\n<div class=\"subhead\">\n<h2 class=\"h2\">Thi\u1ebft y\u1ebfu<\/h2>\n<\/div>\n<ul class=\"specs-list\">\n<li><span class=\"label\"><span>B\u1ed9 s\u01b0u t\u1eadp s\u1ea3n ph\u1ea9m<\/span><\/span><span class=\"value\" data-key=\"ProductGroup\">S\u1ea3n ph\u1ea9m Ethernet k\u1ebf th\u1eeba<\/span><\/li>\n<li><span class=\"label\">T\u00ean m\u00e3<\/span><span class=\"value\" data-key=\"CodeNameText\">Redwater tr\u01b0\u1edbc \u0111\u00e2y c\u1ee7a ca\u0301c s\u1ea3n ph\u1ea9m<\/span><\/li>\n<li><span class=\"label\">Ti\u0300nh tra\u0323ng<\/span><span class=\"value\" data-key=\"StatusCodeText\">Discontinued<\/span><\/li>\n<li><span class=\"label\"><a class=\"view-modal info-modal ark-accessible-color\" data-modal=\"tt-BornOnDate\"><span>Ng\u00e0y ph\u00e1t h\u00e0nh<\/span><\/a><\/span><span class=\"value\" data-key=\"BornOnDate\">Q4&#8217;05<\/span><\/li>\n<li><span class=\"label\">Ph\u00e2n \u0111o\u1ea1n th\u1eb3ng<\/span><span class=\"value\" data-key=\"NICType\">Server<\/span><\/li>\n<li><span class=\"label\">C\u00e1p trung b\u00ecnh<\/span><span class=\"value\" data-key=\"NICMediaType\">Copper<\/span><\/li>\n<li><span class=\"label\">Lo\u1ea1i c\u00e1p<\/span><span class=\"value\" data-key=\"CablingDescription\">Category-5 up to 100m<\/span><\/li>\n<li><span class=\"label\">Chi\u1ec1u cao gi\u00e1<\/span><span class=\"value\" data-key=\"BracketHeight\">Low Profile &amp; Full Height<\/span><\/li>\n<li><span class=\"label\"><a class=\"view-modal info-modal ark-accessible-color\" data-modal=\"tt-MaxTDP\"><span>TDP<\/span><\/a><\/span><span class=\"value\" data-key=\"MaxTDP\">4.95 W<\/span><\/li>\n<li><span class=\"label\">B\u1ed9 \u0111i\u1ec1u khi\u1ec3n Ethernet<\/span><span class=\"value\" data-key=\"LADEPMId\">Intel\u00ae 82571EB Gigabit Ethernet Controller<\/span><\/li>\n<\/ul>\n<\/div>\n<\/section>\n<section id=\"tab-blade-1-0-1\" class=\"blade specs-blade specifications\"><\/section>\n<section id=\"tab-blade-1-0-2\" class=\"blade specs-blade specifications\">\n<div id=\"bladeInside\" class=\"blade-inside\">\n<div class=\"subhead\">\n<h2 class=\"h2\">Th\u00f4ng s\u1ed1 n\u1ed1i m\u1ea1ng<\/h2>\n<\/div>\n<ul class=\"specs-list\">\n<li><span class=\"label\">C\u1ea5u h\u00ecnh c\u1ed5ng<\/span><span class=\"value\" data-key=\"NumPorts\">Dual<\/span><\/li>\n<li><span class=\"label\">C\u00f4ng Ngh\u1ec7 \u1ea2o H\u00f3a cho K\u1ebft N\u1ed1i Intel\u00ae (VT-c)<\/span><span class=\"value\" data-key=\"EthernetVirtualization\">Kh\u00f4ng<\/span><\/li>\n<li><span class=\"label\">T\u1ed1c \u0111\u1ed9 &amp; \u0111\u00f4\u0323 r\u1ed9ng khe<\/span><span class=\"value\" data-key=\"Speed_SlotWidth\">2.5 GT\/s, x4 Lane<\/span><\/li>\n<li><span class=\"label\">B\u1ed9 \u0111i\u1ec1u khi\u1ec3n<\/span><span class=\"value\" data-key=\"NetworkController\">Intel 82571GB<\/span><\/li>\n<\/ul>\n<\/div>\n<\/section>\n<section id=\"tab-blade-1-0-3\" class=\"blade specs-blade specifications\">\n<div id=\"bladeInside\" class=\"blade-inside\">\n<div class=\"subhead\">\n<h2 class=\"h2\">Th\u00f4ng s\u1ed1 g\u00f3i<\/h2>\n<\/div>\n<ul class=\"specs-list\">\n<li><span class=\"label\">Lo\u1ea1i h\u1ec7 th\u1ed1ng giao di\u1ec7n<\/span><span class=\"value\" data-key=\"InterfaceType\">PCIe v1.0a (2.5 GT\/s)<\/span><\/li>\n<\/ul>\n<\/div>\n<\/section>\n<section id=\"tab-blade-1-0-4\" class=\"blade specs-blade specifications\">\n<div id=\"bladeInside\" class=\"blade-inside\">\n<div class=\"subhead\">\n<h2 class=\"h2\">C\u00f4ng ngh\u1ec7 \u1ea3o h\u00f3a cho k\u1ebft n\u1ed1i Intel\u00ae Virtualization Technology for Connectivity<\/h2>\n<\/div>\n<ul class=\"specs-list\">\n<li><span class=\"label\">QoS tr\u00ean chip v\u00e0 qu\u1ea3n l\u00fd l\u01b0u l\u01b0\u1ee3ng<\/span><span class=\"value\" data-key=\"VTC_OnChipQoS_TrafficManagement\">Kh\u00f4ng<\/span><\/li>\n<li><span class=\"label\"><a class=\"view-modal info-modal ark-accessible-color\" data-modal=\"tt-VTC_FlexiblePortPartitioning\"><span>Ph\u00e2n chia c\u1ed5ng linh ho\u1ea1t<\/span><\/a><\/span><span class=\"value\" data-key=\"VTC_FlexiblePortPartitioning\">Kh\u00f4ng<\/span><\/li>\n<li><span class=\"label\"><a class=\"view-modal info-modal ark-accessible-color\" data-modal=\"tt-VTC_VirtualMachineDeviceQueues\"><span>Ha\u0300ng thi\u00ea\u0301t bi\u0323 ma\u0301y a\u0309o (VMDq)<\/span><\/a><\/span><span class=\"value\" data-key=\"VTC_VirtualMachineDeviceQueues\">Kh\u00f4ng<\/span><\/li>\n<li><span class=\"label\"><a class=\"view-modal info-modal ark-accessible-color\" data-modal=\"tt-VTC_PciSigSrIovCapable\"><span>C\u00f3 kh\u1ea3 n\u0103ng PCI-SIG* SR-IOV<\/span><\/a><\/span><span class=\"value\" data-key=\"VTC_PciSigSrIovCapable\">Kh\u00f4ng<\/span><\/li>\n<\/ul>\n<\/div>\n<\/section>\n<section id=\"tab-blade-1-0-5\" class=\"blade specs-blade specifications\">\n<div id=\"bladeInside\" class=\"blade-inside\">\n<div class=\"subhead\">\n<h2 class=\"h2\">C\u00e1c c\u00f4ng ngh\u1ec7 ti\u00ean ti\u1ebfn<\/h2>\n<\/div>\n<ul class=\"specs-list\">\n<li><span class=\"label\"><a class=\"view-modal info-modal ark-accessible-color\" data-modal=\"tt-IWARPRDMA\"><span>iWARP\/RDMA<\/span><\/a><\/span><span class=\"value\" data-key=\"IWARPRDMA\">Kh\u00f4ng<\/span><\/li>\n<li><span class=\"label\"><a class=\"view-modal info-modal ark-accessible-color\" data-modal=\"tt-EthernetPowerManagement\"><span>Qu\u1ea3n l\u00fd n\u0103ng l\u01b0\u1ee3ng Intel\u00ae Ethernet<\/span><\/a><\/span><span class=\"value\" data-key=\"EthernetPowerManagement\">Kh\u00f4ng<\/span><\/li>\n<li><span class=\"label\">T\u1ea3i xu\u1ed1ng th\u00f4ng minh<\/span><span class=\"value\" data-key=\"IntelligentOffloads\">C\u00f3<\/span><\/li>\n<li><span class=\"label\">L\u01b0u tr\u1eef qua Ethernet<\/span><span class=\"value\" data-key=\"StorageOverEthernet\">iSCSI, NFS<\/span><\/li>\n<\/ul>\n<\/div>\n<\/section>\n<\/div>\n<\/div>\n<div class=\"orderingCompliance\">\n<div class=\"orderingCompliance component\" data-component=\"orderingInformation\" data-component-id=\"1\">\u00a0<\/div>\n<\/div>\n<div class=\"arkCompatibleProducts\">\u00a0<\/div>\n<div class=\"dns-small-width\">\n<div class=\"downloadsSoftwareBlade driversSoftwareBlade\">\n<div class=\"new-DCBlade\">\u00a0<\/div>\n<div class=\"old-DCBlade\">\u00a0<\/div>\n<\/div>\n<\/div>\n<div class=\"technicalDocumentationBlade\">\n<div class=\"new-TDBlade\">\u00a0<\/div>\n<\/div>\n<\/section>\n<\/div>\n<div class=\"container support-modal-container no-print\">\n<div class=\"row\">\u00a0<\/div>\n<\/div>\n<div class=\"container support-modal-container no-print\">\n<div class=\"row\">\u00a0<\/div>\n<\/div>\n<\/div>\n<\/div>\n<\/div>\n<\/div>\n<div id=\"arkSupportOptions-1\" class=\"arkSupportOptionsBlade component\" data-component-id=\"1\" data-component=\"arkSupportOptions\">\n<section class=\"footer-support-options no-print\">\n<div class=\"container\">\n<div class=\"row\">\n<div class=\"col-sm-12\">\u00a0<\/div>\n<\/div>\n<\/div>\n<\/section>\n<\/div>\n<div class=\"marl_20\">\n<div class=\"par1 intelparsys\">\u00a0<\/div>\n<\/div><\/div>\n<p>                            <!--                            <\/p>\n<div class=\"xemthem_id_r\">--><br \/>\n                            <!--                                <a><!--\/show\/?token=--><br \/>\n                            <!--\"--><br \/>\n                            <!--                                   class=\"preview fancybox fancybox.ajax\" rel=\"nofollow\"&gt;Xem th&#234;m th&#244;ng s&#7889; k&#7929; thu&#7853;t<\/a>--><br \/>\n                            <!--                            <\/div>\n<p>-->\n                        <\/p><\/div>\n<\/p><\/div>","protected":false},"excerpt":{"rendered":"<ul>\n<ul>\n<li style=\"line-height: 27pt;background: #f8f9fa\"><span style=\"font-size: 16px\"><span class=\"y2iqfc\"><span lang=\"VI\" style=\"font-family: 'Times New Roman', serif;color: #202124\">2 c\u1ed5ng <\/span><\/span><span class=\"y2iqfc\"><span style=\"font-family: 'Times New Roman', serif;color: #202124\">RJ45<\/span><\/span><span class=\"y2iqfc\"><span style=\"font-family: 'Times New Roman', serif;color: #202124\"> <span lang=\"VI\">10\/100\/1000 Mbps<\/span><\/span><\/span><\/span><\/li>\n<li style=\"line-height: 27pt;background: #f8f9fa\"><span style=\"font-size: 16px\"><span class=\"y2iqfc\"><span style=\"font-family: 'Times New Roman', serif;color: #202124\">Chu\u1ea9n giao ti\u1ebfp : <\/span><\/span><span class=\"y2iqfc\"><span lang=\"VI\" style=\"font-family: 'Times New Roman', serif;color: #202124\">PCI-E<\/span><\/span><span class=\"y2iqfc\"><span style=\"font-family: 'Times New Roman', serif;color: #202124\"> x 8<\/span><\/span><\/span><\/li>\n<li style=\"line-height: 27pt;background: #f8f9fa\"><span style=\"font-size: 16px\"><span class=\"y2iqfc\"><span style=\"font-family: 'Times New Roman', serif;color: #202124\">T\u1ed1c \u0111\u1ed9 t\u1ed1i<\/span><\/span><span class=\"y2iqfc\"><span lang=\"VI\" style=\"font-family: 'Times New Roman', serif;color: #202124\"> \u0111a Gigabit<\/span><\/span><\/span><\/li>\n<li style=\"line-height: 27pt;background: #f8f9fa\"><span class=\"y2iqfc\" style=\"font-size: 16px\"><span lang=\"VI\" style=\"font-family: 'Times New Roman', serif;color: #202124\">T\u00ednh n\u0103ng m\u00e1y ch\u1ee7 n\u00e2ng cao<\/span><\/span><\/li>\n<li style=\"line-height: 27pt;background: #f8f9fa\"><span style=\"font-size: 16px\"><span class=\"y2iqfc\"><span lang=\"VI\" style=\"font-family: 'Times New Roman', serif;color: #202124\">C\u00f4ng ngh\u1ec7 Intel Lead-Free<\/span><\/span><\/span><\/li>\n<\/ul>\n<\/ul>","protected":false},"featured_media":12167,"comment_status":"closed","ping_status":"closed","template":"","meta":[],"pwb-brand":[],"product_cat":[2916],"product_tag":[55],"class_list":{"0":"post-12166","1":"product","2":"type-product","3":"status-publish","4":"has-post-thumbnail","6":"product_cat-linh-kien-may-chu","7":"product_tag-run","9":"first","10":"instock","11":"shipping-taxable","12":"product-type-simple"},"brands":[],"_links":{"self":[{"href":"https:\/\/serverhot.vn\/hi\/wp-json\/wp\/v2\/product\/12166","targetHints":{"allow":["GET"]}}],"collection":[{"href":"https:\/\/serverhot.vn\/hi\/wp-json\/wp\/v2\/product"}],"about":[{"href":"https:\/\/serverhot.vn\/hi\/wp-json\/wp\/v2\/types\/product"}],"replies":[{"embeddable":true,"href":"https:\/\/serverhot.vn\/hi\/wp-json\/wp\/v2\/comments?post=12166"}],"wp:featuredmedia":[{"embeddable":true,"href":"https:\/\/serverhot.vn\/hi\/wp-json\/wp\/v2\/media\/12167"}],"wp:attachment":[{"href":"https:\/\/serverhot.vn\/hi\/wp-json\/wp\/v2\/media?parent=12166"}],"wp:term":[{"taxonomy":"pwb-brand","embeddable":true,"href":"https:\/\/serverhot.vn\/hi\/wp-json\/wp\/v2\/pwb-brand?post=12166"},{"taxonomy":"product_cat","embeddable":true,"href":"https:\/\/serverhot.vn\/hi\/wp-json\/wp\/v2\/product_cat?post=12166"},{"taxonomy":"product_tag","embeddable":true,"href":"https:\/\/serverhot.vn\/hi\/wp-json\/wp\/v2\/product_tag?post=12166"}],"curies":[{"name":"wp","href":"https:\/\/api.w.org\/{rel}","templated":true}]}}