{"id":12248,"date":"2024-06-29T16:44:48","date_gmt":"2024-06-29T09:44:48","guid":{"rendered":"https:\/\/serverhot.vn\/product\/uncategorized\/thiet-bi-mang-wifi-linksys-velop-home-intelligent-mesh-system-whw0303-3-pack-ac6600-ma-san-pham-ac6600\/"},"modified":"2024-06-29T16:44:49","modified_gmt":"2024-06-29T09:44:49","slug":"thiet-bi-mang-wifi-linksys-velop-home-intelligent-mesh-system-whw0303-3-pack-ac6600-ma-san-pham-ac6600","status":"publish","type":"product","link":"https:\/\/serverhot.vn\/hi\/-product-\/thiet-bi-mang-wifi-linksys-velop-home-intelligent-mesh-system-whw0303-3-pack-ac6600-ma-san-pham-ac6600\/","title":{"rendered":"Thi\u1ebft B\u1ecb M\u1ea1ng Wifi Linksys Velop Home Intelligent Mesh System WHW0303 &#8211; 3 Pack AC6600 M\u00e3 s\u1ea3n ph\u1ea9m: AC6600"},"content":{"rendered":"<div class=\"showText tabs\" id=\"tab2\">\n<div class=\"box_right_pro_view\">\n<div class=\"thongso_pro a_technical\" style=\"max-height: fit-content\">\n<table border=\"1\">\n<tbody>\n<tr>\n<td>S\u1ea3n ph\u1ea9m<\/td>\n<td>B\u1ed9 ph\u00e1t s\u00f3ng kh\u00f4ng d\u00e2y<\/td>\n<\/tr>\n<tr>\n<td>H\u00e3ng s\u1ea3n xu\u1ea5t<\/td>\n<td>Linksys<\/td>\n<\/tr>\n<tr>\n<td>Model<\/td>\n<td>Velop Home Mesh Wi-Fi System &#8211; WHW0303 (3 Pack)<\/td>\n<\/tr>\n<tr>\n<td>C\u00f4ng ngh\u1ec7 Wi-Fi<\/td>\n<td>Tri-Band AC2200 (867 + 867 + 400 Mbps) v\u1edbi MU-MIMO v\u00e0 256 QAM<\/td>\n<\/tr>\n<tr>\n<td>C\u00e1c t\u00ednh n\u0103ng ch\u00ednh<\/td>\n<td>\n<ul>\n<li>H\u1ec7 th\u1ed1ng l\u01b0\u1edbi Wi-Fi Tri-Band &#8211; 3 b\u0103ng t\u1ea7n ph\u00e1t s\u00f3ng \u0111\u1ed3ng th\u1eddi\u00a0<\/li>\n<li>Ki\u1ec3m so\u00e1t \u1ee9ng d\u1ee5ng d\u1ec5 d\u00e0ng\u00a0<\/li>\n<li>B\u1ea3o h\u00e0nh v\u00e0 H\u1ed7 tr\u1ee3 3 n\u0103m\u00a0<\/li>\n<li>AutoFix &amp; Instant Alerts\u00a0<\/li>\n<li>L\u00e0m vi\u1ec7c v\u1edbi Alexa<\/li>\n<\/ul>\n<\/td>\n<\/tr>\n<tr>\n<td>Ti\u00eau chu\u1ea9n M\u1ea1ng<\/td>\n<td>\n<ul>\n<li>802.11b\u00a0<\/li>\n<li>802.11a\u00a0<\/li>\n<li>802.11g\u00a0<\/li>\n<li>802.11n\u00a0<\/li>\n<li>802.11ac<\/li>\n<\/ul>\n<\/td>\n<\/tr>\n<tr>\n<td>D\u1ea3i\u00a0Wi-Fi<\/td>\n<td>3 b\u0103ng t\u1ea7n ph\u00e1t s\u00f3ng \u0111\u1ed3ng th\u1eddi\u00a0\u00a0(2.4Ghz + 5GHz + 5GHz)<\/td>\n<\/tr>\n<tr>\n<td>S\u1ed1 c\u1ed5ng Ethernet:<\/td>\n<td>2\u00a0c\u1ed5ng\u00a0WAN \/ LAN c\u1ea3m bi\u1ebfn t\u1ef1 \u0111\u1ed9ng Gigabit Ethernet\u00a0<\/td>\n<\/tr>\n<tr>\n<td>\u0102ng ten<\/td>\n<td>6 x \u0102ng-ten ng\u1ea7m v\u00e0 b\u1ed9 khu\u1ebfch \u0111\u1ea1i c\u00f4ng su\u1ea5t cao<\/td>\n<\/tr>\n<tr>\n<td>B\u1ed9 x\u1eed l\u00fd<\/td>\n<td>716 MHz Quad Core\u00a0<\/td>\n<\/tr>\n<tr>\n<td>B\u1ed9 nh\u1edb<\/td>\n<td>4 GB Flash v\u00e0 512 MB RAM<\/td>\n<\/tr>\n<tr>\n<td>M\u00e3 h\u00f3a kh\u00f4ng d\u00e2y<\/td>\n<td>WPA2 c\u00e1 nh\u00e2n\u00a0<\/td>\n<\/tr>\n<tr>\n<td>Thi\u1ebft l\u1eadp d\u1ec5 d\u00e0ng<\/td>\n<td>\n<ul>\n<li>C\u00e0i \u0111\u1eb7t d\u1ef1a tr\u00ean \u1ee9ng d\u1ee5ng \u0111\u01a1n gi\u1ea3n v\u00e0 b\u1ea3o m\u1eadt\u00a0<\/li>\n<li>C\u1ea7n thi\u1ebft \u0111\u1ec3 thi\u1ebft l\u1eadp: (1) K\u1ebft n\u1ed1i Internet v\u1edbi Modem.\u00a0(2) Thi\u1ebft b\u1ecb di \u0111\u1ed9ng c\u00f3 Android 4.4 ho\u1eb7c iOS 8 tr\u1edf l\u00ean, \u01b0u ti\u00ean Bluetooth.<\/li>\n<\/ul>\n<\/td>\n<\/tr>\n<tr>\n<td>K\u00edch th\u01b0\u1edbc (LxWxH)<\/td>\n<td>3,1 &#8220;x 3,1&#8221; x 7,3 &#8220;m\u1ed7i n\u00fat\u00a0<\/td>\n<\/tr>\n<tr>\n<td>Th\u00f4ng tin b\u1ed5 sung<\/td>\n<td>Bluetooth 4.0 \/ LE cho vi\u1ec7c thi\u1ebft l\u1eadp d\u1ef1a tr\u00ean \u1ee9ng d\u1ee5ng an to\u00e0n v\u00e0 d\u1ec5 d\u00e0ng<\/td>\n<\/tr>\n<\/tbody>\n<\/table><\/div>\n<p>                            <!--                            <\/p>\n<div class=\"xemthem_id_r\">--><br \/>\n                            <!--                                <a><!--\/show\/?token=--><br \/>\n                            <!--\"--><br \/>\n                            <!--                                   class=\"preview fancybox fancybox.ajax\" rel=\"nofollow\"&gt;Xem th&#234;m th&#244;ng s&#7889; k&#7929; thu&#7853;t<\/a>--><br \/>\n                            <!--                            <\/div>\n<p>-->\n                        <\/p><\/div>\n<\/p><\/div>","protected":false},"excerpt":{"rendered":"<ul>\n<ul>\n<li><span class=\"item\" style=\"font-size: 16px\"><span style=\"font-family: Roboto;color: #222222;background: white\">Chu\u00e2\u0309n Wi-Fi AC m\u01a1\u0301i nh\u00e2\u0301t v\u01a1\u0301i c\u00f4ng ngh\u00ea\u0323 \u0111\u00f4\u0323t pha\u0301 MU-MIMO<\/span><\/span><\/li>\n<li><span class=\"item\" style=\"font-size: 16px\"><span style=\"font-family: Roboto;color: #222222;background: white\">T\u00f4\u0301c \u0111\u00f4\u0323 6600Mbps (3 x N400Mbps + 3 x AC867Mbps + 3 x AC867Mbps )<\/span><\/span><\/li>\n<li><span class=\"item\" style=\"font-size: 16px\"><span style=\"font-family: Roboto;color: #222222;background: white\">CPU : \u00a0lo\u0303i t\u01b0\u0301 716Mhz<\/span><\/span><\/li>\n<li><span class=\"item\" style=\"font-size: 16px\"><span style=\"font-family: Roboto;color: #222222;background: white\">RAM : 512 MB<\/span><\/span><\/li>\n<li><span class=\"item\" style=\"font-size: 16px\"><span style=\"font-family: Roboto;color: #222222;background: white\">Flash : 4 GB<\/span><\/span><\/li>\n<li><span style=\"font-size: 16px;font-family: Roboto;color: #222222;background: white\">2 c\u00f4\u0309ng m\u1ea1ng Giagabit Ethernet t\u01b0\u0323 \u0111\u00f4\u0323ng k\u00ea\u0301t n\u00f4\u0301i WAN va\u0300 LAN<\/span><\/li>\n<li><span style=\"font-size: 16px;font-family: Roboto;color: #222222;background: white\">Ph\u00e1t s\u00f3ng 3 b\u0103ng t\u1ea7n (2.4Ghz + 5Ghz + 5Ghz)<\/span><\/li>\n<li><span style=\"font-size: 16px;font-family: Roboto;color: #222222;background: white\">C\u00f4ng ngh\u1ec7 Beamforming ph\u00e1t s\u00f3ng t\u1eadp trung<\/span><\/li>\n<li><span style=\"font-size: 16px;font-family: Roboto;color: #222222;background: white\">C\u00f4ng ngh\u1ec7 Seamless Roaming chuy\u00ea\u0309n vu\u0300ng kh\u00f4ng gia\u0301n \u0111oa\u0323n<\/span><\/li>\n<li><span style=\"font-size: 16px;font-family: Roboto;color: #222222;background: white\">\u0102ng-ten ng\u1ea7m c\u00f4ng su\u00e2\u0301t cao, m\u01a1\u0309 r\u00f4\u0323ng vu\u0300ng phu\u0301 so\u0301ng t\u01a1\u0301i 500m2<\/span><\/li>\n<li><span style=\"font-size: 16px;font-family: Roboto;color: #222222;background: white\">Phu\u0300 h\u01a1\u0323p cho nha\u0300 ri\u00eang, chung c\u01b0 co\u0301 t\u01b0\u0300 1 \u0111\u00ea\u0301n 2 pho\u0300ng ngu\u0309<\/span><span style=\"font-size: 16px\"> <span> <span> <\/span><\/span><\/span><\/li>\n<li><span style=\"font-size: 16px;font-family: Roboto;color: #222222;background: white\">C\u00e0i \u0111\u1eb7t v\u1edbi Linksys App d\u1ec5 d\u00e0ng tr\u00ean IOS &amp; Android<\/span><\/li>\n<\/ul>\n<\/ul>","protected":false},"featured_media":12249,"comment_status":"closed","ping_status":"closed","template":"","meta":[],"pwb-brand":[],"product_cat":[2907],"product_tag":[55],"class_list":{"0":"post-12248","1":"product","2":"type-product","3":"status-publish","4":"has-post-thumbnail","6":"product_cat-linksys","7":"product_tag-run","9":"first","10":"instock","11":"shipping-taxable","12":"product-type-simple"},"brands":[],"_links":{"self":[{"href":"https:\/\/serverhot.vn\/hi\/wp-json\/wp\/v2\/product\/12248","targetHints":{"allow":["GET"]}}],"collection":[{"href":"https:\/\/serverhot.vn\/hi\/wp-json\/wp\/v2\/product"}],"about":[{"href":"https:\/\/serverhot.vn\/hi\/wp-json\/wp\/v2\/types\/product"}],"replies":[{"embeddable":true,"href":"https:\/\/serverhot.vn\/hi\/wp-json\/wp\/v2\/comments?post=12248"}],"wp:featuredmedia":[{"embeddable":true,"href":"https:\/\/serverhot.vn\/hi\/wp-json\/wp\/v2\/media\/12249"}],"wp:attachment":[{"href":"https:\/\/serverhot.vn\/hi\/wp-json\/wp\/v2\/media?parent=12248"}],"wp:term":[{"taxonomy":"pwb-brand","embeddable":true,"href":"https:\/\/serverhot.vn\/hi\/wp-json\/wp\/v2\/pwb-brand?post=12248"},{"taxonomy":"product_cat","embeddable":true,"href":"https:\/\/serverhot.vn\/hi\/wp-json\/wp\/v2\/product_cat?post=12248"},{"taxonomy":"product_tag","embeddable":true,"href":"https:\/\/serverhot.vn\/hi\/wp-json\/wp\/v2\/product_tag?post=12248"}],"curies":[{"name":"wp","href":"https:\/\/api.w.org\/{rel}","templated":true}]}}