{"id":12354,"date":"2024-06-29T17:13:45","date_gmt":"2024-06-29T10:13:45","guid":{"rendered":"https:\/\/serverhot.vn\/product\/uncategorized\/chuyen-doi-quang-dien-planet-gt-805a-ma-san-pham-gt-805a\/"},"modified":"2024-06-29T17:13:46","modified_gmt":"2024-06-29T10:13:46","slug":"chuyen-doi-quang-dien-planet-gt-805a-ma-san-pham-gt-805a","status":"publish","type":"product","link":"https:\/\/serverhot.vn\/hi\/-product-\/chuyen-doi-quang-dien-planet-gt-805a-ma-san-pham-gt-805a\/","title":{"rendered":"Chuy\u1ec3n \u0111\u1ed5i Quang-\u0110i\u1ec7n PLANET GT-805A M\u00e3 s\u1ea3n ph\u1ea9m: GT-805A"},"content":{"rendered":"<div class=\"showText tabs\" id=\"tab2\">\n                                    <\/div>","protected":false},"excerpt":{"rendered":"<ul>\n<p><span>-T\u01b0\u01a1ng th\u00edch v\u1edbi c\u00e1c chu\u1ea9n IEEE 802.3 10 Base-T, IEEE 802.3u 100Base-TX, IEEE 802.3ab 1000Base-T, IEEE 802.3z 1000Base-SX \/ LX.<\/span><br \/><span>-C\u1ed5ng TP h\u1ed7 tr\u1ee3 t\u00ednh n\u0103ng t\u1ef1 \u0111\u1ed9ng nh\u1eadn ki\u1ec3u t\u1ed1c \u0111\u1ed9 t\u1ed1i \u01b0u 10\/100\/1000Base-T v\u00e0 t\u00ednh n\u0103ng t\u1ef1 \u0111\u1ed9ng chuy\u1ec3n ki\u1ec3u c\u00e1p auto-MDI \/ MDI-X.<\/span><br \/><span>-1000Base-T: c\u00e1p UTP xo\u1eafn \u0111\u00f4i cat. 5 \/ 5e \/ 6, h\u1ed7 tr\u1ee3 kho\u1ea3ng c\u00e1ch t\u1edbi 100m.<\/span><br \/><span>-IEEE 802.3x c\u01a1 ch\u1ebf \u0111i\u1ec1u khi\u1ec3n lu\u1ed3ng trong ch\u1ebf \u0111\u1ed9 Full duplex v\u00e0 c\u01a1 ch\u1ebf Back-Pressure trong ch\u1ebf \u0111\u1ed9 Half-Duplex lo\u1ea1i tr\u1eeb t\u00ecnh tr\u1ea1ng m\u1ea5t g\u00f3i tin.<\/span><br \/><span>-H\u1ed7 tr\u1ee3 t\u00ednh n\u0103ng t\u1ef1 \u0111\u1ed9ng chuy\u1ec3n mode MDI \/ MDI-X.<\/span><br \/><span>-C\u01a1 ch\u1ebf chuy\u1ec3n m\u1ea1ch g\u00f3i Store and Forward.<\/span><br \/><span>-C\u1ea5u tr\u00fac chuy\u1ec3n m\u1ea1ch g\u00f3i Non-blocking v\u00e0 l\u01b0u l\u01b0\u1ee3ng truy\u1ec1n qua v\u1edbi t\u1ed1c \u0111\u1ed9 d\u00e2y.<\/span><br \/><span>-Chuy\u1ec3n \u0111\u1ed5i m\u00f4i tr\u01b0\u1eddng gi\u1eefa 10\/100\/1000Base-T v\u00e0 1000Base-SX \/ LX.<\/span><br \/><span>M\u00f4i tr\u01b0\u1eddng c\u00e1p quang cho ph\u00e9p:<\/span><br \/><span>-C\u00e1p quang \u0111a mode cho ph\u00e9p s\u1eed d\u1ee5ng \u0111\u1ea7u n\u1ed1i SC \/ LC \/ WDM<\/span><br \/><span>-C\u00e1p quang \u0111\u01a1n mode cho ph\u00e9p s\u1eed d\u1ee5ng \u0111\u1ea7u n\u1ed1i SC \/ LC \/ WDM.<\/span><br \/><span>-K\u00edch th\u01b0\u1edbng nh\u1ecf g\u1ecdn gi\u00fap l\u00e0m vi\u1ec7c c\u00f9ng v\u1edbi gia \u0111\u00ecnh khung chuy\u1ec3n \u0111\u1ed5i c\u1ee7a PLANET (MC-700 \/ MC-1000R \/ MC-1500).<\/span><br \/><span>-Thi\u1ebft k\u1ebf v\u1edbi kh\u1ea3 n\u0103ng treo t\u01b0\u1eddng.<\/span><br \/><span>&#8211;<\/span><span><a href=\"https:\/\/sieuthivienthong.com\/den-led-chieu-sang\/289\/category.html\">\u0110\u00e8n LED<\/a><\/span><span>\u00a0ch\u1ec9 th\u1ecb gi\u00fap chu\u1ea9n \u0111o\u00e1n h\u1ec7 th\u1ed1ng m\u1ea1ng d\u1ec5 d\u00e0ng.<\/span><br \/><span>-K\u00edch th\u01b0\u1edbc nh\u1ecf g\u1ecdn, d\u1ec5 d\u00e0ng c\u00e0i \u0111\u1eb7t.<\/span><br \/><span>-Ch\u1ecdn l\u1ef1a \u0111\u1ea7u n\u1ed1i c\u00e1p quang: SC, LC v\u00e0 WDM, c\u00e1p quang \u0111a mode \/ \u0111\u01a1n mode cho giao di\u1ec7n 1000Base SFP.<\/span><\/p>\n<\/ul>","protected":false},"featured_media":12355,"comment_status":"closed","ping_status":"closed","template":"","meta":[],"pwb-brand":[],"product_cat":[2903],"product_tag":[],"class_list":{"0":"post-12354","1":"product","2":"type-product","3":"status-publish","4":"has-post-thumbnail","6":"product_cat-planet","8":"first","9":"instock","10":"shipping-taxable","11":"product-type-simple"},"brands":[],"_links":{"self":[{"href":"https:\/\/serverhot.vn\/hi\/wp-json\/wp\/v2\/product\/12354","targetHints":{"allow":["GET"]}}],"collection":[{"href":"https:\/\/serverhot.vn\/hi\/wp-json\/wp\/v2\/product"}],"about":[{"href":"https:\/\/serverhot.vn\/hi\/wp-json\/wp\/v2\/types\/product"}],"replies":[{"embeddable":true,"href":"https:\/\/serverhot.vn\/hi\/wp-json\/wp\/v2\/comments?post=12354"}],"wp:featuredmedia":[{"embeddable":true,"href":"https:\/\/serverhot.vn\/hi\/wp-json\/wp\/v2\/media\/12355"}],"wp:attachment":[{"href":"https:\/\/serverhot.vn\/hi\/wp-json\/wp\/v2\/media?parent=12354"}],"wp:term":[{"taxonomy":"pwb-brand","embeddable":true,"href":"https:\/\/serverhot.vn\/hi\/wp-json\/wp\/v2\/pwb-brand?post=12354"},{"taxonomy":"product_cat","embeddable":true,"href":"https:\/\/serverhot.vn\/hi\/wp-json\/wp\/v2\/product_cat?post=12354"},{"taxonomy":"product_tag","embeddable":true,"href":"https:\/\/serverhot.vn\/hi\/wp-json\/wp\/v2\/product_tag?post=12354"}],"curies":[{"name":"wp","href":"https:\/\/api.w.org\/{rel}","templated":true}]}}