{"id":12424,"date":"2024-06-29T17:26:51","date_gmt":"2024-06-29T10:26:51","guid":{"rendered":"https:\/\/serverhot.vn\/product\/uncategorized\/card-man-hinh-vga-gigabyte-gt-730-2g-ddr3-gv-n730d3-2gi-ma-san-pham-gv-n730d3-2gi\/"},"modified":"2024-06-29T17:26:54","modified_gmt":"2024-06-29T10:26:54","slug":"card-man-hinh-vga-gigabyte-gt-730-2g-ddr3-gv-n730d3-2gi-ma-san-pham-gv-n730d3-2gi","status":"publish","type":"product","link":"https:\/\/serverhot.vn\/hi\/-product-\/card-man-hinh-vga-gigabyte-gt-730-2g-ddr3-gv-n730d3-2gi-ma-san-pham-gv-n730d3-2gi\/","title":{"rendered":"Card M\u00e0n H\u00ecnh VGA Gigabyte GT 730 2G DDR3 GV-N730D3-2GI M\u00e3 s\u1ea3n ph\u1ea9m: GV-N730D3-2GI"},"content":{"rendered":"<div class=\"showText tabs\" id=\"tab2\">\n<div class=\"box_right_pro_view\">\n<div class=\"thongso_pro a_technical\" style=\"max-height: fit-content\">\n<table id=\"tblGeneralAttribute\" border=\"1\">\n<tbody>\n<tr>\n<td>GPU<\/td>\n<td>GeForce\u00ae GT 730<\/td>\n<\/tr>\n<tr>\n<td>C\u1ed5ng k\u1ebft n\u1ed1i<\/td>\n<td>Dual-link DVI-I*1 \/ HDMI*1 \/ D-Sub*1<\/td>\n<\/tr>\n<tr>\n<td>Core Clock<\/td>\n<td>902 MHz<\/td>\n<\/tr>\n<tr>\n<td>Ki\u1ebfn tr\u00fac\u00a0<\/td>\n<td>28 nm<\/td>\n<\/tr>\n<tr>\n<td>GPU Clock<\/td>\n<td>1\u200e800 MHz<\/td>\n<\/tr>\n<tr>\n<td>K\u00edch th\u01b0\u1edbc b\u1ed9 nh\u1edb<\/td>\n<td>2\u200e048 MB<\/td>\n<\/tr>\n<tr>\n<td>Lo\u1ea1i b\u1ed9 nh\u1edb<\/td>\n<td>DDR3<\/td>\n<\/tr>\n<tr>\n<td>Bus b\u1ed9 nh\u1edb<\/td>\n<td>64 bit<\/td>\n<\/tr>\n<tr>\n<td>Chu\u1ea9n Bus<\/td>\n<td>\n<p>PCI-E 2.0<\/p>\n<\/td>\n<\/tr>\n<tr>\n<td>\u0110\u1ed9 ph\u00e2n gi\u1ea3i t\u1ed1i \u0111a<\/td>\n<td>4096 X 2160 (Through HDMI connector)<\/td>\n<\/tr>\n<tr>\n<td>Multi-view<\/td>\n<td>3<\/td>\n<\/tr>\n<tr>\n<td>K\u00edch th\u01b0\u1edbc<\/td>\n<td>H=27 L=167 W=115 mm<\/td>\n<\/tr>\n<tr>\n<td>Form<\/td>\n<td>ATX<\/td>\n<\/tr>\n<tr>\n<td>DirectX<\/td>\n<td>12<\/td>\n<\/tr>\n<tr>\n<td>OpenGL<\/td>\n<td>4.4<\/td>\n<\/tr>\n<tr>\n<td>Ngu\u1ed3n t\u1ed1i thi\u1ec3u<\/td>\n<td>3\u200e00W<\/td>\n<\/tr>\n<tr>\n<td>\u0110\u1ed9 ph\u00e2n gi\u1ea3i t\u1ed1i \u0111a t\u01b0\u01a1ng t\u1ef1<\/td>\n<td>2\u200e048 x 1536<\/td>\n<\/tr>\n<\/tbody>\n<\/table><\/div>\n<p>                            <!--                            <\/p>\n<div class=\"xemthem_id_r\">--><br \/>\n                            <!--                                <a><!--\/show\/?token=--><br \/>\n                            <!--\"--><br \/>\n                            <!--                                   class=\"preview fancybox fancybox.ajax\" rel=\"nofollow\"&gt;Xem th&#234;m th&#244;ng s&#7889; k&#7929; thu&#7853;t<\/a>--><br \/>\n                            <!--                            <\/div>\n<p>-->\n                        <\/p><\/div>\n<\/p><\/div>","protected":false},"excerpt":{"rendered":"<ul>\n<ul>\n<li>Chipset: GeForce\u00ae GT 730<\/li>\n<li>Dung l\u01b0\u1ee3ng b\u1ed9 nh\u1edb: 2GB DDR3<\/li>\n<li>Clock: 902 MHz<\/li>\n<li>Bus b\u1ed9 nh\u1edb: 64-bit<\/li>\n<li>K\u1ebft n\u1ed1i: Dual-link DVD-I*1 \/ HDMI*1 \/ D-Sub*1<\/li>\n<li>Ngu\u1ed3n y\u00eau c\u1ea7u: 300W<\/li>\n<\/ul>\n<\/ul>","protected":false},"featured_media":12425,"comment_status":"closed","ping_status":"closed","template":"","meta":[],"pwb-brand":[],"product_cat":[2914],"product_tag":[],"class_list":{"0":"post-12424","1":"product","2":"type-product","3":"status-publish","4":"has-post-thumbnail","6":"product_cat-vga-card-man-hinh","8":"first","9":"instock","10":"shipping-taxable","11":"product-type-simple"},"brands":[],"_links":{"self":[{"href":"https:\/\/serverhot.vn\/hi\/wp-json\/wp\/v2\/product\/12424","targetHints":{"allow":["GET"]}}],"collection":[{"href":"https:\/\/serverhot.vn\/hi\/wp-json\/wp\/v2\/product"}],"about":[{"href":"https:\/\/serverhot.vn\/hi\/wp-json\/wp\/v2\/types\/product"}],"replies":[{"embeddable":true,"href":"https:\/\/serverhot.vn\/hi\/wp-json\/wp\/v2\/comments?post=12424"}],"wp:featuredmedia":[{"embeddable":true,"href":"https:\/\/serverhot.vn\/hi\/wp-json\/wp\/v2\/media\/12425"}],"wp:attachment":[{"href":"https:\/\/serverhot.vn\/hi\/wp-json\/wp\/v2\/media?parent=12424"}],"wp:term":[{"taxonomy":"pwb-brand","embeddable":true,"href":"https:\/\/serverhot.vn\/hi\/wp-json\/wp\/v2\/pwb-brand?post=12424"},{"taxonomy":"product_cat","embeddable":true,"href":"https:\/\/serverhot.vn\/hi\/wp-json\/wp\/v2\/product_cat?post=12424"},{"taxonomy":"product_tag","embeddable":true,"href":"https:\/\/serverhot.vn\/hi\/wp-json\/wp\/v2\/product_tag?post=12424"}],"curies":[{"name":"wp","href":"https:\/\/api.w.org\/{rel}","templated":true}]}}