{"id":12625,"date":"2024-06-29T18:05:39","date_gmt":"2024-06-29T11:05:39","guid":{"rendered":"https:\/\/serverhot.vn\/product\/uncategorized\/microsoft-windows-ggwa-windows-11-pro-legalization-get-genuine-ma-san-pham-ms-win11pro\/"},"modified":"2024-06-29T18:05:45","modified_gmt":"2024-06-29T11:05:45","slug":"microsoft-windows-ggwa-windows-11-pro-legalization-get-genuine-ma-san-pham-ms-win11pro","status":"publish","type":"product","link":"https:\/\/serverhot.vn\/hi\/-product-\/microsoft-windows-ggwa-windows-11-pro-legalization-get-genuine-ma-san-pham-ms-win11pro\/","title":{"rendered":"Microsoft Windows GGWA &#8211; Windows 11 Pro &#8211; Legalization Get Genuine M\u00e3 s\u1ea3n ph\u1ea9m: MS-WIN11PRO"},"content":{"rendered":"<div class=\"showText tabs\" id=\"tab2\">\n                                    <\/div>","protected":false},"excerpt":{"rendered":"<ul>\n<p>Windows GGWA (Genuine Windows Genuine Advantage) l\u00e0 m\u1ed9t ch\u01b0\u01a1ng tr\u00ecnh c\u1ee7a Microsoft d\u00e0nh cho vi\u1ec7c x\u00e1c minh t\u00ednh h\u1ee3p l\u1ec7 c\u1ee7a b\u1ea3n sao Windows s\u1eed d\u1ee5ng tr\u00ean c\u00e1c m\u00e1y t\u00ednh. Trong tr\u01b0\u1eddng h\u1ee3p Microsoft Windows 11 Pro GGWA license, \u0111\u00e2y l\u00e0 m\u1ed9t phi\u00ean b\u1ea3n c\u1ee7a h\u1ec7 \u0111i\u1ec1u h\u00e0nh Windows 11 Pro \u0111\u01b0\u1ee3c ph\u00e2n ph\u1ed1i qua ch\u01b0\u01a1ng tr\u00ecnh GGWA<\/p>\n<\/ul>","protected":false},"featured_media":12626,"comment_status":"closed","ping_status":"closed","template":"","meta":[],"pwb-brand":[],"product_cat":[2917],"product_tag":[],"class_list":{"0":"post-12625","1":"product","2":"type-product","3":"status-publish","4":"has-post-thumbnail","6":"product_cat-microsoft","8":"first","9":"instock","10":"shipping-taxable","11":"product-type-simple"},"brands":[],"_links":{"self":[{"href":"https:\/\/serverhot.vn\/hi\/wp-json\/wp\/v2\/product\/12625","targetHints":{"allow":["GET"]}}],"collection":[{"href":"https:\/\/serverhot.vn\/hi\/wp-json\/wp\/v2\/product"}],"about":[{"href":"https:\/\/serverhot.vn\/hi\/wp-json\/wp\/v2\/types\/product"}],"replies":[{"embeddable":true,"href":"https:\/\/serverhot.vn\/hi\/wp-json\/wp\/v2\/comments?post=12625"}],"wp:featuredmedia":[{"embeddable":true,"href":"https:\/\/serverhot.vn\/hi\/wp-json\/wp\/v2\/media\/12626"}],"wp:attachment":[{"href":"https:\/\/serverhot.vn\/hi\/wp-json\/wp\/v2\/media?parent=12625"}],"wp:term":[{"taxonomy":"pwb-brand","embeddable":true,"href":"https:\/\/serverhot.vn\/hi\/wp-json\/wp\/v2\/pwb-brand?post=12625"},{"taxonomy":"product_cat","embeddable":true,"href":"https:\/\/serverhot.vn\/hi\/wp-json\/wp\/v2\/product_cat?post=12625"},{"taxonomy":"product_tag","embeddable":true,"href":"https:\/\/serverhot.vn\/hi\/wp-json\/wp\/v2\/product_tag?post=12625"}],"curies":[{"name":"wp","href":"https:\/\/api.w.org\/{rel}","templated":true}]}}