{"id":13003,"date":"2024-06-29T18:59:56","date_gmt":"2024-06-29T11:59:56","guid":{"rendered":"https:\/\/serverhot.vn\/product\/uncategorized\/microsoft-teams-premium-ma-san-pham-ms-teams-premium\/"},"modified":"2024-06-29T19:00:10","modified_gmt":"2024-06-29T12:00:10","slug":"microsoft-teams-premium-ma-san-pham-ms-teams-premium","status":"publish","type":"product","link":"https:\/\/serverhot.vn\/hi\/-product-\/microsoft-teams-premium-ma-san-pham-ms-teams-premium\/","title":{"rendered":"Microsoft Teams Premium M\u00e3 s\u1ea3n ph\u1ea9m: MS-TEAMS-PREMIUM"},"content":{"rendered":"<div class=\"showText tabs\" id=\"tab2\">\n                                    <\/div>","protected":false},"excerpt":{"rendered":"<ul>\n<p><span style=\"font-size: 14px\">Microsoft Teams Premium l\u00e0 m\u1ed9t phi\u00ean b\u1ea3n \u0111\u1eb7c bi\u1ec7t c\u1ee7a Microsoft Teams, cung c\u1ea5p tr\u1ea3i nghi\u1ec7m h\u1ecdp th\u00f4ng minh, h\u1ea5p d\u1eabn v\u00e0 \u0111\u01b0\u1ee3c b\u1ea3o v\u1ec7. <\/span><br \/><span style=\"font-size: 14px\">&#8211; T\u00f3m t\u1eaft cu\u1ed9c h\u1ecdp th\u00f4ng minh b\u1eb1ng tr\u00ed tu\u1ec7 nh\u00e2n t\u1ea1o<\/span><br \/><span style=\"font-size: 14px\">&#8211; Tr\u1ea3i nghi\u1ec7m c\u00e1 nh\u00e2n h\u00f3a s\u00e2u h\u01a1n<\/span><br \/><span style=\"font-size: 14px\">&#8211; B\u1ea3o v\u1ec7 th\u00f4ng tin b\u00ed m\u1eadt<\/span><\/p>\n<\/ul>","protected":false},"featured_media":13004,"comment_status":"closed","ping_status":"closed","template":"","meta":[],"pwb-brand":[],"product_cat":[2917],"product_tag":[],"class_list":{"0":"post-13003","1":"product","2":"type-product","3":"status-publish","4":"has-post-thumbnail","6":"product_cat-microsoft","8":"first","9":"instock","10":"shipping-taxable","11":"product-type-simple"},"brands":[],"_links":{"self":[{"href":"https:\/\/serverhot.vn\/hi\/wp-json\/wp\/v2\/product\/13003","targetHints":{"allow":["GET"]}}],"collection":[{"href":"https:\/\/serverhot.vn\/hi\/wp-json\/wp\/v2\/product"}],"about":[{"href":"https:\/\/serverhot.vn\/hi\/wp-json\/wp\/v2\/types\/product"}],"replies":[{"embeddable":true,"href":"https:\/\/serverhot.vn\/hi\/wp-json\/wp\/v2\/comments?post=13003"}],"wp:featuredmedia":[{"embeddable":true,"href":"https:\/\/serverhot.vn\/hi\/wp-json\/wp\/v2\/media\/13004"}],"wp:attachment":[{"href":"https:\/\/serverhot.vn\/hi\/wp-json\/wp\/v2\/media?parent=13003"}],"wp:term":[{"taxonomy":"pwb-brand","embeddable":true,"href":"https:\/\/serverhot.vn\/hi\/wp-json\/wp\/v2\/pwb-brand?post=13003"},{"taxonomy":"product_cat","embeddable":true,"href":"https:\/\/serverhot.vn\/hi\/wp-json\/wp\/v2\/product_cat?post=13003"},{"taxonomy":"product_tag","embeddable":true,"href":"https:\/\/serverhot.vn\/hi\/wp-json\/wp\/v2\/product_tag?post=13003"}],"curies":[{"name":"wp","href":"https:\/\/api.w.org\/{rel}","templated":true}]}}