{"id":13521,"date":"2024-07-06T14:30:11","date_gmt":"2024-07-06T07:30:11","guid":{"rendered":"https:\/\/serverhot.vn\/-product-\/camera-quan-sat-ip-wifi-hilook-ipc-c220h-d-w-2mp-ma-san-pham-ipc-c220h-d-w\/"},"modified":"2024-07-06T14:30:17","modified_gmt":"2024-07-06T07:30:17","slug":"camera-quan-sat-ip-wifi-hilook-ipc-c220h-d-w-2mp-ma-san-pham-ipc-c220h-d-w","status":"publish","type":"product","link":"https:\/\/serverhot.vn\/hi\/-product-\/camera-quan-sat-ip-wifi-hilook-ipc-c220h-d-w-2mp-ma-san-pham-ipc-c220h-d-w\/","title":{"rendered":"Camera Quan S\u00e1t IP Wifi HiLook IPC-C220H-D\/W 2MP M\u00e3 s\u1ea3n ph\u1ea9m: IPC-C220H-D\/W"},"content":{"rendered":"<div class=\"showText tabs\" id=\"tab2\">\n<div class=\"box_right_pro_view\">\n<div class=\"thongso_pro a_technical\" style=\"max-height: fit-content\">\n<ul>\n<li>C\u1ea3m bi\u1ebfn h\u00ecnh \u1ea3nh: 1\/2.8-inch Progressive CMOS<\/li>\n<li>T\u1ea7m quan s\u00e1t h\u1ed3ng ngo\u1ea1i: 5 m\u00e9t<\/li>\n<li>\u0110\u1ed9 ph\u00e2n gi\u1ea3i t\u1ed1i \u0111a: 2.0 Megapixel<\/li>\n<li>H\u1ed7 tr\u1ee3 chu\u1ea9n n\u00e9n h\u00ecnh \u1ea3nh: H.265+\/H265\/H.264+ &amp; H.264<\/li>\n<li>H\u1ed7 tr\u1ee3 2 lu\u1ed3ng d\u1eef li\u1ec7u<\/li>\n<li>H\u1ed7 tr\u1ee3 khe c\u1eafm th\u1ebb nh\u1edb<\/li>\n<li>T\u00edch h\u1ee3p Wi-Fi<\/li>\n<li>H\u1ed7 tr\u1ee3 ch\u1ee9c n\u0103ng ch\u1ed1ng ng\u01b0\u1ee3c s\u00e1ng DWDR<\/li>\n<li>H\u1ed7 tr\u1ee3 ch\u1ee9c n\u0103ng gi\u1ea3m nhi\u1ec5u s\u1ed1 3D DNR, b\u00f9 s\u00e1ng BLC<\/li>\n<li>Ch\u1ebf \u0111\u1ed9 ng\u00e0y\/\u0111\u00eam: \u0110\u1eb7t theo l\u1ecbch, t\u1ef1 \u0111\u1ed9ng, ng\u00e0y, \u0111\u00eam<\/li>\n<li>T\u00edch h\u1ee3p Microphone v\u00e0 loa, h\u1ed7 tr\u1ee3 \u0111\u00e0m tho\u1ea1i 2 chi\u1ec1u<\/li>\n<li>H\u1ed7 tr\u1ee3 gi\u00e1m s\u00e1t b\u1eb1ng \u1ee9ng d\u1ee5ng HiLook tr\u00ean \u0111i\u1ec7n tho\u1ea1i.<\/li>\n<li>Ngu\u1ed3n \u0111i\u1ec7n: DC12V<\/li>\n<\/ul><\/div>\n<p>                            <!--                            <\/p>\n<div class=\"xemthem_id_r\">--><br \/>\n                            <!--                                <a><!--\/show\/?token=--><br \/>\n                            <!--\"--><br \/>\n                            <!--                                   class=\"preview fancybox fancybox.ajax\" rel=\"nofollow\"&gt;Xem th&#234;m th&#244;ng s&#7889; k&#7929; thu&#7853;t<\/a>--><br \/>\n                            <!--                            <\/div>\n<p>-->\n                        <\/p><\/div>\n<\/p><\/div>","protected":false},"excerpt":{"rendered":"<ul>\n<ul>\n<li>Ch\u1ed1ng ng\u01b0\u1ee3c s\u00e1ng v\u00e0 c\u00e2n b\u1eb1ng s\u00e1ng t\u1ed1t<\/li>\n<li>H\u00ecnh \u1ea3nh s\u1eafc n\u00e9t \u0111\u1ed9 ph\u00e2n gi\u1ea3i cao<\/li>\n<li>Ch\u1ee9c n\u0103ng quan s\u00e1t ng\u00e0y v\u00e0 \u0111\u00eam<\/li>\n<li>D\u1ec5 d\u00e0ng l\u1eafp \u0111\u1eb7t v\u00e0 s\u1eed d\u1ee5ng<\/li>\n<\/ul>\n<\/ul>","protected":false},"featured_media":13522,"comment_status":"closed","ping_status":"closed","template":"","meta":[],"pwb-brand":[],"product_cat":[2911],"product_tag":[],"class_list":{"0":"post-13521","1":"product","2":"type-product","3":"status-publish","4":"has-post-thumbnail","6":"product_cat-thiet-bi-camera","8":"first","9":"instock","10":"shipping-taxable","11":"product-type-simple"},"brands":[],"_links":{"self":[{"href":"https:\/\/serverhot.vn\/hi\/wp-json\/wp\/v2\/product\/13521","targetHints":{"allow":["GET"]}}],"collection":[{"href":"https:\/\/serverhot.vn\/hi\/wp-json\/wp\/v2\/product"}],"about":[{"href":"https:\/\/serverhot.vn\/hi\/wp-json\/wp\/v2\/types\/product"}],"replies":[{"embeddable":true,"href":"https:\/\/serverhot.vn\/hi\/wp-json\/wp\/v2\/comments?post=13521"}],"wp:featuredmedia":[{"embeddable":true,"href":"https:\/\/serverhot.vn\/hi\/wp-json\/wp\/v2\/media\/13522"}],"wp:attachment":[{"href":"https:\/\/serverhot.vn\/hi\/wp-json\/wp\/v2\/media?parent=13521"}],"wp:term":[{"taxonomy":"pwb-brand","embeddable":true,"href":"https:\/\/serverhot.vn\/hi\/wp-json\/wp\/v2\/pwb-brand?post=13521"},{"taxonomy":"product_cat","embeddable":true,"href":"https:\/\/serverhot.vn\/hi\/wp-json\/wp\/v2\/product_cat?post=13521"},{"taxonomy":"product_tag","embeddable":true,"href":"https:\/\/serverhot.vn\/hi\/wp-json\/wp\/v2\/product_tag?post=13521"}],"curies":[{"name":"wp","href":"https:\/\/api.w.org\/{rel}","templated":true}]}}