{"id":13687,"date":"2024-08-01T10:00:09","date_gmt":"2024-08-01T03:00:09","guid":{"rendered":"https:\/\/serverhot.vn\/-product-\/thiet-bi-tuong-lua-firewall-fortigate-fg-100f-ma-san-pham-fg-100f\/"},"modified":"2024-08-01T10:00:11","modified_gmt":"2024-08-01T03:00:11","slug":"thiet-bi-tuong-lua-firewall-fortigate-fg-100f-ma-san-pham-fg-100f","status":"publish","type":"product","link":"https:\/\/serverhot.vn\/hi\/-product-\/thiet-bi-tuong-lua-firewall-fortigate-fg-100f-ma-san-pham-fg-100f\/","title":{"rendered":"Thi\u1ebft b\u1ecb T\u01b0\u1eddng l\u1eeda Firewall FortiGate FG-100F M\u00e3 s\u1ea3n ph\u1ea9m: FG-100F"},"content":{"rendered":"<div class=\"showText tabs\" id=\"tab2\">\n<div class=\"box_right_pro_view\">\n<div class=\"thongso_pro a_technical\" style=\"max-height: fit-content\">\n<p>\u00a0<\/p>\n<table dir=\"ltr\" border=\"1\" cellspacing=\"0\" cellpadding=\"0\" data-sheets-root=\"1\">\n<colgroup>\n<col width=\"641\">\n<col width=\"250\">\n<col width=\"250\"><\/colgroup>\n<tbody>\n<tr>\n<td>\u00a0<\/td>\n<td data-sheets-value=\"{\">FORTIGATE 100F<\/td>\n<td data-sheets-value=\"{\">FORTIGATE 101F<\/td>\n<\/tr>\n<tr>\n<td colspan=\"3\" rowspan=\"1\" data-sheets-value=\"{\">Hardware Specifications<\/td>\n<\/tr>\n<tr>\n<td data-sheets-value=\"{\">GE RJ45 Ports<\/td>\n<td colspan=\"2\" rowspan=\"1\" data-sheets-value=\"{\">12<\/td>\n<\/tr>\n<tr>\n<td data-sheets-value=\"{\">GE RJ45 Management\/HA\/DMZ Ports<\/td>\n<td colspan=\"2\" rowspan=\"1\" data-sheets-value=\"{\">1 \/ 2 \/ 1<\/td>\n<\/tr>\n<tr>\n<td data-sheets-value=\"{\">GE SFP Slots<\/td>\n<td colspan=\"2\" rowspan=\"1\" data-sheets-value=\"{\">4<\/td>\n<\/tr>\n<tr>\n<td data-sheets-value=\"{\">10 GE SFP+ Slots<\/td>\n<td colspan=\"2\" rowspan=\"1\" data-sheets-value=\"{\">2<\/td>\n<\/tr>\n<tr>\n<td data-sheets-value=\"{\">GE RJ45 WAN Ports<\/td>\n<td colspan=\"2\" rowspan=\"1\" data-sheets-value=\"{\">2<\/td>\n<\/tr>\n<tr>\n<td data-sheets-value=\"{\">GE RJ45 or SFP Shared Ports *<\/td>\n<td colspan=\"2\" rowspan=\"1\" data-sheets-value=\"{\">4<\/td>\n<\/tr>\n<tr>\n<td data-sheets-value=\"{\">USB Port<\/td>\n<td colspan=\"2\" rowspan=\"1\" data-sheets-value=\"{\">1<\/td>\n<\/tr>\n<tr>\n<td data-sheets-value=\"{\">Console Port<\/td>\n<td colspan=\"2\" rowspan=\"1\" data-sheets-value=\"{\">1<\/td>\n<\/tr>\n<tr>\n<td data-sheets-value=\"{\">Internal Storage<\/td>\n<td data-sheets-value=\"{\">\u2014<\/td>\n<td data-sheets-value=\"{\">1x 480 GB SSD<\/td>\n<\/tr>\n<tr>\n<td data-sheets-value=\"{\">Included Transceivers<\/td>\n<td colspan=\"2\" rowspan=\"1\" data-sheets-value=\"{\">0<\/td>\n<\/tr>\n<tr>\n<td colspan=\"3\" rowspan=\"1\" data-sheets-value=\"{\">System Performance \u2014 Enterprise Traffic Mix<\/td>\n<\/tr>\n<tr>\n<td data-sheets-value=\"{\">IPS Throughput2<\/td>\n<td colspan=\"2\" rowspan=\"1\" data-sheets-value=\"{\">2.6 Gbps<\/td>\n<\/tr>\n<tr>\n<td data-sheets-value=\"{\">NGFW Throughput2, 4<\/td>\n<td colspan=\"2\" rowspan=\"1\" data-sheets-value=\"{\">1.6 Gbps<\/td>\n<\/tr>\n<tr>\n<td data-sheets-value=\"{\">Threat Protection Throughput2, 5<\/td>\n<td colspan=\"2\" rowspan=\"1\" data-sheets-value=\"{\">1 Gbps<\/td>\n<\/tr>\n<tr>\n<td colspan=\"3\" rowspan=\"1\" data-sheets-value=\"{\">System Performance<\/td>\n<\/tr>\n<tr>\n<td data-sheets-value=\"{\">Firewall Throughput (1518 \/ 512 \/ 64 byte UDP packets)<\/td>\n<td colspan=\"2\" rowspan=\"1\" data-sheets-value=\"{\">20 \/ 18 \/ 10 Gbps<\/td>\n<\/tr>\n<tr>\n<td data-sheets-value=\"{\">Firewall Latency (64 byte UDP packets)<\/td>\n<td colspan=\"2\" rowspan=\"1\" data-sheets-value=\"{\">5 \u03bcs<\/td>\n<\/tr>\n<tr>\n<td data-sheets-value=\"{\">Firewall Throughput (Packets Per Second)<\/td>\n<td colspan=\"2\" rowspan=\"1\" data-sheets-value=\"{\">15 Mpps<\/td>\n<\/tr>\n<tr>\n<td data-sheets-value=\"{\">Concurrent Sessions (TCP)<\/td>\n<td colspan=\"2\" rowspan=\"1\" data-sheets-value=\"{\">1.5 Million<\/td>\n<\/tr>\n<tr>\n<td data-sheets-value=\"{\">New Sessions\/Second (TCP)<\/td>\n<td colspan=\"2\" rowspan=\"1\" data-sheets-value=\"{\">56<\/td>\n<\/tr>\n<tr>\n<td data-sheets-value=\"{\">Firewall Policies<\/td>\n<td colspan=\"2\" rowspan=\"1\" data-sheets-value=\"{\">10<\/td>\n<\/tr>\n<tr>\n<td data-sheets-value=\"{\">IPsec VPN Throughput (512 byte)1<\/td>\n<td colspan=\"2\" rowspan=\"1\" data-sheets-value=\"{\">11.5 Gbps<\/td>\n<\/tr>\n<tr>\n<td data-sheets-value=\"{\">Gateway-to-Gateway IPsec VPN Tunnels<\/td>\n<td colspan=\"2\" rowspan=\"1\" data-sheets-value=\"{\">2,5<\/td>\n<\/tr>\n<tr>\n<td data-sheets-value=\"{\">Client-to-Gateway IPsec VPN Tunnels<\/td>\n<td colspan=\"2\" rowspan=\"1\" data-sheets-value=\"{\">16<\/td>\n<\/tr>\n<tr>\n<td data-sheets-value=\"{\">SSL-VPN Throughput<\/td>\n<td colspan=\"2\" rowspan=\"1\" data-sheets-value=\"{\">750 Mbps<\/td>\n<\/tr>\n<tr>\n<td data-sheets-value=\"{\">Concurrent SSL-VPN Users (Recommended Maximum, Tunnel Mode)<\/td>\n<td colspan=\"2\" rowspan=\"1\" data-sheets-value=\"{\">500<\/td>\n<\/tr>\n<tr>\n<td data-sheets-value=\"{\">SSL Inspection Throughput (IPS, avg. HTTPS) 3<\/td>\n<td colspan=\"2\" rowspan=\"1\" data-sheets-value=\"{\">1 Gbps<\/td>\n<\/tr>\n<tr>\n<td data-sheets-value=\"{\">SSL Inspection CPS (IPS, avg. HTTPS)3<\/td>\n<td colspan=\"2\" rowspan=\"1\" data-sheets-value=\"{\">1,8<\/td>\n<\/tr>\n<tr>\n<td data-sheets-value=\"{\">SSL Inspection Concurrent Session (IPS, avg. HTTPS)3<\/td>\n<td colspan=\"2\" rowspan=\"1\" data-sheets-value=\"{\">135<\/td>\n<\/tr>\n<tr>\n<td data-sheets-value=\"{\">Application Control Throughput (HTTP 64K) 2<\/td>\n<td colspan=\"2\" rowspan=\"1\" data-sheets-value=\"{\">2.2 Gbps<\/td>\n<\/tr>\n<tr>\n<td data-sheets-value=\"{\">CAPWAP Throughput (1444 byte, UDP)<\/td>\n<td colspan=\"2\" rowspan=\"1\" data-sheets-value=\"{\">15 Gbps<\/td>\n<\/tr>\n<tr>\n<td data-sheets-value=\"{\">Virtual Domains (Default \/ Maximum)<\/td>\n<td colspan=\"2\" rowspan=\"1\" data-sheets-value=\"{\">10 \/ 10<\/td>\n<\/tr>\n<tr>\n<td data-sheets-value=\"{\">Maximum Number of FortiSwitches Supported<\/td>\n<td colspan=\"2\" rowspan=\"1\" data-sheets-value=\"{\">24<\/td>\n<\/tr>\n<tr>\n<td data-sheets-value=\"{\">Maximum Number of FortiAPs (Total \/ Tunnel Mode)<\/td>\n<td colspan=\"2\" rowspan=\"1\" data-sheets-value=\"{\">64 \/ 32<\/td>\n<\/tr>\n<tr>\n<td data-sheets-value=\"{\">Maximum Number of FortiTokens<\/td>\n<td colspan=\"2\" rowspan=\"1\" data-sheets-value=\"{\">5<\/td>\n<\/tr>\n<tr>\n<td data-sheets-value=\"{\">Maximum Number of Registered FortiClients<\/td>\n<td colspan=\"2\" rowspan=\"1\" data-sheets-value=\"{\">600<\/td>\n<\/tr>\n<tr>\n<td data-sheets-value=\"{\">High Availability Configurations<\/td>\n<td colspan=\"2\" rowspan=\"1\" data-sheets-value=\"{\">Active \/ Active, Active \/ Passive, Clustering<\/td>\n<\/tr>\n<tr>\n<td colspan=\"3\" rowspan=\"1\" data-sheets-value=\"{\">Dimensions<\/td>\n<\/tr>\n<tr>\n<td height=\"\" data-sheets-value=\"{\">Height x Width x Length (inches)<\/td>\n<td colspan=\"2\" rowspan=\"1\" data-sheets-value=\"{\">1.73 x 17 x 10<\/td>\n<\/tr>\n<tr>\n<td height=\"\" data-sheets-value=\"{\">Height x Width x Length (mm)<\/td>\n<td colspan=\"2\" rowspan=\"1\" data-sheets-value=\"{\">44 x 432 x 254<\/td>\n<\/tr>\n<tr>\n<td data-sheets-value=\"{\">Form Factor<\/td>\n<td colspan=\"2\" rowspan=\"1\" data-sheets-value=\"{\">Rack Mount, 1 RU<\/td>\n<\/tr>\n<tr>\n<td data-sheets-value=\"{\">Weight<\/td>\n<td data-sheets-value=\"{\">7.25 lbs (3.29 kg)<\/td>\n<td data-sheets-value=\"{\">7.56 lbs (3.43 kg)<\/td>\n<\/tr>\n<tr>\n<td colspan=\"3\" rowspan=\"1\" data-sheets-value=\"{\">Environment<\/td>\n<\/tr>\n<tr>\n<td data-sheets-value=\"{\">Power Required<\/td>\n<td colspan=\"2\" rowspan=\"1\" data-sheets-value=\"{\">100\u2013240V AC, 60\u201350 Hz<\/td>\n<\/tr>\n<tr>\n<td data-sheets-value=\"{\">Maximum Current<\/td>\n<td colspan=\"2\" rowspan=\"1\" data-sheets-value=\"{\">100V \/ 1A, 240V \/ 0.5A<\/td>\n<\/tr>\n<tr>\n<td data-sheets-value=\"{\">Power Consumption (Average \/ Maximum)<\/td>\n<td data-sheets-value=\"{\">35.1 W \/ 38.7 W<\/td>\n<td data-sheets-value=\"{\">35.3 W \/ 39.1 W<\/td>\n<\/tr>\n<tr>\n<td data-sheets-value=\"{\">Heat Dissipation<\/td>\n<td data-sheets-value=\"{\">119.77 BTU\/h<\/td>\n<td data-sheets-value=\"{\">121.13 BTU\/h<\/td>\n<\/tr>\n<tr>\n<td colspan=\"3\" rowspan=\"1\" data-sheets-value=\"{\">Environment<\/td>\n<\/tr>\n<tr>\n<td data-sheets-value=\"{\">Operating Temperature<\/td>\n<td colspan=\"2\" rowspan=\"1\" data-sheets-value=\"{\">32\u2013104\u00b0F (0\u201340\u00b0C)<\/td>\n<\/tr>\n<tr>\n<td data-sheets-value=\"{\">Storage Temperature<\/td>\n<td colspan=\"2\" rowspan=\"1\" data-sheets-value=\"{\">-31\u2013158\u00b0F (-35\u201370\u00b0C)<\/td>\n<\/tr>\n<tr>\n<td data-sheets-value=\"{\">Operating Altitude<\/td>\n<td colspan=\"2\" rowspan=\"1\" data-sheets-value=\"{\">Up to 7,400 ft (2,250 m)<\/td>\n<\/tr>\n<tr>\n<td data-sheets-value=\"{\">Humidity<\/td>\n<td colspan=\"2\" rowspan=\"1\" data-sheets-value=\"{\">10\u201390% non-condensing<\/td>\n<\/tr>\n<tr>\n<td data-sheets-value=\"{\">Noise Level<\/td>\n<td colspan=\"2\" rowspan=\"1\" data-sheets-value=\"{\">40.4 dBA<\/td>\n<\/tr>\n<tr>\n<td data-sheets-value=\"{\">Compliance<\/td>\n<td class=\"\" colspan=\"2\" rowspan=\"1\" data-sheets-value=\"{\">FCC Part 15B, Class A, CE, RCM, VCCI, UL\/cUL, CB, BSMI<\/td>\n<\/tr>\n<tr>\n<td data-sheets-value=\"{\">Certifications<\/td>\n<td colspan=\"2\" rowspan=\"1\" data-sheets-value=\"{\">ICSA Labs: Firewall, IPsec, IPS, Antivirus, SSL-VPN; IPv6<\/td>\n<\/tr>\n<\/tbody>\n<\/table><\/div>\n<p>                            <!--                            <\/p>\n<div class=\"xemthem_id_r\">--><br \/>\n                            <!--                                <a><!--\/show\/?token=--><br \/>\n                            <!--\"--><br \/>\n                            <!--                                   class=\"preview fancybox fancybox.ajax\" rel=\"nofollow\"&gt;Xem th&#234;m th&#244;ng s&#7889; k&#7929; thu&#7853;t<\/a>--><br \/>\n                            <!--                            <\/div>\n<p>-->\n                        <\/p><\/div>\n<\/p><\/div>","protected":false},"excerpt":{"rendered":"<ul>\n<p><strong>FortiGate\u00a0<\/strong><strong>FG-100F<\/strong>\u00a0l\u00e0 m\u1ed9t thi\u1ebft b\u1ecb t\u01b0\u1eddng l\u1eeda th\u1ebf h\u1ec7 m\u1edbi (NGFW) c\u1ee7a Fortinet, \u0111\u01b0\u1ee3c thi\u1ebft k\u1ebf \u0111\u1ec3 cung c\u1ea5p b\u1ea3o m\u1eadt to\u00e0n di\u1ec7n v\u00e0 hi\u1ec7u su\u1ea5t cao cho c\u00e1c doanh nghi\u1ec7p v\u1eeba v\u00e0 nh\u1ecf.\u00a0<\/p>\n<ul>\n<li>Hi\u1ec7u su\u1ea5t cao: T\u1ed1c \u0111\u1ed9 t\u01b0\u1eddng l\u1eeda l\u00ean \u0111\u1ebfn 20 Gbps.<\/li>\n<li>B\u1ea3o m\u1eadt to\u00e0n di\u1ec7n: T\u00edch h\u1ee3p c\u00e1c d\u1ecbch v\u1ee5 b\u1ea3o m\u1eadt AI\/ML c\u1ee7a FortiGuard v\u00e0 n\u1ec1n t\u1ea3ng Security Fabric.<\/li>\n<li>SD-WAN t\u00edch h\u1ee3p: Gi\u1ea3i ph\u00e1p SD-WAN an to\u00e0n v\u00e0 c\u00f3 th\u1ec3 m\u1edf r\u1ed9ng.<\/li>\n<li>Qu\u1ea3n l\u00fd d\u1ec5 d\u00e0ng: Giao di\u1ec7n qu\u1ea3n l\u00fd tr\u1ef1c quan v\u00e0 h\u1ed7 tr\u1ee3 qu\u1ea3n l\u00fd t\u1eeb xa qua FortiCloud.<\/li>\n<li>K\u1ebft n\u1ed1i \u0111a d\u1ea1ng: 22 c\u1ed5ng GE RJ45, 4 c\u1ed5ng GE SFP, v\u00e0 2 c\u1ed5ng 10 GE SFP+<\/li>\n<\/ul>\n<\/ul>","protected":false},"featured_media":13688,"comment_status":"closed","ping_status":"closed","template":"","meta":[],"pwb-brand":[],"product_cat":[2908],"product_tag":[2856,25,2849],"class_list":{"0":"post-13687","1":"product","2":"type-product","3":"status-publish","4":"has-post-thumbnail","6":"product_cat-fortinet","7":"product_tag-firewall","8":"product_tag-man","9":"product_tag-switch","11":"first","12":"instock","13":"shipping-taxable","14":"product-type-simple"},"brands":[],"_links":{"self":[{"href":"https:\/\/serverhot.vn\/hi\/wp-json\/wp\/v2\/product\/13687","targetHints":{"allow":["GET"]}}],"collection":[{"href":"https:\/\/serverhot.vn\/hi\/wp-json\/wp\/v2\/product"}],"about":[{"href":"https:\/\/serverhot.vn\/hi\/wp-json\/wp\/v2\/types\/product"}],"replies":[{"embeddable":true,"href":"https:\/\/serverhot.vn\/hi\/wp-json\/wp\/v2\/comments?post=13687"}],"wp:featuredmedia":[{"embeddable":true,"href":"https:\/\/serverhot.vn\/hi\/wp-json\/wp\/v2\/media\/13688"}],"wp:attachment":[{"href":"https:\/\/serverhot.vn\/hi\/wp-json\/wp\/v2\/media?parent=13687"}],"wp:term":[{"taxonomy":"pwb-brand","embeddable":true,"href":"https:\/\/serverhot.vn\/hi\/wp-json\/wp\/v2\/pwb-brand?post=13687"},{"taxonomy":"product_cat","embeddable":true,"href":"https:\/\/serverhot.vn\/hi\/wp-json\/wp\/v2\/product_cat?post=13687"},{"taxonomy":"product_tag","embeddable":true,"href":"https:\/\/serverhot.vn\/hi\/wp-json\/wp\/v2\/product_tag?post=13687"}],"curies":[{"name":"wp","href":"https:\/\/api.w.org\/{rel}","templated":true}]}}