{"id":13720,"date":"2024-08-09T15:15:14","date_gmt":"2024-08-09T08:15:14","guid":{"rendered":"https:\/\/serverhot.vn\/-product-\/thiet-bi-mang-tp-link-tl-mr100-router-wi-fi-4g-lte-chuan-n-toc-do-300-mbps-ma-san-pham-tl-mr100\/"},"modified":"2024-08-09T15:15:16","modified_gmt":"2024-08-09T08:15:16","slug":"thiet-bi-mang-tp-link-tl-mr100-router-wi-fi-4g-lte-chuan-n-toc-do-300-mbps-ma-san-pham-tl-mr100","status":"publish","type":"product","link":"https:\/\/serverhot.vn\/hi\/-product-\/thiet-bi-mang-tp-link-tl-mr100-router-wi-fi-4g-lte-chuan-n-toc-do-300-mbps-ma-san-pham-tl-mr100\/","title":{"rendered":"Thi\u1ebft b\u1ecb m\u1ea1ng Tp-Link TL-MR100 Router Wi-Fi 4G LTE Chu\u1ea9n N T\u1ed1c \u0110\u1ed9 300 Mbps M\u00e3 s\u1ea3n ph\u1ea9m: TL-MR100"},"content":{"rendered":"<div class=\"showText tabs\" id=\"tab2\">\n                                    <\/div>","protected":false},"excerpt":{"rendered":"<ul>\n<p>Router TP-Link TL-MR100 l\u00e0 m\u1ed9t thi\u1ebft b\u1ecb m\u1ea1ng kh\u00f4ng d\u00e2y t\u00edch h\u1ee3p 4G LTE, h\u1ed7 tr\u1ee3 chu\u1ea9n Wi-Fi 4G LTE v\u00e0 chu\u1ea9n Wi-Fi N v\u1edbi t\u1ed1c \u0111\u1ed9 t\u1ed1i \u0111a 300 Mbps. \u0110\u00e2y l\u00e0 m\u1ed9t l\u1ef1a ch\u1ecdn ph\u1ed5 bi\u1ebfn cho nh\u1eefng ng\u01b0\u1eddi c\u1ea7n k\u1ebft n\u1ed1i Internet di \u0111\u1ed9ng \u1ed5n \u0111\u1ecbnh v\u00e0 d\u1ec5 d\u00e0ng thi\u1ebft l\u1eadp.<\/p>\n<\/ul>","protected":false},"featured_media":13721,"comment_status":"closed","ping_status":"closed","template":"","meta":[],"pwb-brand":[],"product_cat":[2901],"product_tag":[],"class_list":{"0":"post-13720","1":"product","2":"type-product","3":"status-publish","4":"has-post-thumbnail","6":"product_cat-ubiquiti","8":"first","9":"instock","10":"shipping-taxable","11":"product-type-simple"},"brands":[],"_links":{"self":[{"href":"https:\/\/serverhot.vn\/hi\/wp-json\/wp\/v2\/product\/13720","targetHints":{"allow":["GET"]}}],"collection":[{"href":"https:\/\/serverhot.vn\/hi\/wp-json\/wp\/v2\/product"}],"about":[{"href":"https:\/\/serverhot.vn\/hi\/wp-json\/wp\/v2\/types\/product"}],"replies":[{"embeddable":true,"href":"https:\/\/serverhot.vn\/hi\/wp-json\/wp\/v2\/comments?post=13720"}],"wp:featuredmedia":[{"embeddable":true,"href":"https:\/\/serverhot.vn\/hi\/wp-json\/wp\/v2\/media\/13721"}],"wp:attachment":[{"href":"https:\/\/serverhot.vn\/hi\/wp-json\/wp\/v2\/media?parent=13720"}],"wp:term":[{"taxonomy":"pwb-brand","embeddable":true,"href":"https:\/\/serverhot.vn\/hi\/wp-json\/wp\/v2\/pwb-brand?post=13720"},{"taxonomy":"product_cat","embeddable":true,"href":"https:\/\/serverhot.vn\/hi\/wp-json\/wp\/v2\/product_cat?post=13720"},{"taxonomy":"product_tag","embeddable":true,"href":"https:\/\/serverhot.vn\/hi\/wp-json\/wp\/v2\/product_tag?post=13720"}],"curies":[{"name":"wp","href":"https:\/\/api.w.org\/{rel}","templated":true}]}}