{"id":13724,"date":"2024-08-15T20:45:10","date_gmt":"2024-08-15T13:45:10","guid":{"rendered":"https:\/\/serverhot.vn\/-product-\/may-tinh-de-ban-dong-bo-dell-vostro-3020-sff-i713700-16g-512g-core-i7-13700-intel-b660-16gb-ddr4-512gb-ssd-wf_bt-windows-11-home-ma-san-pham-42vt3020sff0002\/"},"modified":"2024-08-15T20:45:13","modified_gmt":"2024-08-15T13:45:13","slug":"may-tinh-de-ban-dong-bo-dell-vostro-3020-sff-i713700-16g-512g-core-i7-13700-intel-b660-16gb-ddr4-512gb-ssd-wf_bt-windows-11-home-ma-san-pham-42vt3020sff0002","status":"publish","type":"product","link":"https:\/\/serverhot.vn\/hi\/-product-\/may-tinh-de-ban-dong-bo-dell-vostro-3020-sff-i713700-16g-512g-core-i7-13700-intel-b660-16gb-ddr4-512gb-ssd-wf_bt-windows-11-home-ma-san-pham-42vt3020sff0002\/","title":{"rendered":"M\u00e1y T\u00ednh \u0110\u1ec3 B\u00e0n \u0110\u1ed3ng B\u1ed9 Dell Vostro 3020 SFF I713700-16G-512G (Core I7 13700\/ Intel B660\/ 16GB DDR4\/ 512GB SSD\/ WF_BT\/ Windows 11 Home) M\u00e3 s\u1ea3n ph\u1ea9m: 42VT3020SFF0002"},"content":{"rendered":"<div class=\"showText tabs\" id=\"tab2\">\n                                    <\/div>","protected":false},"excerpt":{"rendered":"<ul>\n<p>\u202213th Gen Intel(R) Core(TM) i7-13700 processor (16-Core, 24MB Cache, 2.1GHz to\u00a05.1GHz)<\/p>\n<p>\u2022 Mainboard: Intel\u00ae B660 chipset<\/p>\n<p>\u2022 Ram : 16GB (16GB x 1) DDR4, 3200MHz<\/p>\n<p>\u2022 Hard Drive : 512GB M.2 PCIe NVMe Solid State Drive<\/p>\n<p>\u2022 Intel(R) UHD Graphics 770 with shared graphics memory<\/p>\n<p>\u2022 Optical Drive :No Optical Drive<\/p>\n<p>\u2022 Wireless :802.11ac 1&#215;1 WiFi and Bluetooth<\/p>\n<p>\u2022 Dell Optical Mouse &amp; Keyboard\u00a0<\/p>\n<p>\u2022 OS : Windows 11 Home, Single Language English +Office Home &amp; Student 2021<\/p>\n<p>\u2022 Waranty : 1 year ProSupport<\/p>\n<p>\u2022 C\/O :\u00a0 Malaysia<\/p>\n<\/ul>","protected":false},"featured_media":13725,"comment_status":"closed","ping_status":"closed","template":"","meta":[],"pwb-brand":[],"product_cat":[2886],"product_tag":[2852],"class_list":{"0":"post-13724","1":"product","2":"type-product","3":"status-publish","4":"has-post-thumbnail","6":"product_cat-dell-workstation","7":"product_tag-wireless","9":"first","10":"instock","11":"shipping-taxable","12":"product-type-simple"},"brands":[],"_links":{"self":[{"href":"https:\/\/serverhot.vn\/hi\/wp-json\/wp\/v2\/product\/13724","targetHints":{"allow":["GET"]}}],"collection":[{"href":"https:\/\/serverhot.vn\/hi\/wp-json\/wp\/v2\/product"}],"about":[{"href":"https:\/\/serverhot.vn\/hi\/wp-json\/wp\/v2\/types\/product"}],"replies":[{"embeddable":true,"href":"https:\/\/serverhot.vn\/hi\/wp-json\/wp\/v2\/comments?post=13724"}],"wp:featuredmedia":[{"embeddable":true,"href":"https:\/\/serverhot.vn\/hi\/wp-json\/wp\/v2\/media\/13725"}],"wp:attachment":[{"href":"https:\/\/serverhot.vn\/hi\/wp-json\/wp\/v2\/media?parent=13724"}],"wp:term":[{"taxonomy":"pwb-brand","embeddable":true,"href":"https:\/\/serverhot.vn\/hi\/wp-json\/wp\/v2\/pwb-brand?post=13724"},{"taxonomy":"product_cat","embeddable":true,"href":"https:\/\/serverhot.vn\/hi\/wp-json\/wp\/v2\/product_cat?post=13724"},{"taxonomy":"product_tag","embeddable":true,"href":"https:\/\/serverhot.vn\/hi\/wp-json\/wp\/v2\/product_tag?post=13724"}],"curies":[{"name":"wp","href":"https:\/\/api.w.org\/{rel}","templated":true}]}}