{"id":13768,"date":"2024-09-26T01:00:09","date_gmt":"2024-09-25T18:00:09","guid":{"rendered":"https:\/\/serverhot.vn\/-product-\/may-tinh-de-ban-dong-bo-hp-280-pro-g9-sff-9h1t3pt-i7-13700-16gb-ram-512gssd-wlbt-km-win-11sl-ma-san-pham-9h1t3pt\/"},"modified":"2024-09-26T01:00:12","modified_gmt":"2024-09-25T18:00:12","slug":"may-tinh-de-ban-dong-bo-hp-280-pro-g9-sff-9h1t3pt-i7-13700-16gb-ram-512gssd-wlbt-km-win-11sl-ma-san-pham-9h1t3pt","status":"publish","type":"product","link":"https:\/\/serverhot.vn\/hi\/-product-\/may-tinh-de-ban-dong-bo-hp-280-pro-g9-sff-9h1t3pt-i7-13700-16gb-ram-512gssd-wlbt-km-win-11sl-ma-san-pham-9h1t3pt\/","title":{"rendered":"M\u00e1y t\u00ednh \u0111\u1ec3 b\u00e0n \u0111\u1ed3ng b\u1ed9 HP 280 Pro G9 SFF 9H1T3PT ( I7-13700\/16GB RAM \/512GSSD\/WL+BT\/K+M\/WIN 11SL) M\u00e3 s\u1ea3n ph\u1ea9m: 9H1T3PT"},"content":{"rendered":"<div class=\"showText tabs\" id=\"tab2\">\n<div class=\"box_right_pro_view\">\n<div class=\"thongso_pro a_technical\" style=\"max-height: fit-content\">\n<p>B\u1ed9 VXL<span> <\/span>Core i7-13700 (2.1GHz upto 5.1GHz, 16-Core, 24MB Cache,)<\/p>\n<p>Chipset<span> <\/span>Intel H670<\/p>\n<p>B\u1ed9 nh\u1edb RAM<span> <\/span>16GB DDR4 3200<\/p>\n<p>H\u1ed7 tr\u1ee3 RAM t\u1ed1i \u0111a<span> <\/span>Maximum memory<\/p>\n<p>64 GB DDR4-3200 SDRAM<\/p>\n<p>Transfer rates up to 3200 MT\/s.<\/p>\n<p>\u1ed4 c\u1ee9ng<span> <\/span>512Gb SSD<\/p>\n<p>Chu\u1ea9n \u1ed5 c\u1ee9ng<span> <\/span>PCIe NVMe M.2 SSD<\/p>\n<p>Khe g\u1eafn \u1ed5 \u0111\u0129a trong: M\u1ed9t HDD 3,5 inch<\/p>\n<p>Card \u0111\u1ed3 h\u1ecda<span> <\/span>Intel UHD Graphics 770<\/p>\n<p>K\u1ebft n\u1ed1i kh\u00f4ng d\u00e2y<span> <\/span>Wi-Fi + Bluetooth<\/p>\n<p>C\u1ed5ng giao ti\u1ebfp sau<span> <\/span>Rear :<\/p>\n<p>4 USB 2.0 Type-A;<\/p>\n<p>1 HDMI; 1 RJ-45; 1 VGA;<\/p>\n<p>1 power connector;<\/p>\n<p>1 line in;<\/p>\n<p>1 line out;<\/p>\n<p>1 Serial (optional) 7<\/p>\n<p>Khe c\u1eafm m\u1edf r\u1ed9ng<span> <\/span>2 M.2; 1 PCIe 3 x1; 1 PCIe 4 x16 5 6 7 (1 M.2 slot for WLAN and 1 M.2 2242\/2280 slot for storage.)<\/p>\n<p>H\u1ec7 \u0111i\u1ec1u h\u00e0nh<span> <\/span>Windows 11 Home<\/p>\n<p>Ki\u1ec3u d\u00e1ng<span> <\/span>Case \u0111\u1ee9ng nh\u1ecf<\/p>\n<\/p><\/div>\n<p>                            <!--                            <\/p>\n<div class=\"xemthem_id_r\">--><br \/>\n                            <!--                                <a><!--\/show\/?token=--><br \/>\n                            <!--\"--><br \/>\n                            <!--                                   class=\"preview fancybox fancybox.ajax\" rel=\"nofollow\"&gt;Xem th&#234;m th&#244;ng s&#7889; k&#7929; thu&#7853;t<\/a>--><br \/>\n                            <!--                            <\/div>\n<p>-->\n                        <\/p><\/div>\n<\/p><\/div>","protected":false},"excerpt":{"rendered":"<ul>\n<p>Ch\u00edp x\u1eed l\u00fd: Intel Core i7-13700 (2.1GHz upto 5.1GHz, 16-Core, 24MB Cache,)<\/p>\n<p>B\u1ed9 nh\u1edb Ram: 16GB DDR4 3200Mhz (1 x 16GB), 2 khe c\u1eafm Ram<\/p>\n<p>\u1ed4 \u0111\u0129a c\u1ee9ng: 512GB PCIe NVMe M.2 SSD (x1 HDD 3.5&#8243; sata)<\/p>\n<p>Card \u0111\u1ed3 h\u1ecda: Intel UHD Graphics 770<\/p>\n<p>C\u1ed5ng xu\u1ea5t h\u00ecnh: 1 x HDMI, 1 x VGA<\/p>\n<p>\u1ed4 quang: Kh\u00f4ng<\/p>\n<p>Ngu\u1ed3n: 180W<\/p>\n<p>K\u1ebft n\u1ed1i: Lan Gigabit, Wifi + Bluetooth<\/p>\n<p>Ph\u00edm chu\u1ed9t: \u0111i k\u00e8m (USB)<\/p>\n<p>H\u1ec7 \u0111i\u1ec1u h\u00e0nh: Windows 11 Home Single Language<\/p>\n<\/ul>","protected":false},"featured_media":13769,"comment_status":"closed","ping_status":"closed","template":"","meta":[],"pwb-brand":[],"product_cat":[2887],"product_tag":[2841],"class_list":{"0":"post-13768","1":"product","2":"type-product","3":"status-publish","4":"has-post-thumbnail","6":"product_cat-hp","7":"product_tag-hdd","9":"first","10":"instock","11":"shipping-taxable","12":"product-type-simple"},"brands":[],"_links":{"self":[{"href":"https:\/\/serverhot.vn\/hi\/wp-json\/wp\/v2\/product\/13768","targetHints":{"allow":["GET"]}}],"collection":[{"href":"https:\/\/serverhot.vn\/hi\/wp-json\/wp\/v2\/product"}],"about":[{"href":"https:\/\/serverhot.vn\/hi\/wp-json\/wp\/v2\/types\/product"}],"replies":[{"embeddable":true,"href":"https:\/\/serverhot.vn\/hi\/wp-json\/wp\/v2\/comments?post=13768"}],"wp:featuredmedia":[{"embeddable":true,"href":"https:\/\/serverhot.vn\/hi\/wp-json\/wp\/v2\/media\/13769"}],"wp:attachment":[{"href":"https:\/\/serverhot.vn\/hi\/wp-json\/wp\/v2\/media?parent=13768"}],"wp:term":[{"taxonomy":"pwb-brand","embeddable":true,"href":"https:\/\/serverhot.vn\/hi\/wp-json\/wp\/v2\/pwb-brand?post=13768"},{"taxonomy":"product_cat","embeddable":true,"href":"https:\/\/serverhot.vn\/hi\/wp-json\/wp\/v2\/product_cat?post=13768"},{"taxonomy":"product_tag","embeddable":true,"href":"https:\/\/serverhot.vn\/hi\/wp-json\/wp\/v2\/product_tag?post=13768"}],"curies":[{"name":"wp","href":"https:\/\/api.w.org\/{rel}","templated":true}]}}