{"id":14070,"date":"2024-10-14T16:30:11","date_gmt":"2024-10-14T09:30:11","guid":{"rendered":"https:\/\/serverhot.vn\/-product-\/may-tinh-ban-hp-prodesk-400-g9-mt-72k96pa-i3-12100-4gd4-256gssd-wl_bt-kb_m-win11sl-1yr-ma-san-pham-72k96pa\/"},"modified":"2024-10-14T16:30:14","modified_gmt":"2024-10-14T09:30:14","slug":"may-tinh-ban-hp-prodesk-400-g9-mt-72k96pa-i3-12100-4gd4-256gssd-wl_bt-kb_m-win11sl-1yr-ma-san-pham-72k96pa","status":"publish","type":"product","link":"https:\/\/serverhot.vn\/hi\/-product-\/may-tinh-ban-hp-prodesk-400-g9-mt-72k96pa-i3-12100-4gd4-256gssd-wl_bt-kb_m-win11sl-1yr-ma-san-pham-72k96pa\/","title":{"rendered":"M\u00e1y t\u00ednh b\u00e0n HP Prodesk 400 G9 MT 72K96PA ( i3-12100 | 4GD4 | 256GSSD |WL_BT | KB_M | Win11SL | 1yr) M\u00e3 s\u1ea3n ph\u1ea9m: 72K96PA"},"content":{"rendered":"<div class=\"showText tabs\" id=\"tab2\">\n                                    <\/div>","protected":false},"excerpt":{"rendered":"<ul>\n<p>Ch\u00edp x\u1eed l\u00fd: Intel Core i3-12100 (upto 4.3 GHz,12 MB L3 cache,4 cores,8 threads)<\/p>\n<p>B\u1ed9 nh\u1edb Ram: 4GB DDR4 3200MHz (1 x 4GB), 2 khe c\u1eafm Ram<\/p>\n<p>\u1ed4 \u0111\u0129a c\u1ee9ng: 256GB SSD PCIe NVMe (x1 HDD 3.5&#8243; Sata)<\/p>\n<p>Card \u0111\u1ed3 h\u1ecda: Intel UHD Graphics 770<\/p>\n<p>C\u1ed5ng xu\u1ea5t h\u00ecnh: 1x HDMI 1.4; 1x DisplayPort 1.4.<\/p>\n<p>K\u1ebft n\u1ed1i m\u1ea1ng: Langigabit, Wifi + bluetooth<\/p>\n<p>\u1ed4 \u0111\u0129a quang: Kh\u00f4ng<\/p>\n<p>H\u1ec7 \u0111i\u1ec1u h\u00e0nh: Windows 11 Home 64bit<\/p>\n<\/ul>","protected":false},"featured_media":14071,"comment_status":"closed","ping_status":"closed","template":"","meta":[],"pwb-brand":[],"product_cat":[2887],"product_tag":[2841],"class_list":{"0":"post-14070","1":"product","2":"type-product","3":"status-publish","4":"has-post-thumbnail","6":"product_cat-hp","7":"product_tag-hdd","9":"first","10":"instock","11":"shipping-taxable","12":"product-type-simple"},"brands":[],"_links":{"self":[{"href":"https:\/\/serverhot.vn\/hi\/wp-json\/wp\/v2\/product\/14070","targetHints":{"allow":["GET"]}}],"collection":[{"href":"https:\/\/serverhot.vn\/hi\/wp-json\/wp\/v2\/product"}],"about":[{"href":"https:\/\/serverhot.vn\/hi\/wp-json\/wp\/v2\/types\/product"}],"replies":[{"embeddable":true,"href":"https:\/\/serverhot.vn\/hi\/wp-json\/wp\/v2\/comments?post=14070"}],"wp:featuredmedia":[{"embeddable":true,"href":"https:\/\/serverhot.vn\/hi\/wp-json\/wp\/v2\/media\/14071"}],"wp:attachment":[{"href":"https:\/\/serverhot.vn\/hi\/wp-json\/wp\/v2\/media?parent=14070"}],"wp:term":[{"taxonomy":"pwb-brand","embeddable":true,"href":"https:\/\/serverhot.vn\/hi\/wp-json\/wp\/v2\/pwb-brand?post=14070"},{"taxonomy":"product_cat","embeddable":true,"href":"https:\/\/serverhot.vn\/hi\/wp-json\/wp\/v2\/product_cat?post=14070"},{"taxonomy":"product_tag","embeddable":true,"href":"https:\/\/serverhot.vn\/hi\/wp-json\/wp\/v2\/product_tag?post=14070"}],"curies":[{"name":"wp","href":"https:\/\/api.w.org\/{rel}","templated":true}]}}