{"id":14140,"date":"2024-10-15T01:15:12","date_gmt":"2024-10-14T18:15:12","guid":{"rendered":"https:\/\/serverhot.vn\/-product-\/may-tinh-ban-hp-proone-440-g9-aio-i5-12500t8gb-ram256gb-ssddvdrwintel-graphics23-8-ma-san-pham-6m3x8pa\/"},"modified":"2024-10-15T01:15:18","modified_gmt":"2024-10-14T18:15:18","slug":"may-tinh-ban-hp-proone-440-g9-aio-i5-12500t8gb-ram256gb-ssddvdrwintel-graphics23-8-ma-san-pham-6m3x8pa","status":"publish","type":"product","link":"https:\/\/serverhot.vn\/hi\/-product-\/may-tinh-ban-hp-proone-440-g9-aio-i5-12500t8gb-ram256gb-ssddvdrwintel-graphics23-8-ma-san-pham-6m3x8pa\/","title":{"rendered":"M\u00e1y t\u00ednh b\u00e0n HP ProOne 440 G9 AIO i5- 12500T,8GB RAM,256GB SSD,DVDRW,Intel Graphics,23.8 M\u00e3 s\u1ea3n ph\u1ea9m: 6M3X8PA"},"content":{"rendered":"<div class=\"showText tabs\" id=\"tab2\">\n                                    <\/div>","protected":false},"excerpt":{"rendered":"<ul>\n<h2 style=\"font-family: 'Open Sans';font-weight: 400;line-height: 1.4;color: #1d2127;margin: 0px 0px 0.7em;font-size: 1.4286em;letter-spacing: -1px\">M\u00f4 t\u1ea3 s\u1ea3n ph\u1ea9m<\/h2>\n<p style=\"margin: 0px 0px 10px;line-height: 24px;color: #777777;font-family: 'Open Sans';font-size: 14px\">Part Number\u00a06M3X8PA<\/p>\n<p style=\"margin: 0px 0px 10px;line-height: 24px;color: #777777;font-family: 'Open Sans';font-size: 14px\">B\u1ed9 vi x\u1eed l\u00fd\u00a0Intel\u00ae Core\u2122 i5-12500 Processor (3.0 GHz, up to 4.6 GHz w\/Boost, 18 MB cache, 6 core, 65W)<\/p>\n<p style=\"margin: 0px 0px 10px;line-height: 24px;color: #777777;font-family: 'Open Sans';font-size: 14px\">RAM\u00a08GB\u00a0DDR4-3200 SODIMM Memory<\/p>\n<p style=\"margin: 0px 0px 10px;line-height: 24px;color: #777777;font-family: 'Open Sans';font-size: 14px\">\u1ed4 c\u1ee9ng\u00a0256 GB M.2 2280 PCIe NVMe 2nd SSD<\/p>\n<p style=\"margin: 0px 0px 10px;line-height: 24px;color: #777777;font-family: 'Open Sans';font-size: 14px\">VGA\u00a0Intel\u00ae UHD Graphics 770<\/p>\n<p style=\"margin: 0px 0px 10px;line-height: 24px;color: #777777;font-family: 'Open Sans';font-size: 14px\">M\u00e0n h\u00ecnh\u00a0HP ProOne 440 G9 \u2013 23.8\u201d diagonal IPS FHD (1920 x 1080), touch, anti-glare, micro-edge bezel<\/p>\n<p style=\"margin: 0px 0px 10px;line-height: 24px;color: #777777;font-family: 'Open Sans';font-size: 14px\">K\u1ebft n\u1ed1i\u00a0Intel\u00ae Wi-Fi 6E AX211 160MHz + Bluetooth\u00ae 5.2<\/p>\n<p style=\"margin: 0px 0px 10px;line-height: 24px;color: #777777;font-family: 'Open Sans';font-size: 14px\">Tr\u1ecdng l\u01b0\u1ee3ng\u00a0~17.57 lb<\/p>\n<p style=\"margin: 0px 0px 10px;line-height: 24px;color: #777777;font-family: 'Open Sans';font-size: 14px\">Ph\u1ee5 ki\u1ec7n Key &amp; Mouse US<\/p>\n<\/ul>","protected":false},"featured_media":14141,"comment_status":"closed","ping_status":"closed","template":"","meta":[],"pwb-brand":[],"product_cat":[2887],"product_tag":[],"class_list":{"0":"post-14140","1":"product","2":"type-product","3":"status-publish","4":"has-post-thumbnail","6":"product_cat-hp","8":"first","9":"instock","10":"shipping-taxable","11":"product-type-simple"},"brands":[],"_links":{"self":[{"href":"https:\/\/serverhot.vn\/hi\/wp-json\/wp\/v2\/product\/14140","targetHints":{"allow":["GET"]}}],"collection":[{"href":"https:\/\/serverhot.vn\/hi\/wp-json\/wp\/v2\/product"}],"about":[{"href":"https:\/\/serverhot.vn\/hi\/wp-json\/wp\/v2\/types\/product"}],"replies":[{"embeddable":true,"href":"https:\/\/serverhot.vn\/hi\/wp-json\/wp\/v2\/comments?post=14140"}],"wp:featuredmedia":[{"embeddable":true,"href":"https:\/\/serverhot.vn\/hi\/wp-json\/wp\/v2\/media\/14141"}],"wp:attachment":[{"href":"https:\/\/serverhot.vn\/hi\/wp-json\/wp\/v2\/media?parent=14140"}],"wp:term":[{"taxonomy":"pwb-brand","embeddable":true,"href":"https:\/\/serverhot.vn\/hi\/wp-json\/wp\/v2\/pwb-brand?post=14140"},{"taxonomy":"product_cat","embeddable":true,"href":"https:\/\/serverhot.vn\/hi\/wp-json\/wp\/v2\/product_cat?post=14140"},{"taxonomy":"product_tag","embeddable":true,"href":"https:\/\/serverhot.vn\/hi\/wp-json\/wp\/v2\/product_tag?post=14140"}],"curies":[{"name":"wp","href":"https:\/\/api.w.org\/{rel}","templated":true}]}}