{"id":14489,"date":"2024-12-05T15:45:16","date_gmt":"2024-12-05T08:45:16","guid":{"rendered":"https:\/\/serverhot.vn\/-product-\/may-tinh-de-ban-dong-bo-dell-inspiron-3030-tower-intel-core-i5-14400-10-core-20m-cache-up-to-4-6-ghz-1-x-8gb-ddr5-4400mt-s-ssd-512gb-wifi-bt-win11-home-non-dvdrw-180w-psu-1-year-warran\/"},"modified":"2024-12-05T15:45:18","modified_gmt":"2024-12-05T08:45:18","slug":"may-tinh-de-ban-dong-bo-dell-inspiron-3030-tower-intel-core-i5-14400-10-core-20m-cache-up-to-4-6-ghz-1-x-8gb-ddr5-4400mt-s-ssd-512gb-wifi-bt-win11-home-non-dvdrw-180w-psu-1-year-warran","status":"publish","type":"product","link":"https:\/\/serverhot.vn\/hi\/-product-\/may-tinh-de-ban-dong-bo-dell-inspiron-3030-tower-intel-core-i5-14400-10-core-20m-cache-up-to-4-6-ghz-1-x-8gb-ddr5-4400mt-s-ssd-512gb-wifi-bt-win11-home-non-dvdrw-180w-psu-1-year-warran\/","title":{"rendered":"M\u00e1y t\u00ednh \u0111\u1ec3 b\u00e0n \u0111\u1ed3ng b\u1ed9 Dell Inspiron 3030 Tower Intel Core i5 &#8211; 14400 (10 core, 20M cache, Up to 4.6 Ghz ), 1 x 8Gb DDR5 4400MT\/s, SSD 512Gb, Wifi + BT, Win11 Home, Non DVDRW, 180W PSU, 1 year warranty M\u00e3 s\u1ea3n ph\u1ea9m: T6FDR1"},"content":{"rendered":"<div class=\"showText tabs\" id=\"tab2\">\n                                    <\/div>","protected":false},"excerpt":{"rendered":"<ul>\n<ul>\n<li>Ch\u00edp x\u1eed l\u00fd: Intel Core i5 &#8211; 14400 (10 core, 20M cache, Up to 4.6 Ghz )<\/li>\n<li>B\u1ed9 nh\u1edb Ram: 8GB DDR5 4400MHz &#8211; max 64GB<\/li>\n<li>\u1ed4 \u0111\u0129a c\u1ee9ng: 512GB SSD PCIe NVMe (x1 HDD 3.5&#8243; sata)<\/li>\n<li>\u1ed4 \u0111\u0129a quang: Kh\u00f4ng<\/li>\n<li>K\u1ebft n\u1ed1i m\u1ea1ng: Lan Gigabit, Wifi + Bluetooth<\/li>\n<li>Ngu\u1ed3n: 180w<\/li>\n<li>H\u1ec7 \u0111i\u1ec1u h\u00e0nh: Windows 11 Home 64bit<\/li>\n<\/ul>\n<\/ul>","protected":false},"featured_media":14490,"comment_status":"closed","ping_status":"closed","template":"","meta":[],"pwb-brand":[],"product_cat":[2886],"product_tag":[2841],"class_list":{"0":"post-14489","1":"product","2":"type-product","3":"status-publish","4":"has-post-thumbnail","6":"product_cat-dell-workstation","7":"product_tag-hdd","9":"first","10":"instock","11":"shipping-taxable","12":"product-type-simple"},"brands":[],"_links":{"self":[{"href":"https:\/\/serverhot.vn\/hi\/wp-json\/wp\/v2\/product\/14489","targetHints":{"allow":["GET"]}}],"collection":[{"href":"https:\/\/serverhot.vn\/hi\/wp-json\/wp\/v2\/product"}],"about":[{"href":"https:\/\/serverhot.vn\/hi\/wp-json\/wp\/v2\/types\/product"}],"replies":[{"embeddable":true,"href":"https:\/\/serverhot.vn\/hi\/wp-json\/wp\/v2\/comments?post=14489"}],"wp:featuredmedia":[{"embeddable":true,"href":"https:\/\/serverhot.vn\/hi\/wp-json\/wp\/v2\/media\/14490"}],"wp:attachment":[{"href":"https:\/\/serverhot.vn\/hi\/wp-json\/wp\/v2\/media?parent=14489"}],"wp:term":[{"taxonomy":"pwb-brand","embeddable":true,"href":"https:\/\/serverhot.vn\/hi\/wp-json\/wp\/v2\/pwb-brand?post=14489"},{"taxonomy":"product_cat","embeddable":true,"href":"https:\/\/serverhot.vn\/hi\/wp-json\/wp\/v2\/product_cat?post=14489"},{"taxonomy":"product_tag","embeddable":true,"href":"https:\/\/serverhot.vn\/hi\/wp-json\/wp\/v2\/product_tag?post=14489"}],"curies":[{"name":"wp","href":"https:\/\/api.w.org\/{rel}","templated":true}]}}