{"id":14538,"date":"2024-12-24T07:52:11","date_gmt":"2024-12-24T00:52:11","guid":{"rendered":"https:\/\/serverhot.vn\/vi\/-product-\/camera-ip-4mp-dahua-dh-ipc-hfw1431sp-s4-ma-san-pham-dh-ipc-hfw1431sp-s4\/"},"modified":"2024-12-24T07:52:13","modified_gmt":"2024-12-24T00:52:13","slug":"camera-ip-4mp-dahua-dh-ipc-hfw1431sp-s4-ma-san-pham-dh-ipc-hfw1431sp-s4","status":"publish","type":"product","link":"https:\/\/serverhot.vn\/hi\/-product-\/camera-ip-4mp-dahua-dh-ipc-hfw1431sp-s4-ma-san-pham-dh-ipc-hfw1431sp-s4\/","title":{"rendered":"Camera IP 4MP Dahua DH-IPC-HFW1431SP-S4 M\u00e3 s\u1ea3n ph\u1ea9m: DH-IPC-HFW1431SP-S4"},"content":{"rendered":"<div class=\"showText tabs\" id=\"tab2\">\n<div class=\"box_right_pro_view\">\n<div class=\"thongso_pro a_technical\" style=\"max-height: fit-content\">\n<p>\u2013 \u0110\u1ed9 ph\u00e2n gi\u1ea3i 4 Megapixel.<\/p>\n<p>\u2013 C\u1ea3m bi\u1ebfn CMOS k\u00edch th\u01b0\u1edbc 1\/3\u201d.<\/p>\n<p>\u2013 20fps@4M(2688\u00d71520) &amp; 25\/30fps@4M(2560\u00d71440) .<\/p>\n<p>\u2013 H\u1ed7 tr\u1ee3 m\u00e3 h\u00f3a 2 lu\u1ed3ng v\u1edbi \u0111\u1ecbnh d\u1ea1ng H.265+ v\u00e0 H.265.<\/p>\n<p>\u2013 Camera ngo\u00e0i tr\u1eddi \u1ed1ng k\u00ednh c\u1ed1 \u0111\u1ecbnh 3.6mm.<\/p>\n<p>\u2013 T\u1ea7m xa h\u1ed3ng ngo\u1ea1i 30m v\u1edbi c\u00f4ng ngh\u1ec7 h\u1ed3ng ngo\u1ea1i th\u00f4ng minh.<\/p>\n<p>\u2013 Ch\u1ed1ng ng\u01b0\u1ee3c s\u00e1ng th\u1ef1c WDR(120dB).<\/p>\n<p>\u2013 Ch\u1ebf \u0111\u1ed9 ng\u00e0y \u0111\u00eam (ICR), t\u1ef1 \u0111\u1ed9ng c\u00e2n b\u1eb1ng tr\u1eafng (AWB), t\u1ef1 \u0111\u1ed9ng b\u00f9 s\u00e1ng (AGC), ch\u1ed1ng ng\u01b0\u1ee3c s\u00e1ng(BLC), ch\u1ed1ng nhi\u1ec5u (3DNR).<\/p>\n<p>\u2013 H\u1ed7 tr\u1ee3 xem h\u00ecnh b\u1eb1ng nhi\u1ec1u c\u00f4ng c\u1ee5: Web, ph\u1ea7n m\u1ec1m CMS (DSS\/PSS) v\u00e0 DMSS.<\/p>\n<p>\u2013 Chu\u1ea9n t\u01b0\u01a1ng th\u00edch Onvif 2.4.<\/p>\n<p>\u2013 Camera Dahua chu\u1ea9n ch\u1ed1ng n\u01b0\u1edbc IP67.<\/p>\n<p>\u2013 \u0110i\u1ec7n \u00e1p DC12V ho\u1eb7c PoE (802.3af), c\u00f4ng su\u1ea5t 6W.<\/p>\n<p>\u2013 Nhi\u1ec7t \u0111\u1ed9 ho\u1ea1t \u0111\u1ed9ng : -30\u00b0 C ~ +60\u00b0 C.<\/p>\n<p>\u2013 Ch\u1ea5t li\u1ec7u kim lo\u1ea1i.<\/p>\n<p>\u2013 B\u1ea3o h\u00e0nh: 24 th\u00e1ng<\/p>\n<p>\u2013 Xu\u1ea5t x\u1ee9 Trung Qu\u1ed1c<\/p>\n<\/p><\/div>\n<p>                            <!--                            <\/p>\n<div class=\"xemthem_id_r\">--><br \/>\n                            <!--                                <a><!--\/show\/?token=--><br \/>\n                            <!--\"--><br \/>\n                            <!--                                   class=\"preview fancybox fancybox.ajax\" rel=\"nofollow\"&gt;Xem th&#234;m th&#244;ng s&#7889; k&#7929; thu&#7853;t<\/a>--><br \/>\n                            <!--                            <\/div>\n<p>-->\n                        <\/p><\/div>\n<\/p><\/div>","protected":false},"excerpt":{"rendered":"<ul>\n<p>\u2013 \u0110\u1ed9 ph\u00e2n gi\u1ea3i 4 Megapixel.<\/p>\n<p>\u2013 \u1ed0ng k\u00ednh c\u1ed1 \u0111\u1ecbnh 3.6mm.<\/p>\n<p>\u2013 T\u1ea7m xa h\u1ed3ng ngo\u1ea1i 30m.<\/p>\n<p>\u2013 Ch\u1ed1ng ng\u01b0\u1ee3c s\u00e1ng th\u1ef1c WDR(120dB).<\/p>\n<p>\u2013 Chu\u1ea9n t\u01b0\u01a1ng th\u00edch Onvif 2.4.<\/p>\n<p>\u2013 Chu\u1ea9n ch\u1ed1ng n\u01b0\u1edbc IP67.<\/p>\n<\/ul>","protected":false},"featured_media":14539,"comment_status":"closed","ping_status":"closed","template":"","meta":[],"pwb-brand":[],"product_cat":[2911],"product_tag":[55],"class_list":{"0":"post-14538","1":"product","2":"type-product","3":"status-publish","4":"has-post-thumbnail","6":"product_cat-thiet-bi-camera","7":"product_tag-run","9":"first","10":"instock","11":"shipping-taxable","12":"product-type-simple"},"brands":[],"_links":{"self":[{"href":"https:\/\/serverhot.vn\/hi\/wp-json\/wp\/v2\/product\/14538","targetHints":{"allow":["GET"]}}],"collection":[{"href":"https:\/\/serverhot.vn\/hi\/wp-json\/wp\/v2\/product"}],"about":[{"href":"https:\/\/serverhot.vn\/hi\/wp-json\/wp\/v2\/types\/product"}],"replies":[{"embeddable":true,"href":"https:\/\/serverhot.vn\/hi\/wp-json\/wp\/v2\/comments?post=14538"}],"wp:featuredmedia":[{"embeddable":true,"href":"https:\/\/serverhot.vn\/hi\/wp-json\/wp\/v2\/media\/14539"}],"wp:attachment":[{"href":"https:\/\/serverhot.vn\/hi\/wp-json\/wp\/v2\/media?parent=14538"}],"wp:term":[{"taxonomy":"pwb-brand","embeddable":true,"href":"https:\/\/serverhot.vn\/hi\/wp-json\/wp\/v2\/pwb-brand?post=14538"},{"taxonomy":"product_cat","embeddable":true,"href":"https:\/\/serverhot.vn\/hi\/wp-json\/wp\/v2\/product_cat?post=14538"},{"taxonomy":"product_tag","embeddable":true,"href":"https:\/\/serverhot.vn\/hi\/wp-json\/wp\/v2\/product_tag?post=14538"}],"curies":[{"name":"wp","href":"https:\/\/api.w.org\/{rel}","templated":true}]}}